{"id":17912,"date":"2026-02-27T00:37:12","date_gmt":"2026-02-27T00:37:12","guid":{"rendered":"https:\/\/nordicmart.andreevmaster.com\/product\/step2-laguna-tvavanings-sandlada-med-vattenbord\/"},"modified":"2026-02-27T08:26:21","modified_gmt":"2026-02-27T08:26:21","slug":"step2-laguna-tvavanings-sandlada-med-vattenbord","status":"publish","type":"product","link":"https:\/\/nordicmart.andreevmaster.com\/sv\/produkt\/step2-laguna-tvavanings-sandlada-med-vattenbord\/","title":{"rendered":"STEP2 Laguna tv\u00e5v\u00e5nings sandl\u00e5da med vattenbord"},"content":{"rendered":"<p>Step2 Laguna vattenbord i tv\u00e5 niv\u00e5er<\/p>\n<p>Egenskaper: \u2022 M\u00f6jlighet att skapa ett vattenfall. \u2022 Med hj\u00e4lp av havsdjur kan vi bes\u00f6ka sj\u00f6jungfruns lagun eller simma med delfiner. \u2022 Vattensnurra i form av en sj\u00f6stj\u00e4rna. \u2022 Vi kan anv\u00e4nda ris, b\u00f6nor eller torr pasta f\u00f6r sensorisk lek. \u2022 Paraply ing\u00e5r. \u2022 Lekredskap ing\u00e5r: sil, hoppbr\u00e4da, vattenbr\u00e4da, 3 koppar, 4 figurer, sj\u00f6stj\u00e4rnformad vattenhjul. \u2022 Den \u00f6vre tanken rymmer 7,57 liter vatten, den nedre tanken rymmer 11,30 liter vatten. \u2022 L\u00e4tt att montera. M\u00e5tt: 43,5 x 110 x 63,5 cm, (med paraply) 52,5 x 157,5 x 110 cm. F\u00f6rpackningens m\u00e5tt: 64,5 x 32,5 x 77 cm. Vikt: 8,2 kg. Fr\u00e5n 2 \u00e5rs \u00e5lder.<\/p>\n<p>Step2 \u2013 kvalitet f\u00f6rst, fantastiska leksaker sedan! Om du letar efter kvalitet och s\u00e4kerhet n\u00e4r du v\u00e4ljer leksaker till ditt barn, kommer det breda utbudet av fantastiska leksaker fr\u00e5n det amerikanska f\u00f6retaget Step2 s\u00e4kert att uppfylla f\u00f6rv\u00e4ntningarna hos barn, f\u00f6r\u00e4ldrar, daghem, f\u00f6rskolor och andra utbildningsinstitutioner. Step2 har tillverkat de b\u00e4sta leksakerna i USA i \u00e5rtionden! Sortimentet omfattar sandl\u00e5dor, tr\u00e4dg\u00e5rdshus, lekplatser, verkst\u00e4der, \u00e5kleksaker, k\u00f6k och barnm\u00f6bler.<\/p>\n","protected":false},"excerpt":{"rendered":"<p>Step2 Laguna vattenbord i tv\u00e5 niv\u00e5er Egenskaper: \u2022 M\u00f6jlighet att skapa ett vattenfall. \u2022 Med hj\u00e4lp av havsdjur kan vi bes\u00f6ka sj\u00f6jungfruns lagun eller simma med delfiner. \u2022 Vattensnurra i form av en sj\u00f6stj\u00e4rna. \u2022 Vi kan anv\u00e4nda ris, b\u00f6nor eller torr pasta f\u00f6r sensorisk lek. \u2022 Paraply ing\u00e5r. \u2022 Lekredskap ing\u00e5r: sil, hoppbr\u00e4da, vattenbr\u00e4da, [&hellip;]<\/p>\n","protected":false},"featured_media":0,"comment_status":"open","ping_status":"closed","template":"","meta":[],"product_brand":[],"product_cat":[33],"product_tag":[],"class_list":{"0":"post-17912","1":"product","2":"type-product","3":"status-publish","5":"product_cat-okategoriserad","7":"first","8":"instock","9":"shipping-taxable","10":"purchasable","11":"product-type-simple"},"_links":{"self":[{"href":"https:\/\/nordicmart.andreevmaster.com\/sv\/wp-json\/wp\/v2\/product\/17912","targetHints":{"allow":["GET"]}}],"collection":[{"href":"https:\/\/nordicmart.andreevmaster.com\/sv\/wp-json\/wp\/v2\/product"}],"about":[{"href":"https:\/\/nordicmart.andreevmaster.com\/sv\/wp-json\/wp\/v2\/types\/product"}],"replies":[{"embeddable":true,"href":"https:\/\/nordicmart.andreevmaster.com\/sv\/wp-json\/wp\/v2\/comments?post=17912"}],"wp:attachment":[{"href":"https:\/\/nordicmart.andreevmaster.com\/sv\/wp-json\/wp\/v2\/media?parent=17912"}],"wp:term":[{"taxonomy":"product_brand","embeddable":true,"href":"https:\/\/nordicmart.andreevmaster.com\/sv\/wp-json\/wp\/v2\/product_brand?post=17912"},{"taxonomy":"product_cat","embeddable":true,"href":"https:\/\/nordicmart.andreevmaster.com\/sv\/wp-json\/wp\/v2\/product_cat?post=17912"},{"taxonomy":"product_tag","embeddable":true,"href":"https:\/\/nordicmart.andreevmaster.com\/sv\/wp-json\/wp\/v2\/product_tag?post=17912"}],"curies":[{"name":"wp","href":"https:\/\/api.w.org\/{rel}","templated":true}]}}