{"id":17911,"date":"2026-02-27T00:37:12","date_gmt":"2026-02-27T00:37:12","guid":{"rendered":"https:\/\/nordicmart.andreevmaster.com\/product\/step2-berg-och-dalbana-med-rod-akleksak\/"},"modified":"2026-02-27T08:26:21","modified_gmt":"2026-02-27T08:26:21","slug":"step2-berg-och-dalbana-med-rod-akleksak","status":"publish","type":"product","link":"https:\/\/nordicmart.andreevmaster.com\/sv\/produkt\/step2-berg-och-dalbana-med-rod-akleksak\/","title":{"rendered":"STEP2 Berg-och dalbana med r\u00f6d \u00e5kleksak"},"content":{"rendered":"<p>* &#8211; 2 upps\u00e4ttningar halkfria steg l\u00e5ses s\u00e4kert fast i en 3-delad skena, vilket ger tillg\u00e5ng till plattformen fr\u00e5n b\u00e5da sidor.<br \/>\n* &#8211; F\u00f6rdjupningar h\u00e5ller vagnen p\u00e5 plats tills barnen \u00e4r redo att \u00e5ka.<br \/>\n* &#8211; Berg- och dalbanevagnen har ett h\u00f6gt ryggst\u00f6d, handr\u00e4cke och fotst\u00f6d f\u00f6r en s\u00e4ker \u00e5ktur.* &#8211; L\u00e4tt att reng\u00f6ra: anv\u00e4nd desinfektionsservetter eller hush\u00e5llsreng\u00f6ringsmedel n\u00e4r du vill!<br \/>\n* &#8211; Minimal montering kr\u00e4vs av en vuxen.<br \/>\n* &#8211; Paketet inneh\u00e5ller: 3-delad \u00e5kbanan, berg-och dalbana, plattformsteg.<\/p>\n<p>Step2 \u2013 kvalitet f\u00f6rst, fantastiska leksaker sedan! Om du prioriterar kvalitet och s\u00e4kerhet n\u00e4r du v\u00e4ljer leksaker till ditt barn kommer hela sortimentet av fantastiska leksaker fr\u00e5n det amerikanska f\u00f6retaget Step2 garanterat att uppfylla f\u00f6rv\u00e4ntningarna hos barn, f\u00f6r\u00e4ldrar, daghem, f\u00f6rskolor och andra utbildningsinstitutioner. Step2 har tillverkat de b\u00e4sta leksakerna i USA i \u00e5rtionden! Sortimentet omfattar sandl\u00e5dor, tr\u00e4dg\u00e5rdshus, lekplatser, verkst\u00e4der, \u00e5kleksaker, k\u00f6k och barnm\u00f6bler.<\/p>\n","protected":false},"excerpt":{"rendered":"<p>* &#8211; 2 upps\u00e4ttningar halkfria steg l\u00e5ses s\u00e4kert fast i en 3-delad skena, vilket ger tillg\u00e5ng till plattformen fr\u00e5n b\u00e5da sidor. * &#8211; F\u00f6rdjupningar h\u00e5ller vagnen p\u00e5 plats tills barnen \u00e4r redo att \u00e5ka. * &#8211; Berg- och dalbanevagnen har ett h\u00f6gt ryggst\u00f6d, handr\u00e4cke och fotst\u00f6d f\u00f6r en s\u00e4ker \u00e5ktur.* &#8211; L\u00e4tt att reng\u00f6ra: anv\u00e4nd [&hellip;]<\/p>\n","protected":false},"featured_media":0,"comment_status":"open","ping_status":"closed","template":"","meta":[],"product_brand":[],"product_cat":[33],"product_tag":[],"class_list":{"0":"post-17911","1":"product","2":"type-product","3":"status-publish","5":"product_cat-okategoriserad","7":"first","8":"instock","9":"shipping-taxable","10":"purchasable","11":"product-type-simple"},"_links":{"self":[{"href":"https:\/\/nordicmart.andreevmaster.com\/sv\/wp-json\/wp\/v2\/product\/17911","targetHints":{"allow":["GET"]}}],"collection":[{"href":"https:\/\/nordicmart.andreevmaster.com\/sv\/wp-json\/wp\/v2\/product"}],"about":[{"href":"https:\/\/nordicmart.andreevmaster.com\/sv\/wp-json\/wp\/v2\/types\/product"}],"replies":[{"embeddable":true,"href":"https:\/\/nordicmart.andreevmaster.com\/sv\/wp-json\/wp\/v2\/comments?post=17911"}],"wp:attachment":[{"href":"https:\/\/nordicmart.andreevmaster.com\/sv\/wp-json\/wp\/v2\/media?parent=17911"}],"wp:term":[{"taxonomy":"product_brand","embeddable":true,"href":"https:\/\/nordicmart.andreevmaster.com\/sv\/wp-json\/wp\/v2\/product_brand?post=17911"},{"taxonomy":"product_cat","embeddable":true,"href":"https:\/\/nordicmart.andreevmaster.com\/sv\/wp-json\/wp\/v2\/product_cat?post=17911"},{"taxonomy":"product_tag","embeddable":true,"href":"https:\/\/nordicmart.andreevmaster.com\/sv\/wp-json\/wp\/v2\/product_tag?post=17911"}],"curies":[{"name":"wp","href":"https:\/\/api.w.org\/{rel}","templated":true}]}}