{"id":17910,"date":"2026-02-27T00:37:12","date_gmt":"2026-02-27T00:37:12","guid":{"rendered":"https:\/\/nordicmart.andreevmaster.com\/product\/step2-waterfall-discovery-wall-little-explorer-2\/"},"modified":"2026-02-27T08:26:20","modified_gmt":"2026-02-27T08:26:20","slug":"step2-waterfall-discovery-wall-little-explorer-2","status":"publish","type":"product","link":"https:\/\/nordicmart.andreevmaster.com\/sv\/produkt\/step2-waterfall-discovery-wall-little-explorer-2\/","title":{"rendered":"STEP2 Waterfall Discovery Wall\u2122 Little Explorer"},"content":{"rendered":"<p>Waterfall Discovery Wall\u2122 \u00e4r ett underbart vattenlekset och en exklusiv produkt fr\u00e5n Step2. Den dubbelsidiga berget med vattenfall levereras med 13 olika tillbeh\u00f6r, vilket garanterar mycket skoj f\u00f6r hela familjen. Barnen kan njuta av fullst\u00e4ndig frihet, eftersom varje del av vattenlabyrinten kan flyttas till en annan plats f\u00f6r att skapa egna konstruktioner. Sm\u00e5 uppt\u00e4cktsresande kommer att \u00e4lska att se vattnet rinna genom hindren. Hela setet \u00e4r tillverkat i USA av plast av h\u00f6gsta kvalitet. Vattenbordet inkluderar ett 13-delars tillbeh\u00f6rsset. Vikt: 5,4 kg Step2 \u2013 kvalitet f\u00f6rst, fantastiska leksaker sedan! Om du letar efter kvalitet och s\u00e4kerhet n\u00e4r du v\u00e4ljer leksaker till ditt barn, kommer hela sortimentet av fantastiska leksaker fr\u00e5n det amerikanska f\u00f6retaget Step2 s\u00e4kert att uppfylla f\u00f6rv\u00e4ntningarna hos barn, f\u00f6r\u00e4ldrar, daghem, f\u00f6rskolor och andra utbildningsinstitutioner. Step2 har tillverkat de b\u00e4sta leksakerna i USA i \u00e5rtionden! Sortimentet omfattar sandl\u00e5dor, tr\u00e4dg\u00e5rdshus, lekplatser, verkst\u00e4der, \u00e5kleksaker, k\u00f6k och barnm\u00f6bler.<\/p>\n","protected":false},"excerpt":{"rendered":"<p>Waterfall Discovery Wall\u2122 \u00e4r ett underbart vattenlekset och en exklusiv produkt fr\u00e5n Step2. Den dubbelsidiga berget med vattenfall levereras med 13 olika tillbeh\u00f6r, vilket garanterar mycket skoj f\u00f6r hela familjen. Barnen kan njuta av fullst\u00e4ndig frihet, eftersom varje del av vattenlabyrinten kan flyttas till en annan plats f\u00f6r att skapa egna konstruktioner. Sm\u00e5 uppt\u00e4cktsresande kommer [&hellip;]<\/p>\n","protected":false},"featured_media":0,"comment_status":"open","ping_status":"closed","template":"","meta":[],"product_brand":[],"product_cat":[33],"product_tag":[],"class_list":{"0":"post-17910","1":"product","2":"type-product","3":"status-publish","5":"product_cat-okategoriserad","7":"first","8":"instock","9":"shipping-taxable","10":"purchasable","11":"product-type-simple"},"_links":{"self":[{"href":"https:\/\/nordicmart.andreevmaster.com\/sv\/wp-json\/wp\/v2\/product\/17910","targetHints":{"allow":["GET"]}}],"collection":[{"href":"https:\/\/nordicmart.andreevmaster.com\/sv\/wp-json\/wp\/v2\/product"}],"about":[{"href":"https:\/\/nordicmart.andreevmaster.com\/sv\/wp-json\/wp\/v2\/types\/product"}],"replies":[{"embeddable":true,"href":"https:\/\/nordicmart.andreevmaster.com\/sv\/wp-json\/wp\/v2\/comments?post=17910"}],"wp:attachment":[{"href":"https:\/\/nordicmart.andreevmaster.com\/sv\/wp-json\/wp\/v2\/media?parent=17910"}],"wp:term":[{"taxonomy":"product_brand","embeddable":true,"href":"https:\/\/nordicmart.andreevmaster.com\/sv\/wp-json\/wp\/v2\/product_brand?post=17910"},{"taxonomy":"product_cat","embeddable":true,"href":"https:\/\/nordicmart.andreevmaster.com\/sv\/wp-json\/wp\/v2\/product_cat?post=17910"},{"taxonomy":"product_tag","embeddable":true,"href":"https:\/\/nordicmart.andreevmaster.com\/sv\/wp-json\/wp\/v2\/product_tag?post=17910"}],"curies":[{"name":"wp","href":"https:\/\/api.w.org\/{rel}","templated":true}]}}