{"id":17909,"date":"2026-02-27T00:37:12","date_gmt":"2026-02-27T00:37:12","guid":{"rendered":"https:\/\/nordicmart.andreevmaster.com\/product\/step2-torn-med-gungor-lekplatsrutschkana\/"},"modified":"2026-02-27T08:26:20","modified_gmt":"2026-02-27T08:26:20","slug":"step2-torn-med-gungor-lekplatsrutschkana","status":"publish","type":"product","link":"https:\/\/nordicmart.andreevmaster.com\/sv\/produkt\/step2-torn-med-gungor-lekplatsrutschkana\/","title":{"rendered":"STEP2 Torn med gungor Lekplatsrutschkana"},"content":{"rendered":"<p>Denna klassiska lekplats med unik design kommer att gl\u00e4dja alla barn och uppmuntra dem att tillbringa tid utomhus. Denna multifunktionella, stabila och \u00f6verraskningsrika lekplats l\u00e5ter barnen uppleva sp\u00e4nningen i idrott, ger dem n\u00f6dv\u00e4ndig motion och utvecklar deras fysiska kondition samtidigt som s\u00e4kerhetsreglerna f\u00f6ljs. <\/p>\n<p>Egenskaper: <\/p>\n<p>* &#8211; Lekplatsen inneh\u00e5ller: en 130 cm l\u00e5ng stege och rutschkana, tv\u00e5 gungor och ett ratt.<br \/>\n* &#8211; Maximal vikt per gunga: 27 kg.<br \/>\n* &#8211; Tv\u00e5 gungor av starkt, flexibelt gummi garanterar s\u00e4ker gungning f\u00f6r b\u00e5de yngre och \u00e4ldre barn.<br \/>\n* &#8211; Slitstarka, dubbla plastv\u00e4ggar kr\u00e4ver inte tidskr\u00e4vande och komplicerat underh\u00e5ll.<br \/>\n* &#8211; L\u00e4tt att montera.<\/p>\n<p>Step2 \u2013 kvalitet f\u00f6rst, fantastiska leksaker sedan! Om du letar efter kvalitet och s\u00e4kerhet n\u00e4r du v\u00e4ljer leksaker till ditt barn, kommer hela sortimentet av fantastiska leksaker fr\u00e5n det amerikanska f\u00f6retaget Step2 s\u00e4kert att uppfylla f\u00f6rv\u00e4ntningarna hos barn, f\u00f6r\u00e4ldrar, daghem, f\u00f6rskolor och andra utbildningsinstitutioner. Step2 har tillverkat de b\u00e4sta leksakerna i USA i \u00e5rtionden! Sortimentet omfattar sandl\u00e5dor, tr\u00e4dg\u00e5rdshus, lekplatser, verkst\u00e4der, \u00e5kleksaker, k\u00f6k och barnm\u00f6bler.<\/p>\n","protected":false},"excerpt":{"rendered":"<p>Denna klassiska lekplats med unik design kommer att gl\u00e4dja alla barn och uppmuntra dem att tillbringa tid utomhus. Denna multifunktionella, stabila och \u00f6verraskningsrika lekplats l\u00e5ter barnen uppleva sp\u00e4nningen i idrott, ger dem n\u00f6dv\u00e4ndig motion och utvecklar deras fysiska kondition samtidigt som s\u00e4kerhetsreglerna f\u00f6ljs. Egenskaper: * &#8211; Lekplatsen inneh\u00e5ller: en 130 cm l\u00e5ng stege och rutschkana, [&hellip;]<\/p>\n","protected":false},"featured_media":0,"comment_status":"open","ping_status":"closed","template":"","meta":[],"product_brand":[],"product_cat":[33],"product_tag":[],"class_list":{"0":"post-17909","1":"product","2":"type-product","3":"status-publish","5":"product_cat-okategoriserad","7":"first","8":"instock","9":"shipping-taxable","10":"purchasable","11":"product-type-simple"},"_links":{"self":[{"href":"https:\/\/nordicmart.andreevmaster.com\/sv\/wp-json\/wp\/v2\/product\/17909","targetHints":{"allow":["GET"]}}],"collection":[{"href":"https:\/\/nordicmart.andreevmaster.com\/sv\/wp-json\/wp\/v2\/product"}],"about":[{"href":"https:\/\/nordicmart.andreevmaster.com\/sv\/wp-json\/wp\/v2\/types\/product"}],"replies":[{"embeddable":true,"href":"https:\/\/nordicmart.andreevmaster.com\/sv\/wp-json\/wp\/v2\/comments?post=17909"}],"wp:attachment":[{"href":"https:\/\/nordicmart.andreevmaster.com\/sv\/wp-json\/wp\/v2\/media?parent=17909"}],"wp:term":[{"taxonomy":"product_brand","embeddable":true,"href":"https:\/\/nordicmart.andreevmaster.com\/sv\/wp-json\/wp\/v2\/product_brand?post=17909"},{"taxonomy":"product_cat","embeddable":true,"href":"https:\/\/nordicmart.andreevmaster.com\/sv\/wp-json\/wp\/v2\/product_cat?post=17909"},{"taxonomy":"product_tag","embeddable":true,"href":"https:\/\/nordicmart.andreevmaster.com\/sv\/wp-json\/wp\/v2\/product_tag?post=17909"}],"curies":[{"name":"wp","href":"https:\/\/api.w.org\/{rel}","templated":true}]}}