{"id":17908,"date":"2026-02-27T00:37:11","date_gmt":"2026-02-27T00:37:11","guid":{"rendered":"https:\/\/nordicmart.andreevmaster.com\/product\/step2-picknickbord-med-parasoll-och-bankar\/"},"modified":"2026-02-27T08:26:20","modified_gmt":"2026-02-27T08:26:20","slug":"step2-picknickbord-med-parasoll-och-bankar","status":"publish","type":"product","link":"https:\/\/nordicmart.andreevmaster.com\/sv\/produkt\/step2-picknickbord-med-parasoll-och-bankar\/","title":{"rendered":"STEP2 Picknickbord med parasoll och b\u00e4nkar"},"content":{"rendered":"<p>Picknickbord f\u00f6r sex barn med tv\u00e5 b\u00e4nkar med specialformade sittplatser. Tillverkat av solid plast med dubbla v\u00e4ggar fyllda med luft. Elementens betydande tjocklek, minst 5-6 cm, m\u00f6jligg\u00f6r l\u00e5ngvarig anv\u00e4ndning av bordet, och den stora, \u00f6ver 100 cm l\u00e5nga och 50 cm breda solida bordsskivan och den stabila bordskonstruktionen garanterar s\u00e4ker lek. Det medf\u00f6ljande paraplyet skyddar mot UV-str\u00e5lning. H\u00f6jden fr\u00e5n marken till bordsskivan \u00e4r minst 50 cm, vilket g\u00f6r att barn av olika l\u00e4ngd kan anv\u00e4nda bordet.<\/p>\n<p>Vikt: 16 kg<\/p>\n<p>Maximalt antal anv\u00e4ndare: 6 personer. Maximal totalvikt: 135 kg. Maximal barnvikt: 22,5 kg.<\/p>\n<p>Step2 \u2013 kvalitet f\u00f6rst, fantastiska leksaker sedan! Om du prioriterar kvalitet och s\u00e4kerhet n\u00e4r du v\u00e4ljer leksaker till ditt barn kommer hela sortimentet av fantastiska leksaker fr\u00e5n det amerikanska f\u00f6retaget Step2 garanterat att uppfylla f\u00f6rv\u00e4ntningarna hos barn, f\u00f6r\u00e4ldrar, daghem, f\u00f6rskolor och andra utbildningsinstitutioner. Step2 har tillverkat de b\u00e4sta leksakerna i USA i \u00e5rtionden! Sortimentet omfattar sandl\u00e5dor, tr\u00e4dg\u00e5rdshus, lekplatser, verkst\u00e4der, \u00e5kleksaker, k\u00f6k och barnm\u00f6bler.<\/p>\n","protected":false},"excerpt":{"rendered":"<p>Picknickbord f\u00f6r sex barn med tv\u00e5 b\u00e4nkar med specialformade sittplatser. Tillverkat av solid plast med dubbla v\u00e4ggar fyllda med luft. Elementens betydande tjocklek, minst 5-6 cm, m\u00f6jligg\u00f6r l\u00e5ngvarig anv\u00e4ndning av bordet, och den stora, \u00f6ver 100 cm l\u00e5nga och 50 cm breda solida bordsskivan och den stabila bordskonstruktionen garanterar s\u00e4ker lek. Det medf\u00f6ljande paraplyet skyddar [&hellip;]<\/p>\n","protected":false},"featured_media":0,"comment_status":"open","ping_status":"closed","template":"","meta":[],"product_brand":[],"product_cat":[33],"product_tag":[],"class_list":{"0":"post-17908","1":"product","2":"type-product","3":"status-publish","5":"product_cat-okategoriserad","7":"first","8":"instock","9":"shipping-taxable","10":"purchasable","11":"product-type-simple"},"_links":{"self":[{"href":"https:\/\/nordicmart.andreevmaster.com\/sv\/wp-json\/wp\/v2\/product\/17908","targetHints":{"allow":["GET"]}}],"collection":[{"href":"https:\/\/nordicmart.andreevmaster.com\/sv\/wp-json\/wp\/v2\/product"}],"about":[{"href":"https:\/\/nordicmart.andreevmaster.com\/sv\/wp-json\/wp\/v2\/types\/product"}],"replies":[{"embeddable":true,"href":"https:\/\/nordicmart.andreevmaster.com\/sv\/wp-json\/wp\/v2\/comments?post=17908"}],"wp:attachment":[{"href":"https:\/\/nordicmart.andreevmaster.com\/sv\/wp-json\/wp\/v2\/media?parent=17908"}],"wp:term":[{"taxonomy":"product_brand","embeddable":true,"href":"https:\/\/nordicmart.andreevmaster.com\/sv\/wp-json\/wp\/v2\/product_brand?post=17908"},{"taxonomy":"product_cat","embeddable":true,"href":"https:\/\/nordicmart.andreevmaster.com\/sv\/wp-json\/wp\/v2\/product_cat?post=17908"},{"taxonomy":"product_tag","embeddable":true,"href":"https:\/\/nordicmart.andreevmaster.com\/sv\/wp-json\/wp\/v2\/product_tag?post=17908"}],"curies":[{"name":"wp","href":"https:\/\/api.w.org\/{rel}","templated":true}]}}