{"id":17907,"date":"2026-02-27T00:37:11","date_gmt":"2026-02-27T00:37:11","guid":{"rendered":"https:\/\/nordicmart.andreevmaster.com\/product\/step2-klattringsklippa-med-rutschkana\/"},"modified":"2026-02-27T08:26:19","modified_gmt":"2026-02-27T08:26:19","slug":"step2-klattringsklippa-med-rutschkana","status":"publish","type":"product","link":"https:\/\/nordicmart.andreevmaster.com\/sv\/produkt\/step2-klattringsklippa-med-rutschkana\/","title":{"rendered":"STEP2 Kl\u00e4ttringsklippa med rutschkana"},"content":{"rendered":"<p>Step2 Monkey Grove Playground Rock \u00e4r tillverkad av solid plast som imiterar sten. Fem kl\u00e4ttringsv\u00e4ggar med olika sv\u00e5righetsgrader. V\u00e4ggarna har handtag, h\u00e5l och steg. Den perfekta l\u00f6sningen f\u00f6r en lekplats p\u00e5 dagis. Idealisk f\u00f6r b\u00e5de \u00e4ldre barn och sm\u00e5barn!<\/p>\n<p>Egenskaper:<\/p>\n<p>* &#8211; Fem kl\u00e4tterv\u00e4ggar med olika sv\u00e5righetsgrader.<br \/>\n* &#8211; V\u00e4ggarna har handtag, h\u00e5l och steg som hj\u00e4lper barnen att kl\u00e4ttra.<br \/>\n* &#8211; Den breda observationsplattformen \u00e4r utrustad med ett ratt och justerbara kikare.* &#8211; L\u00e5ng rutschkana. * &#8211; M\u00e5nga passager, tunnlar och g\u00f6mst\u00e4llen. * &#8211; Det nedre steget kan anv\u00e4ndas som sittplats f\u00f6r vila eller mellanm\u00e5l. * &#8211; Produkten \u00e4r tillverkad av solid plast som imiterar sten. H\u00f6gkvalitativ plast g\u00f6r den l\u00e4tt att f\u00f6rvara, transportera och reng\u00f6ra. Step2 \u2013 kvalitet f\u00f6rst, fantastiska leksaker sedan! Om du letar efter kvalitet och s\u00e4kerhet n\u00e4r du v\u00e4ljer leksaker till ditt barn, kommer hela sortimentet av fantastiska leksaker fr\u00e5n det amerikanska f\u00f6retaget Step2 s\u00e4kert att uppfylla f\u00f6rv\u00e4ntningarna hos barn, f\u00f6r\u00e4ldrar, daghem, f\u00f6rskolor och andra utbildningsinstitutioner. Step2 har tillverkat de b\u00e4sta leksakerna i USA i \u00e5rtionden! Sortimentet omfattar sandl\u00e5dor, tr\u00e4dg\u00e5rdshus, lekplatser, verkst\u00e4der, \u00e5kleksaker, k\u00f6k och barnm\u00f6bler.<\/p>\n","protected":false},"excerpt":{"rendered":"<p>Step2 Monkey Grove Playground Rock \u00e4r tillverkad av solid plast som imiterar sten. Fem kl\u00e4ttringsv\u00e4ggar med olika sv\u00e5righetsgrader. V\u00e4ggarna har handtag, h\u00e5l och steg. Den perfekta l\u00f6sningen f\u00f6r en lekplats p\u00e5 dagis. Idealisk f\u00f6r b\u00e5de \u00e4ldre barn och sm\u00e5barn! Egenskaper: * &#8211; Fem kl\u00e4tterv\u00e4ggar med olika sv\u00e5righetsgrader. * &#8211; V\u00e4ggarna har handtag, h\u00e5l och steg [&hellip;]<\/p>\n","protected":false},"featured_media":0,"comment_status":"open","ping_status":"closed","template":"","meta":[],"product_brand":[],"product_cat":[33],"product_tag":[],"class_list":{"0":"post-17907","1":"product","2":"type-product","3":"status-publish","5":"product_cat-okategoriserad","7":"first","8":"instock","9":"shipping-taxable","10":"purchasable","11":"product-type-simple"},"_links":{"self":[{"href":"https:\/\/nordicmart.andreevmaster.com\/sv\/wp-json\/wp\/v2\/product\/17907","targetHints":{"allow":["GET"]}}],"collection":[{"href":"https:\/\/nordicmart.andreevmaster.com\/sv\/wp-json\/wp\/v2\/product"}],"about":[{"href":"https:\/\/nordicmart.andreevmaster.com\/sv\/wp-json\/wp\/v2\/types\/product"}],"replies":[{"embeddable":true,"href":"https:\/\/nordicmart.andreevmaster.com\/sv\/wp-json\/wp\/v2\/comments?post=17907"}],"wp:attachment":[{"href":"https:\/\/nordicmart.andreevmaster.com\/sv\/wp-json\/wp\/v2\/media?parent=17907"}],"wp:term":[{"taxonomy":"product_brand","embeddable":true,"href":"https:\/\/nordicmart.andreevmaster.com\/sv\/wp-json\/wp\/v2\/product_brand?post=17907"},{"taxonomy":"product_cat","embeddable":true,"href":"https:\/\/nordicmart.andreevmaster.com\/sv\/wp-json\/wp\/v2\/product_cat?post=17907"},{"taxonomy":"product_tag","embeddable":true,"href":"https:\/\/nordicmart.andreevmaster.com\/sv\/wp-json\/wp\/v2\/product_tag?post=17907"}],"curies":[{"name":"wp","href":"https:\/\/api.w.org\/{rel}","templated":true}]}}