{"id":17906,"date":"2026-02-27T00:37:11","date_gmt":"2026-02-27T00:37:11","guid":{"rendered":"https:\/\/nordicmart.andreevmaster.com\/product\/replika-av-en-pistol-pa-en-hangare-att-hangas-pa-vaggen-tr-239\/"},"modified":"2026-02-27T08:26:19","modified_gmt":"2026-02-27T08:26:19","slug":"replika-av-en-pistol-pa-en-hangare-att-hangas-pa-vaggen-tr-239","status":"publish","type":"product","link":"https:\/\/nordicmart.andreevmaster.com\/sv\/produkt\/replika-av-en-pistol-pa-en-hangare-att-hangas-pa-vaggen-tr-239\/","title":{"rendered":"Replika av en pistol p\u00e5 en h\u00e4ngare \u2013 att h\u00e4ngas p\u00e5 v\u00e4ggen \u2013 TR-239"},"content":{"rendered":"<p>Replika av en pistol p\u00e5 en h\u00e4ngare \u2013 att h\u00e4nga p\u00e5 v\u00e4ggen \u2013 TR-239&nbsp;&nbsp;&nbsp;Elegant replika av en kapselpistol, troget \u00e5tergivande av det historiska originalet. Med sin rika ornamentik och precisa tr\u00e4- och metallbearbetning \u00e4r den ett unikt samlarobjekt och en sl\u00e5ende inredningsdetalj.&nbsp;&nbsp;Produktinformation:&nbsp;Material: tr\u00e4, metall H\u00e4ngarens m\u00e5tt: 32 x 13 cm Pistolens l\u00e4ngd: 31 cm Rika dekorationer Noggrant \u00e5tergiven replika H\u00f6gkvalitativt hantverk \u2013 autentiskt utseende med omsorg om varje detalj Praktisk display \u2013 levereras med en tr\u00e4h\u00e4ngare f\u00f6r upph\u00e4ngning p\u00e5 v\u00e4ggen&nbsp;&nbsp;Perfekt present till historieentusiaster&nbsp;&nbsp;F\u00f6r samlare av historiska vapen \u2013 ett utm\u00e4rkt tillskott till samlingen. Stilfull dekoration \u2013 perfekt f\u00f6r arbetsrum, vardagsrum eller bibliotek. Elegant present \u2013 perfekt f\u00f6r en man som uppskattar ovanliga prydnadsf\u00f6rem\u00e5l.&nbsp;&nbsp;Denna produkt \u00e4r en samlarprydnad. Den \u00e4r inte en leksak. F\u00f6rvaras utom r\u00e4ckh\u00e5ll f\u00f6r barn.&nbsp;<\/p>\n","protected":false},"excerpt":{"rendered":"<p>Replika av en pistol p\u00e5 en h\u00e4ngare \u2013 att h\u00e4nga p\u00e5 v\u00e4ggen \u2013 TR-239&nbsp;&nbsp;&nbsp;Elegant replika av en kapselpistol, troget \u00e5tergivande av det historiska originalet. Med sin rika ornamentik och precisa tr\u00e4- och metallbearbetning \u00e4r den ett unikt samlarobjekt och en sl\u00e5ende inredningsdetalj.&nbsp;&nbsp;Produktinformation:&nbsp;Material: tr\u00e4, metall H\u00e4ngarens m\u00e5tt: 32 x 13 cm Pistolens l\u00e4ngd: 31 cm Rika [&hellip;]<\/p>\n","protected":false},"featured_media":45028,"comment_status":"open","ping_status":"closed","template":"","meta":[],"product_brand":[],"product_cat":[33],"product_tag":[],"class_list":{"0":"post-17906","1":"product","2":"type-product","3":"status-publish","4":"has-post-thumbnail","6":"product_cat-okategoriserad","8":"first","9":"instock","10":"shipping-taxable","11":"purchasable","12":"product-type-simple"},"_links":{"self":[{"href":"https:\/\/nordicmart.andreevmaster.com\/sv\/wp-json\/wp\/v2\/product\/17906","targetHints":{"allow":["GET"]}}],"collection":[{"href":"https:\/\/nordicmart.andreevmaster.com\/sv\/wp-json\/wp\/v2\/product"}],"about":[{"href":"https:\/\/nordicmart.andreevmaster.com\/sv\/wp-json\/wp\/v2\/types\/product"}],"replies":[{"embeddable":true,"href":"https:\/\/nordicmart.andreevmaster.com\/sv\/wp-json\/wp\/v2\/comments?post=17906"}],"wp:featuredmedia":[{"embeddable":true,"href":"https:\/\/nordicmart.andreevmaster.com\/sv\/wp-json\/wp\/v2\/media\/45028"}],"wp:attachment":[{"href":"https:\/\/nordicmart.andreevmaster.com\/sv\/wp-json\/wp\/v2\/media?parent=17906"}],"wp:term":[{"taxonomy":"product_brand","embeddable":true,"href":"https:\/\/nordicmart.andreevmaster.com\/sv\/wp-json\/wp\/v2\/product_brand?post=17906"},{"taxonomy":"product_cat","embeddable":true,"href":"https:\/\/nordicmart.andreevmaster.com\/sv\/wp-json\/wp\/v2\/product_cat?post=17906"},{"taxonomy":"product_tag","embeddable":true,"href":"https:\/\/nordicmart.andreevmaster.com\/sv\/wp-json\/wp\/v2\/product_tag?post=17906"}],"curies":[{"name":"wp","href":"https:\/\/api.w.org\/{rel}","templated":true}]}}