{"id":17905,"date":"2026-02-27T00:37:10","date_gmt":"2026-02-27T00:37:10","guid":{"rendered":"https:\/\/nordicmart.andreevmaster.com\/product\/smoby-balance-beam-2\/"},"modified":"2026-02-27T08:26:19","modified_gmt":"2026-02-27T08:26:19","slug":"smoby-balance-beam-2","status":"publish","type":"product","link":"https:\/\/nordicmart.andreevmaster.com\/sv\/produkt\/smoby-balance-beam-2\/","title":{"rendered":"Smoby Balance Beam"},"content":{"rendered":"<p>Smoby Balance Beam \u00e4r en unik sensorisk balansbana avsedd f\u00f6r barn fr\u00e5n 2 \u00e5r. Den hj\u00e4lper de sm\u00e5 att utveckla motorisk koordination, \u00f6va balans och uppleva en m\u00e4ngd olika sensoriska stimuli. Att leka p\u00e5 balansbommen \u00e4r inte bara tr\u00e4ning av motoriska f\u00e4rdigheter, utan ocks\u00e5 mycket roligt, b\u00e5de hemma och utomhus.Satsen best\u00e5r av fyra l\u00e5nga (70 cm) paneler med olika texturer och fyra baser f\u00f6r att f\u00e4sta dem. Elementen kan konfigureras p\u00e5 valfritt s\u00e4tt, s\u00e5 att du kan skapa en bana p\u00e5 upp till 3,5 meter, anpassad efter ditt barns f\u00f6rm\u00e5ga. Det \u00e4r v\u00e4rt att g\u00e5 barfota p\u00e5 banan, eftersom det \u00f6kar de sensoriska upplevelserna och har en positiv effekt p\u00e5 utvecklingen av nervsystemet.Tack vare sin v\u00e4derbest\u00e4ndiga ANTI-UV-bel\u00e4ggning \u00e4r balansbommen l\u00e4mplig f\u00f6r anv\u00e4ndning b\u00e5de inomhus och utomhus. Produkten \u00e4r formbl\u00e5st \u2013 panelerna \u00e4r i ett stycke, vilket garanterar deras h\u00e5llbarhet och l\u00e4tthet och eliminerar behovet av ytterligare montering.<\/p>\n<p>### Egenskaper:<\/p>\n<p>* &#8211; \u00c5lder: 2 \u00e5r<br \/>\n* &#8211; Maximal belastning: 50 kg<br \/>\n* &#8211; 4 paneler, 70 cm l\u00e5nga, och 4 monteringsbaser<br \/>\n* &#8211; Yta med olika texturer f\u00f6r intensiva sensoriska upplevelser<br \/>\n* &#8211; Kan konfigureras p\u00e5 valfritt s\u00e4tt \u2013 maximal banl\u00e4ngd \u00e4r 3,5 meter<br \/>\n* &#8211; ANTI-UV-bel\u00e4ggning \u2013 motst\u00e5ndskraftig mot solljus, f\u00f6rhindrar att f\u00e4rgen bleknar<br \/>\n* &#8211; Tillverkad av slitstark plast \u2013 l\u00e4tt att h\u00e5lla ren<br \/>\n* &#8211; D\u00e4mpade, naturliga f\u00e4rger<br \/>\n* &#8211; Milj\u00f6v\u00e4nlig Smoby Life-serie \u2013 57 % av materialet \u00e4r \u00e5tervunnet<\/p>\n<p>### Leksaken utvecklar:<\/p>\n<p>* &#8211; Motorisk koordination \u2013 tr\u00e4nar balans, kroppskontroll och f\u00f6rm\u00e5gan att h\u00e5lla balansen<br \/>\n* &#8211; Grovmotorik \u2013 st\u00f6der korrekt muskelutveckling och f\u00f6rb\u00e4ttrar h\u00e5llningsstabiliteten<br \/>\n* &#8211; Sensorisk medvetenhet \u2013 olika panelstrukturer ger stimulans och st\u00f6der sensorisk utveckling<br \/>\n* &#8211; Sj\u00e4lvf\u00f6rtroende och mod \u2013 barnet \u00f6vervinner gradvis sv\u00e5rare bankonfigurationer<br \/>\n* &#8211; Kognitiva f\u00f6rm\u00e5gor \u2013 att experimentera med banans layout st\u00f6der kreativitet och logiskt t\u00e4nkande<\/p>\n","protected":false},"excerpt":{"rendered":"<p>Smoby Balance Beam \u00e4r en unik sensorisk balansbana avsedd f\u00f6r barn fr\u00e5n 2 \u00e5r. Den hj\u00e4lper de sm\u00e5 att utveckla motorisk koordination, \u00f6va balans och uppleva en m\u00e4ngd olika sensoriska stimuli. Att leka p\u00e5 balansbommen \u00e4r inte bara tr\u00e4ning av motoriska f\u00e4rdigheter, utan ocks\u00e5 mycket roligt, b\u00e5de hemma och utomhus.Satsen best\u00e5r av fyra l\u00e5nga (70 [&hellip;]<\/p>\n","protected":false},"featured_media":0,"comment_status":"open","ping_status":"closed","template":"","meta":[],"product_brand":[],"product_cat":[33],"product_tag":[],"class_list":{"0":"post-17905","1":"product","2":"type-product","3":"status-publish","5":"product_cat-okategoriserad","7":"first","8":"instock","9":"shipping-taxable","10":"purchasable","11":"product-type-simple"},"_links":{"self":[{"href":"https:\/\/nordicmart.andreevmaster.com\/sv\/wp-json\/wp\/v2\/product\/17905","targetHints":{"allow":["GET"]}}],"collection":[{"href":"https:\/\/nordicmart.andreevmaster.com\/sv\/wp-json\/wp\/v2\/product"}],"about":[{"href":"https:\/\/nordicmart.andreevmaster.com\/sv\/wp-json\/wp\/v2\/types\/product"}],"replies":[{"embeddable":true,"href":"https:\/\/nordicmart.andreevmaster.com\/sv\/wp-json\/wp\/v2\/comments?post=17905"}],"wp:attachment":[{"href":"https:\/\/nordicmart.andreevmaster.com\/sv\/wp-json\/wp\/v2\/media?parent=17905"}],"wp:term":[{"taxonomy":"product_brand","embeddable":true,"href":"https:\/\/nordicmart.andreevmaster.com\/sv\/wp-json\/wp\/v2\/product_brand?post=17905"},{"taxonomy":"product_cat","embeddable":true,"href":"https:\/\/nordicmart.andreevmaster.com\/sv\/wp-json\/wp\/v2\/product_cat?post=17905"},{"taxonomy":"product_tag","embeddable":true,"href":"https:\/\/nordicmart.andreevmaster.com\/sv\/wp-json\/wp\/v2\/product_tag?post=17905"}],"curies":[{"name":"wp","href":"https:\/\/api.w.org\/{rel}","templated":true}]}}