{"id":17904,"date":"2026-02-27T00:37:10","date_gmt":"2026-02-27T00:37:10","guid":{"rendered":"https:\/\/nordicmart.andreevmaster.com\/product\/smoby-life-vatten-och-sandlekstuga\/"},"modified":"2026-02-27T08:26:19","modified_gmt":"2026-02-27T08:26:19","slug":"smoby-life-vatten-och-sandlekstuga","status":"publish","type":"product","link":"https:\/\/nordicmart.andreevmaster.com\/sv\/produkt\/smoby-life-vatten-och-sandlekstuga\/","title":{"rendered":"Smoby Life vatten- och sandlekstuga"},"content":{"rendered":"<p>Smoby Life vatten- och sandlekstuga \u00e4r den f\u00f6rsta tr\u00e4dg\u00e5rdsleksaken i sitt slag som kombinerar gl\u00e4djen att leka med vatten och sand. Den l\u00e5ter barn skapa sina egna utomhusk\u00f6ksber\u00e4ttelser och experimentera med vatten, sand och naturmaterial som finns i tr\u00e4dg\u00e5rden. Det \u00e4r ett fantastiskt s\u00e4tt att tillbringa tid utomhus och utveckla kreativitet, manuella f\u00e4rdigheter och sociala f\u00e4rdigheter.<\/p>\n<p>Egenskaper:<\/p>\n<p>* &#8211; \u00c5lder: 3 \u00e5r<br \/>\n* &#8211; K\u00f6k f\u00f6r lek med vatten och sand.<br \/>\n* &#8211; Avtagbara beh\u00e5llare f\u00f6r vatten och sand.<br \/>\n* &#8211; Kran med vred f\u00f6r att m\u00e4ta vatten.<br \/>\n* &#8211; 15 tillbeh\u00f6r ing\u00e5r: sil, korg, slev, kratta, spade.<br \/>\n* &#8211; Lock till brickan f\u00f6r f\u00f6rvaring av skatter.<br \/>\n* &#8211; Robust plastkonstruktion.<br \/>\n* &#8211; ANTI-UV-bel\u00e4ggning f\u00f6r att skydda mot blekning.* &#8211; Milj\u00f6v\u00e4nlig \u2013 90 % \u00e5tervunnet material.<br \/>\n* &#8211; Montering av vuxen kr\u00e4vs.<\/p>\n<p>Leksaken utvecklar:<\/p>\n<p>* &#8211; Kreativitet genom lek med matlagning.<br \/>\n* &#8211; Finmotorik genom hantering av tillbeh\u00f6r.<br \/>\n* &#8211; Manuell fingerf\u00e4rdighet genom anv\u00e4ndning av tr\u00e4dg\u00e5rdsredskap.<br \/>\n* &#8211; Sociala f\u00e4rdigheter genom grupplek.<\/p>\n","protected":false},"excerpt":{"rendered":"<p>Smoby Life vatten- och sandlekstuga \u00e4r den f\u00f6rsta tr\u00e4dg\u00e5rdsleksaken i sitt slag som kombinerar gl\u00e4djen att leka med vatten och sand. Den l\u00e5ter barn skapa sina egna utomhusk\u00f6ksber\u00e4ttelser och experimentera med vatten, sand och naturmaterial som finns i tr\u00e4dg\u00e5rden. Det \u00e4r ett fantastiskt s\u00e4tt att tillbringa tid utomhus och utveckla kreativitet, manuella f\u00e4rdigheter och sociala [&hellip;]<\/p>\n","protected":false},"featured_media":0,"comment_status":"open","ping_status":"closed","template":"","meta":[],"product_brand":[],"product_cat":[33],"product_tag":[],"class_list":{"0":"post-17904","1":"product","2":"type-product","3":"status-publish","5":"product_cat-okategoriserad","7":"first","8":"instock","9":"shipping-taxable","10":"purchasable","11":"product-type-simple"},"_links":{"self":[{"href":"https:\/\/nordicmart.andreevmaster.com\/sv\/wp-json\/wp\/v2\/product\/17904","targetHints":{"allow":["GET"]}}],"collection":[{"href":"https:\/\/nordicmart.andreevmaster.com\/sv\/wp-json\/wp\/v2\/product"}],"about":[{"href":"https:\/\/nordicmart.andreevmaster.com\/sv\/wp-json\/wp\/v2\/types\/product"}],"replies":[{"embeddable":true,"href":"https:\/\/nordicmart.andreevmaster.com\/sv\/wp-json\/wp\/v2\/comments?post=17904"}],"wp:attachment":[{"href":"https:\/\/nordicmart.andreevmaster.com\/sv\/wp-json\/wp\/v2\/media?parent=17904"}],"wp:term":[{"taxonomy":"product_brand","embeddable":true,"href":"https:\/\/nordicmart.andreevmaster.com\/sv\/wp-json\/wp\/v2\/product_brand?post=17904"},{"taxonomy":"product_cat","embeddable":true,"href":"https:\/\/nordicmart.andreevmaster.com\/sv\/wp-json\/wp\/v2\/product_cat?post=17904"},{"taxonomy":"product_tag","embeddable":true,"href":"https:\/\/nordicmart.andreevmaster.com\/sv\/wp-json\/wp\/v2\/product_tag?post=17904"}],"curies":[{"name":"wp","href":"https:\/\/api.w.org\/{rel}","templated":true}]}}