{"id":17903,"date":"2026-02-27T00:37:10","date_gmt":"2026-02-27T00:37:10","guid":{"rendered":"https:\/\/nordicmart.andreevmaster.com\/product\/smoby-play-center-2\/"},"modified":"2026-02-27T08:26:19","modified_gmt":"2026-02-27T08:26:19","slug":"smoby-play-center-2","status":"publish","type":"product","link":"https:\/\/nordicmart.andreevmaster.com\/sv\/produkt\/smoby-play-center-2\/","title":{"rendered":"Smoby Play Center"},"content":{"rendered":"<p>Smoby Play Center \u00e4r en fantastisk lekplats f\u00f6r utomhusbruk som ger barn timmar av aktiv lek och utveckling av motoriska f\u00e4rdigheter. Setet kombinerar sport, lek och avkoppling och skapar den perfekta platsen f\u00f6r de sm\u00e5. Tack vare sina olika element kommer denna anl\u00e4ggning att bli varje barns favoritplats. Smoby Play Center \u00e4r ett fantastiskt utomhusn\u00f6je som kombinerar sport, avkoppling och kreativitet. En rutschkana, basket, fotboll och en kl\u00e4tterv\u00e4gg \u00e4r bara n\u00e5gra av de attraktioner som kommer att gl\u00e4dja alla sm\u00e5barn.<br \/>\nProduktens egenskaper:<br \/>\n* &#8211; \u00c5lder: 2 \u00e5r<br \/>\n* &#8211; Bakstycke med basketkorg<br \/>\n* &#8211; Fotbollsm\u00e5l med n\u00e4t (bollar ing\u00e5r ej)<br \/>\n* &#8211; Kl\u00e4ttringsv\u00e4gg f\u00f6r att utveckla styrka och balans<br \/>\n* &#8211; 150 cm l\u00e5ng rutschkana<br \/>\n* &#8211; T\u00e4ckt lekstuga med \u00f6ppningsbar d\u00f6rr, perfekt f\u00f6r vila<br \/>\n* &#8211; ANTI-UV-bel\u00e4ggning, skyddar mot blekning i solen<br \/>\n* &#8211; Milj\u00f6v\u00e4nliga material, 62 % av materialen \u00e4r \u00e5tervunna<br \/>\n* &#8211; Slitstark plast, l\u00e4tt att reng\u00f6ra<\/p>\n<p>Leksaken utvecklar:<\/p>\n<p>* &#8211; Motorisk koordination och atletiska f\u00e4rdigheter<br \/>\n* &#8211; Kreativitet och fantasi genom olika former av lek<br \/>\n* &#8211; Styrka, balans och sj\u00e4lvf\u00f6rtroende vid kl\u00e4ttring<\/p>\n<p>[img-125951-left-thickbox_default]<\/p>\n<p>[img-125943-left-thickbox_default]<\/p>\n","protected":false},"excerpt":{"rendered":"<p>Smoby Play Center \u00e4r en fantastisk lekplats f\u00f6r utomhusbruk som ger barn timmar av aktiv lek och utveckling av motoriska f\u00e4rdigheter. Setet kombinerar sport, lek och avkoppling och skapar den perfekta platsen f\u00f6r de sm\u00e5. Tack vare sina olika element kommer denna anl\u00e4ggning att bli varje barns favoritplats. Smoby Play Center \u00e4r ett fantastiskt utomhusn\u00f6je [&hellip;]<\/p>\n","protected":false},"featured_media":0,"comment_status":"open","ping_status":"closed","template":"","meta":[],"product_brand":[],"product_cat":[33],"product_tag":[],"class_list":{"0":"post-17903","1":"product","2":"type-product","3":"status-publish","5":"product_cat-okategoriserad","7":"first","8":"instock","9":"shipping-taxable","10":"purchasable","11":"product-type-simple"},"_links":{"self":[{"href":"https:\/\/nordicmart.andreevmaster.com\/sv\/wp-json\/wp\/v2\/product\/17903","targetHints":{"allow":["GET"]}}],"collection":[{"href":"https:\/\/nordicmart.andreevmaster.com\/sv\/wp-json\/wp\/v2\/product"}],"about":[{"href":"https:\/\/nordicmart.andreevmaster.com\/sv\/wp-json\/wp\/v2\/types\/product"}],"replies":[{"embeddable":true,"href":"https:\/\/nordicmart.andreevmaster.com\/sv\/wp-json\/wp\/v2\/comments?post=17903"}],"wp:attachment":[{"href":"https:\/\/nordicmart.andreevmaster.com\/sv\/wp-json\/wp\/v2\/media?parent=17903"}],"wp:term":[{"taxonomy":"product_brand","embeddable":true,"href":"https:\/\/nordicmart.andreevmaster.com\/sv\/wp-json\/wp\/v2\/product_brand?post=17903"},{"taxonomy":"product_cat","embeddable":true,"href":"https:\/\/nordicmart.andreevmaster.com\/sv\/wp-json\/wp\/v2\/product_cat?post=17903"},{"taxonomy":"product_tag","embeddable":true,"href":"https:\/\/nordicmart.andreevmaster.com\/sv\/wp-json\/wp\/v2\/product_tag?post=17903"}],"curies":[{"name":"wp","href":"https:\/\/api.w.org\/{rel}","templated":true}]}}