{"id":17902,"date":"2026-02-27T00:37:10","date_gmt":"2026-02-27T00:37:10","guid":{"rendered":"https:\/\/nordicmart.andreevmaster.com\/product\/step2-fargglatt-2-i-1-vattenbollbord\/"},"modified":"2026-02-27T08:26:18","modified_gmt":"2026-02-27T08:26:18","slug":"step2-fargglatt-2-i-1-vattenbollbord","status":"publish","type":"product","link":"https:\/\/nordicmart.andreevmaster.com\/sv\/produkt\/step2-fargglatt-2-i-1-vattenbollbord\/","title":{"rendered":"STEP2 F\u00e4rgglatt 2-i-1 vattenbollbord"},"content":{"rendered":"<p>Detta f\u00e4rgglada bollbord \u00e4r j\u00e4ttekul med vatten! Det har aldrig funnits ett bord som detta tidigare! Fyll det med vatten och s\u00e4tt bollar i r\u00f6relse med hj\u00e4lp av katapulten. Den f\u00e4rgglada designen och de m\u00e5nga bollr\u00e4nnorna g\u00f6r att ditt barn kan utveckla sin motorik fullt ut. Bordet \u00e4r perfekt f\u00f6r lek b\u00e5de utomhus och inomhus. Du kan till och med leka utan vatten! Bordet kan ocks\u00e5 fyllas med sand. Avtappningspluggen g\u00f6r att bordet snabbt kan t\u00f6mmas och enkelt reng\u00f6ras efter lekstunden.<br \/>\nFunktioner:<br \/>\n* &#8211; Tre olika banor f\u00f6r bollarna att r\u00f6ra sig l\u00e4ngs<br \/>\n* &#8211; Bollkarusell<br \/>\n* &#8211; 10 bollar ing\u00e5r<br \/>\n* &#8211; Tv\u00e5 katapulter<br \/>\n* &#8211; Kapacitet 15 L<br \/>\n* &#8211; Montering av en vuxen rekommenderas<br \/>\nStep2 \u2013 kvalitet f\u00f6rst, fantastiska leksaker sedan! Om du prioriterar kvalitet och s\u00e4kerhet n\u00e4r du v\u00e4ljer leksaker till ditt barn kommer hela sortimentet av fantastiska leksaker fr\u00e5n det amerikanska f\u00f6retaget Step2 garanterat att uppfylla f\u00f6rv\u00e4ntningarna hos barn, f\u00f6r\u00e4ldrar, daghem, f\u00f6rskolor och andra utbildningsinstitutioner. Step2 har tillverkat de b\u00e4sta leksakerna i USA i \u00e5rtionden! Sortimentet omfattar sandl\u00e5dor, tr\u00e4dg\u00e5rdshus, lekplatser, verkst\u00e4der, \u00e5kleksaker, k\u00f6k och barnm\u00f6bler.<\/p>\n","protected":false},"excerpt":{"rendered":"<p>Detta f\u00e4rgglada bollbord \u00e4r j\u00e4ttekul med vatten! Det har aldrig funnits ett bord som detta tidigare! Fyll det med vatten och s\u00e4tt bollar i r\u00f6relse med hj\u00e4lp av katapulten. Den f\u00e4rgglada designen och de m\u00e5nga bollr\u00e4nnorna g\u00f6r att ditt barn kan utveckla sin motorik fullt ut. Bordet \u00e4r perfekt f\u00f6r lek b\u00e5de utomhus och inomhus. [&hellip;]<\/p>\n","protected":false},"featured_media":0,"comment_status":"open","ping_status":"closed","template":"","meta":[],"product_brand":[],"product_cat":[33],"product_tag":[],"class_list":{"0":"post-17902","1":"product","2":"type-product","3":"status-publish","5":"product_cat-okategoriserad","7":"first","8":"instock","9":"shipping-taxable","10":"purchasable","11":"product-type-simple"},"_links":{"self":[{"href":"https:\/\/nordicmart.andreevmaster.com\/sv\/wp-json\/wp\/v2\/product\/17902","targetHints":{"allow":["GET"]}}],"collection":[{"href":"https:\/\/nordicmart.andreevmaster.com\/sv\/wp-json\/wp\/v2\/product"}],"about":[{"href":"https:\/\/nordicmart.andreevmaster.com\/sv\/wp-json\/wp\/v2\/types\/product"}],"replies":[{"embeddable":true,"href":"https:\/\/nordicmart.andreevmaster.com\/sv\/wp-json\/wp\/v2\/comments?post=17902"}],"wp:attachment":[{"href":"https:\/\/nordicmart.andreevmaster.com\/sv\/wp-json\/wp\/v2\/media?parent=17902"}],"wp:term":[{"taxonomy":"product_brand","embeddable":true,"href":"https:\/\/nordicmart.andreevmaster.com\/sv\/wp-json\/wp\/v2\/product_brand?post=17902"},{"taxonomy":"product_cat","embeddable":true,"href":"https:\/\/nordicmart.andreevmaster.com\/sv\/wp-json\/wp\/v2\/product_cat?post=17902"},{"taxonomy":"product_tag","embeddable":true,"href":"https:\/\/nordicmart.andreevmaster.com\/sv\/wp-json\/wp\/v2\/product_tag?post=17902"}],"curies":[{"name":"wp","href":"https:\/\/api.w.org\/{rel}","templated":true}]}}