{"id":17901,"date":"2026-02-27T00:37:09","date_gmt":"2026-02-27T00:37:09","guid":{"rendered":"https:\/\/nordicmart.andreevmaster.com\/product\/step2-dubbelsidig-staffli-tavla-med-tillbehor\/"},"modified":"2026-02-27T08:26:18","modified_gmt":"2026-02-27T08:26:18","slug":"step2-dubbelsidig-staffli-tavla-med-tillbehor","status":"publish","type":"product","link":"https:\/\/nordicmart.andreevmaster.com\/sv\/produkt\/step2-dubbelsidig-staffli-tavla-med-tillbehor\/","title":{"rendered":"STEP2 Dubbelsidig staffli-tavla med tillbeh\u00f6r"},"content":{"rendered":"<p>Step2 dubbla tavla f\u00f6r sm\u00e5barn \u2013 traditionell krita-tavla p\u00e5 ena sidan och whiteboard p\u00e5 den andra, med m\u00f6jlighet att f\u00e4sta magnetiska bokst\u00e4ver, siffror och symboler i skumplast. Satsen inneh\u00e5ller totalt 94 delar. Den bidrar till att barn kan skapa konstverk och hj\u00e4lper \u00e4ldre barn att l\u00e4ra sig. Sm\u00e5 konstn\u00e4rer kan visa sin kreativitet samtidigt som de f\u00f6rb\u00e4ttrar sin motorik genom att skriva, rita och placera magneter. Staffliet kr\u00e4ver minimal montering av vuxna, g\u00e5r snabbt att s\u00e4tta upp och kan f\u00e4llas ihop f\u00f6r enkel f\u00f6rvaring. Tillverkat i USA med vissa importerade delar.<\/p>\n<p>Egenskaper:<\/p>\n<p>* &#8211; Tavlan \u00e4r tillverkad av h\u00f6gkvalitativa material och passar perfekt i en liten konstn\u00e4rs rum.<br \/>\n* &#8211; Dubbelsidig tavla \u2013 ena sidan \u00e4r traditionell f\u00f6r att skriva med krita, och den andra sidan \u00e4r f\u00f6r torrraderbara pennor och kan anv\u00e4ndas f\u00f6r att f\u00e4sta magnetiska bokst\u00e4ver, siffror och symboler av skumplast.<br \/>\n* &#8211; Setet inneh\u00e5ller totalt 94 delar.* &#8211; Ovanf\u00f6r magnetbr\u00e4dan finns en kl\u00e4mma f\u00f6r att h\u00e5lla fast pappersark. * &#8211; Under br\u00e4dan och p\u00e5 sidorna finns f\u00f6rvaringsutrymme f\u00f6r svampar, pennor eller kritor. (ing\u00e5r ej)<br \/>\n* &#8211; L\u00e4tt att reng\u00f6ra: anv\u00e4nd desinfektionsservetter eller hush\u00e5llsreng\u00f6ringsprodukter n\u00e4r du vill!<br \/>\n* &#8211; I l\u00e5dan: staffliunderrede, dubbelsidig ritbr\u00e4da, 2 avtagbara sidobrickor, 1 stor bricka, grafikkl\u00e4mma, 94-delars mjukt skumplastmagnet-set.<\/p>\n<p>Step2 \u2013 kvalitet f\u00f6rst, fantastiska leksaker sedan! Om du prioriterar kvalitet och s\u00e4kerhet n\u00e4r du v\u00e4ljer leksaker till ditt barn kommer hela sortimentet av fantastiska leksaker fr\u00e5n det amerikanska f\u00f6retaget Step2 garanterat att uppfylla f\u00f6rv\u00e4ntningarna hos barn, f\u00f6r\u00e4ldrar, daghem, f\u00f6rskolor och andra utbildningsinstitutioner. Step2 har tillverkat de b\u00e4sta leksakerna i USA i \u00e5rtionden! Sortimentet omfattar sandl\u00e5dor, tr\u00e4dg\u00e5rdshus, lekplatser, verkst\u00e4der, \u00e5kleksaker, k\u00f6k och barnm\u00f6bler.<\/p>\n","protected":false},"excerpt":{"rendered":"<p>Step2 dubbla tavla f\u00f6r sm\u00e5barn \u2013 traditionell krita-tavla p\u00e5 ena sidan och whiteboard p\u00e5 den andra, med m\u00f6jlighet att f\u00e4sta magnetiska bokst\u00e4ver, siffror och symboler i skumplast. Satsen inneh\u00e5ller totalt 94 delar. Den bidrar till att barn kan skapa konstverk och hj\u00e4lper \u00e4ldre barn att l\u00e4ra sig. Sm\u00e5 konstn\u00e4rer kan visa sin kreativitet samtidigt som [&hellip;]<\/p>\n","protected":false},"featured_media":0,"comment_status":"open","ping_status":"closed","template":"","meta":[],"product_brand":[],"product_cat":[33],"product_tag":[],"class_list":{"0":"post-17901","1":"product","2":"type-product","3":"status-publish","5":"product_cat-okategoriserad","7":"first","8":"instock","9":"shipping-taxable","10":"purchasable","11":"product-type-simple"},"_links":{"self":[{"href":"https:\/\/nordicmart.andreevmaster.com\/sv\/wp-json\/wp\/v2\/product\/17901","targetHints":{"allow":["GET"]}}],"collection":[{"href":"https:\/\/nordicmart.andreevmaster.com\/sv\/wp-json\/wp\/v2\/product"}],"about":[{"href":"https:\/\/nordicmart.andreevmaster.com\/sv\/wp-json\/wp\/v2\/types\/product"}],"replies":[{"embeddable":true,"href":"https:\/\/nordicmart.andreevmaster.com\/sv\/wp-json\/wp\/v2\/comments?post=17901"}],"wp:attachment":[{"href":"https:\/\/nordicmart.andreevmaster.com\/sv\/wp-json\/wp\/v2\/media?parent=17901"}],"wp:term":[{"taxonomy":"product_brand","embeddable":true,"href":"https:\/\/nordicmart.andreevmaster.com\/sv\/wp-json\/wp\/v2\/product_brand?post=17901"},{"taxonomy":"product_cat","embeddable":true,"href":"https:\/\/nordicmart.andreevmaster.com\/sv\/wp-json\/wp\/v2\/product_cat?post=17901"},{"taxonomy":"product_tag","embeddable":true,"href":"https:\/\/nordicmart.andreevmaster.com\/sv\/wp-json\/wp\/v2\/product_tag?post=17901"}],"curies":[{"name":"wp","href":"https:\/\/api.w.org\/{rel}","templated":true}]}}