{"id":17900,"date":"2026-02-27T00:37:09","date_gmt":"2026-02-27T00:37:09","guid":{"rendered":"https:\/\/nordicmart.andreevmaster.com\/product\/step2-whister-ride-ii-buggy-pink-ride-on-car-2\/"},"modified":"2026-02-27T08:26:18","modified_gmt":"2026-02-27T08:26:18","slug":"step2-whister-ride-ii-buggy-pink-ride-on-car-2","status":"publish","type":"product","link":"https:\/\/nordicmart.andreevmaster.com\/sv\/produkt\/step2-whister-ride-ii-buggy-pink-ride-on-car-2\/","title":{"rendered":"STEP2 Whister Ride II Buggy Pink Ride-On Car"},"content":{"rendered":"<p>Denna charmiga leksaksbil fr\u00e5n Step2 erbjuder of\u00f6rgl\u00f6mliga stunder av underh\u00e5llning och simulerar att k\u00f6ra en riktig superbil. Bilen \u00e4r utrustad med ett r\u00f6rligt ratt och en realistisk tuta, vilket ger ditt barn en autentisk k\u00f6rupplevelse. Det medf\u00f6ljande s\u00e4kerhetsb\u00e4ltet, f\u00f6rvaringsfacket under huven f\u00f6r snacks och dryckesh\u00e5llarna p\u00e5 ratten och bredvid ratten g\u00f6r resan \u00e4nnu roligare. <\/p>\n<p>Denna charmiga rosa bil har speciella Whisper-hjul som minskar bullret under k\u00f6rning och ett hopf\u00e4llbart handtag f\u00f6r enkel transport och f\u00f6rvaring, vilket garanterar bekv\u00e4mlighet under dina n\u00e4sta \u00e4ventyr.<\/p>\n<p>Funktioner:<\/p>\n<p>* &#8211; leksak avsedd f\u00f6r barn fr\u00e5n 18 m\u00e5nader<br \/>\n* &#8211; elegant, realistisk sportbilsdesign med simulerat ratt och fungerande tuta<br \/>\n* &#8211; l\u00e4tt hopf\u00e4llbart handtag f\u00f6r snabb f\u00f6rvaring och transport<br \/>\n* &#8211; f\u00f6rvaringsfack under s\u00e4tet och praktiska muggh\u00e5llare g\u00f6r bilen idealisk f\u00f6r l\u00e4ngre resor<\/p>\n","protected":false},"excerpt":{"rendered":"<p>Denna charmiga leksaksbil fr\u00e5n Step2 erbjuder of\u00f6rgl\u00f6mliga stunder av underh\u00e5llning och simulerar att k\u00f6ra en riktig superbil. Bilen \u00e4r utrustad med ett r\u00f6rligt ratt och en realistisk tuta, vilket ger ditt barn en autentisk k\u00f6rupplevelse. Det medf\u00f6ljande s\u00e4kerhetsb\u00e4ltet, f\u00f6rvaringsfacket under huven f\u00f6r snacks och dryckesh\u00e5llarna p\u00e5 ratten och bredvid ratten g\u00f6r resan \u00e4nnu roligare. Denna [&hellip;]<\/p>\n","protected":false},"featured_media":0,"comment_status":"open","ping_status":"closed","template":"","meta":[],"product_brand":[],"product_cat":[33],"product_tag":[],"class_list":{"0":"post-17900","1":"product","2":"type-product","3":"status-publish","5":"product_cat-okategoriserad","7":"first","8":"instock","9":"shipping-taxable","10":"purchasable","11":"product-type-simple"},"_links":{"self":[{"href":"https:\/\/nordicmart.andreevmaster.com\/sv\/wp-json\/wp\/v2\/product\/17900","targetHints":{"allow":["GET"]}}],"collection":[{"href":"https:\/\/nordicmart.andreevmaster.com\/sv\/wp-json\/wp\/v2\/product"}],"about":[{"href":"https:\/\/nordicmart.andreevmaster.com\/sv\/wp-json\/wp\/v2\/types\/product"}],"replies":[{"embeddable":true,"href":"https:\/\/nordicmart.andreevmaster.com\/sv\/wp-json\/wp\/v2\/comments?post=17900"}],"wp:attachment":[{"href":"https:\/\/nordicmart.andreevmaster.com\/sv\/wp-json\/wp\/v2\/media?parent=17900"}],"wp:term":[{"taxonomy":"product_brand","embeddable":true,"href":"https:\/\/nordicmart.andreevmaster.com\/sv\/wp-json\/wp\/v2\/product_brand?post=17900"},{"taxonomy":"product_cat","embeddable":true,"href":"https:\/\/nordicmart.andreevmaster.com\/sv\/wp-json\/wp\/v2\/product_cat?post=17900"},{"taxonomy":"product_tag","embeddable":true,"href":"https:\/\/nordicmart.andreevmaster.com\/sv\/wp-json\/wp\/v2\/product_tag?post=17900"}],"curies":[{"name":"wp","href":"https:\/\/api.w.org\/{rel}","templated":true}]}}