{"id":17899,"date":"2026-02-27T00:37:09","date_gmt":"2026-02-27T00:37:09","guid":{"rendered":"https:\/\/nordicmart.andreevmaster.com\/product\/smoby-basketkorg\/"},"modified":"2026-02-27T08:26:18","modified_gmt":"2026-02-27T08:26:18","slug":"smoby-basketkorg","status":"publish","type":"product","link":"https:\/\/nordicmart.andreevmaster.com\/sv\/produkt\/smoby-basketkorg\/","title":{"rendered":"SMOBY Basketkorg"},"content":{"rendered":"<p>Smoby basketkorg \u00e4r en sportleksak f\u00f6r barn \u00f6ver 3 \u00e5r. Att kasta basket \u00e4r roligt och bra motion. Korgen kan f\u00e4stas p\u00e5 Megagliss-rutschkanan (820200) eller Smoby XL-rutschkanan (820302). Du kan placera den antingen p\u00e5 sidan av rutschkanan eller i \u00e4nden, vilket g\u00f6r leken mer varierad och intressant. Om du inte har en Smoby-rutschkana \u00e4r det inget problem! Du kan ocks\u00e5 h\u00e4nga upp korgen p\u00e5 v\u00e4ggen. Setet inneh\u00e5ller de f\u00e4stelement som beh\u00f6vs f\u00f6r att f\u00e4sta ringen.<br \/>\nEgenskaper:<br \/>\n* &#8211; leksak f\u00f6r barn fr\u00e5n 3 \u00e5r,<br \/>\n* &#8211; basketkorg &#8211; kan monteras p\u00e5 en rutschkana eller v\u00e4gg,<br \/>\n* &#8211; kompatibel med Smoby-rutschkanor med f\u00f6ljande koder: 820302, 820303, 820200, 310261, 310260,<br \/>\n* &#8211; ANTI-UV-bel\u00e4ggning \u2013 f\u00f6rhindrar att f\u00e4rgerna bleknar i solen,<br \/>\n* &#8211; n\u00e4t \u2013 tillverkat av mjukt och slitstarkt material,<br \/>\n* &#8211; boll ing\u00e5r ej.<\/p>\n","protected":false},"excerpt":{"rendered":"<p>Smoby basketkorg \u00e4r en sportleksak f\u00f6r barn \u00f6ver 3 \u00e5r. Att kasta basket \u00e4r roligt och bra motion. Korgen kan f\u00e4stas p\u00e5 Megagliss-rutschkanan (820200) eller Smoby XL-rutschkanan (820302). Du kan placera den antingen p\u00e5 sidan av rutschkanan eller i \u00e4nden, vilket g\u00f6r leken mer varierad och intressant. Om du inte har en Smoby-rutschkana \u00e4r det [&hellip;]<\/p>\n","protected":false},"featured_media":0,"comment_status":"open","ping_status":"closed","template":"","meta":[],"product_brand":[],"product_cat":[33],"product_tag":[],"class_list":{"0":"post-17899","1":"product","2":"type-product","3":"status-publish","5":"product_cat-okategoriserad","7":"first","8":"instock","9":"shipping-taxable","10":"purchasable","11":"product-type-simple"},"_links":{"self":[{"href":"https:\/\/nordicmart.andreevmaster.com\/sv\/wp-json\/wp\/v2\/product\/17899","targetHints":{"allow":["GET"]}}],"collection":[{"href":"https:\/\/nordicmart.andreevmaster.com\/sv\/wp-json\/wp\/v2\/product"}],"about":[{"href":"https:\/\/nordicmart.andreevmaster.com\/sv\/wp-json\/wp\/v2\/types\/product"}],"replies":[{"embeddable":true,"href":"https:\/\/nordicmart.andreevmaster.com\/sv\/wp-json\/wp\/v2\/comments?post=17899"}],"wp:attachment":[{"href":"https:\/\/nordicmart.andreevmaster.com\/sv\/wp-json\/wp\/v2\/media?parent=17899"}],"wp:term":[{"taxonomy":"product_brand","embeddable":true,"href":"https:\/\/nordicmart.andreevmaster.com\/sv\/wp-json\/wp\/v2\/product_brand?post=17899"},{"taxonomy":"product_cat","embeddable":true,"href":"https:\/\/nordicmart.andreevmaster.com\/sv\/wp-json\/wp\/v2\/product_cat?post=17899"},{"taxonomy":"product_tag","embeddable":true,"href":"https:\/\/nordicmart.andreevmaster.com\/sv\/wp-json\/wp\/v2\/product_tag?post=17899"}],"curies":[{"name":"wp","href":"https:\/\/api.w.org\/{rel}","templated":true}]}}