{"id":17898,"date":"2026-02-27T00:37:08","date_gmt":"2026-02-27T00:37:08","guid":{"rendered":"https:\/\/nordicmart.andreevmaster.com\/product\/smoby-xs-slide-frozen-water-slide-90cm-2\/"},"modified":"2026-02-27T08:26:18","modified_gmt":"2026-02-27T08:26:18","slug":"smoby-xs-slide-frozen-water-slide-90cm-2","status":"publish","type":"product","link":"https:\/\/nordicmart.andreevmaster.com\/sv\/produkt\/smoby-xs-slide-frozen-water-slide-90cm-2\/","title":{"rendered":"SMOBY XS Slide Frozen Water Slide 90cm"},"content":{"rendered":"<p>XS-rutschkanan med licens fr\u00e5n Frozen \u00e4r en stabil rutschkana f\u00f6r de yngsta barnen, som \u00e4r perfekt f\u00f6r b\u00e5de inomhus- och utomhusbruk. Rutschkanan har en ergonomisk, halkfri stege. Dessutom \u00e4r det m\u00f6jligt att ansluta en tr\u00e4dg\u00e5rdsslang f\u00f6r att spraya rutschkanan, vilket \u00e4r perfekt f\u00f6r varma sommardagar. Efter lektiden kan rutschkanan enkelt f\u00e4llas ihop f\u00f6r praktisk f\u00f6rvaring. <\/p>\n<p>Funktioner: <\/p>\n<p>* &#8211; rutschkana med licens fr\u00e5n sagan Frozen,<br \/>\n* &#8211; rutschkanans l\u00e4ngd 90 cm,* &#8211; m\u00f6jlighet att ansluta en tr\u00e4dg\u00e5rdsslang till rutschkanan,<br \/>\n* &#8211; halkfria steg,<br \/>\n* &#8211; bild gjord med IML-teknik (inb\u00e4ddad i rutschkanans yta), vilket g\u00f6r trycket motst\u00e5ndskraftigt mot n\u00f6tning,<br \/>\n* &#8211; maximal belastning 50 kg,<br \/>\n* &#8211; ergonomisk och kompakt rutschkana,<br \/>\n* &#8211; l\u00e4tt att montera och f\u00f6rvara.<\/p>\n","protected":false},"excerpt":{"rendered":"<p>XS-rutschkanan med licens fr\u00e5n Frozen \u00e4r en stabil rutschkana f\u00f6r de yngsta barnen, som \u00e4r perfekt f\u00f6r b\u00e5de inomhus- och utomhusbruk. Rutschkanan har en ergonomisk, halkfri stege. Dessutom \u00e4r det m\u00f6jligt att ansluta en tr\u00e4dg\u00e5rdsslang f\u00f6r att spraya rutschkanan, vilket \u00e4r perfekt f\u00f6r varma sommardagar. Efter lektiden kan rutschkanan enkelt f\u00e4llas ihop f\u00f6r praktisk f\u00f6rvaring. [&hellip;]<\/p>\n","protected":false},"featured_media":0,"comment_status":"open","ping_status":"closed","template":"","meta":[],"product_brand":[],"product_cat":[33],"product_tag":[],"class_list":{"0":"post-17898","1":"product","2":"type-product","3":"status-publish","5":"product_cat-okategoriserad","7":"first","8":"instock","9":"shipping-taxable","10":"purchasable","11":"product-type-simple"},"_links":{"self":[{"href":"https:\/\/nordicmart.andreevmaster.com\/sv\/wp-json\/wp\/v2\/product\/17898","targetHints":{"allow":["GET"]}}],"collection":[{"href":"https:\/\/nordicmart.andreevmaster.com\/sv\/wp-json\/wp\/v2\/product"}],"about":[{"href":"https:\/\/nordicmart.andreevmaster.com\/sv\/wp-json\/wp\/v2\/types\/product"}],"replies":[{"embeddable":true,"href":"https:\/\/nordicmart.andreevmaster.com\/sv\/wp-json\/wp\/v2\/comments?post=17898"}],"wp:attachment":[{"href":"https:\/\/nordicmart.andreevmaster.com\/sv\/wp-json\/wp\/v2\/media?parent=17898"}],"wp:term":[{"taxonomy":"product_brand","embeddable":true,"href":"https:\/\/nordicmart.andreevmaster.com\/sv\/wp-json\/wp\/v2\/product_brand?post=17898"},{"taxonomy":"product_cat","embeddable":true,"href":"https:\/\/nordicmart.andreevmaster.com\/sv\/wp-json\/wp\/v2\/product_cat?post=17898"},{"taxonomy":"product_tag","embeddable":true,"href":"https:\/\/nordicmart.andreevmaster.com\/sv\/wp-json\/wp\/v2\/product_tag?post=17898"}],"curies":[{"name":"wp","href":"https:\/\/api.w.org\/{rel}","templated":true}]}}