{"id":17897,"date":"2026-02-27T00:37:08","date_gmt":"2026-02-27T00:37:08","guid":{"rendered":"https:\/\/nordicmart.andreevmaster.com\/product\/smoby-megagliss-2-i-1-rutschkana\/"},"modified":"2026-02-27T08:26:17","modified_gmt":"2026-02-27T08:26:17","slug":"smoby-megagliss-2-i-1-rutschkana","status":"publish","type":"product","link":"https:\/\/nordicmart.andreevmaster.com\/sv\/produkt\/smoby-megagliss-2-i-1-rutschkana\/","title":{"rendered":"Smoby MEGAGLISS 2-i-1-rutschkana"},"content":{"rendered":"<p>Smoby MEGAGLISS 2-i-1-rutschkana \u00e4r en unik tr\u00e4dg\u00e5rdsleksak som v\u00e4xer med ditt barn. Med en 150 cm l\u00e5ng rutschkana \u00e4r den l\u00e4mplig f\u00f6r barn fr\u00e5n tv\u00e5 \u00e5r, och med extra f\u00f6rl\u00e4ngningselement kan den f\u00f6rvandlas till en megarutschkana med en l\u00e4ngd p\u00e5 upp till 360 cm, idealisk f\u00f6r \u00e4ldre barn.Smoby-rutschkanan garanterar s\u00e4kerheten f\u00f6r de yngsta barnen \u2013 dess breda bas garanterar stabilitet, och de halkfria stegen och ergonomiska handtagen hj\u00e4lper barnen att kl\u00e4ttra och rutscha s\u00e4kert. Den \u00e4r tillverkad av UV-best\u00e4ndiga material, \u00e4r extremt h\u00e5llbar, bleknar inte i solen och dess robusta konstruktion garanterar att den kommer att h\u00e5lla i m\u00e5nga \u00e5r. Perfekt f\u00f6r f\u00f6r\u00e4ldrar som letar efter en funktionell lekredskap som kommer att f\u00f6lja deras barn under m\u00e5nga \u00e5rs utomhuslek.<br \/>\nEgenskaper:<br \/>\n* &#8211; \u00c5lder: 2 \u00e5r<br \/>\n* &#8211; Max. belastning: 50 kg<br \/>\n* &#8211; Modul\u00e4r design \u2013 rutschkanans l\u00e4ngd fr\u00e5n 150 till 360 cm<br \/>\n* &#8211; Komfort och s\u00e4kerhet \u2013 stora, ergonomiska handtag och sl\u00e4t rutschkanayta<br \/>\n* &#8211; ANTI-UV-bel\u00e4ggning \u2013 skyddar mot blekning i solen<br \/>\n* &#8211; D\u00e4mpade f\u00e4rger \u2013 naturn\u00e4ra f\u00e4rger<br \/>\n* &#8211; M\u00e5ste monteras av en ansvarsk\u00e4nnande vuxen<br \/>\n* &#8211; Smoby Life eco-line \u2013 66 % av materialet \u00e4r \u00e5tervunnet<\/p>\n<p>Leksaken utvecklar:<\/p>\n<p>* &#8211; Motorik: Att \u00e5ka nerf\u00f6r rutschkanan fr\u00e4mjar utvecklingen av balans och motorisk koordination.<br \/>\n* &#8211; Sj\u00e4lvf\u00f6rtroende: Det hj\u00e4lper barn att \u00f6vervinna utmaningar, vilket utvecklar deras mod och sj\u00e4lvf\u00f6rtroende.<br \/>\n* &#8211; Leksug: Tack vare sin utbyggbarhet ger rutschkanan l\u00e5ngvarig lekgl\u00e4dje och v\u00e4xer med barnet.<\/p>\n<p>[img-125983-left-thickbox_default]<\/p>\n<p>[img-125990-left-thickbox_default]<\/p>\n","protected":false},"excerpt":{"rendered":"<p>Smoby MEGAGLISS 2-i-1-rutschkana \u00e4r en unik tr\u00e4dg\u00e5rdsleksak som v\u00e4xer med ditt barn. Med en 150 cm l\u00e5ng rutschkana \u00e4r den l\u00e4mplig f\u00f6r barn fr\u00e5n tv\u00e5 \u00e5r, och med extra f\u00f6rl\u00e4ngningselement kan den f\u00f6rvandlas till en megarutschkana med en l\u00e4ngd p\u00e5 upp till 360 cm, idealisk f\u00f6r \u00e4ldre barn.Smoby-rutschkanan garanterar s\u00e4kerheten f\u00f6r de yngsta barnen \u2013 [&hellip;]<\/p>\n","protected":false},"featured_media":0,"comment_status":"open","ping_status":"closed","template":"","meta":[],"product_brand":[],"product_cat":[33],"product_tag":[],"class_list":{"0":"post-17897","1":"product","2":"type-product","3":"status-publish","5":"product_cat-okategoriserad","7":"first","8":"instock","9":"shipping-taxable","10":"purchasable","11":"product-type-simple"},"_links":{"self":[{"href":"https:\/\/nordicmart.andreevmaster.com\/sv\/wp-json\/wp\/v2\/product\/17897","targetHints":{"allow":["GET"]}}],"collection":[{"href":"https:\/\/nordicmart.andreevmaster.com\/sv\/wp-json\/wp\/v2\/product"}],"about":[{"href":"https:\/\/nordicmart.andreevmaster.com\/sv\/wp-json\/wp\/v2\/types\/product"}],"replies":[{"embeddable":true,"href":"https:\/\/nordicmart.andreevmaster.com\/sv\/wp-json\/wp\/v2\/comments?post=17897"}],"wp:attachment":[{"href":"https:\/\/nordicmart.andreevmaster.com\/sv\/wp-json\/wp\/v2\/media?parent=17897"}],"wp:term":[{"taxonomy":"product_brand","embeddable":true,"href":"https:\/\/nordicmart.andreevmaster.com\/sv\/wp-json\/wp\/v2\/product_brand?post=17897"},{"taxonomy":"product_cat","embeddable":true,"href":"https:\/\/nordicmart.andreevmaster.com\/sv\/wp-json\/wp\/v2\/product_cat?post=17897"},{"taxonomy":"product_tag","embeddable":true,"href":"https:\/\/nordicmart.andreevmaster.com\/sv\/wp-json\/wp\/v2\/product_tag?post=17897"}],"curies":[{"name":"wp","href":"https:\/\/api.w.org\/{rel}","templated":true}]}}