{"id":17896,"date":"2026-02-27T00:37:08","date_gmt":"2026-02-27T00:37:08","guid":{"rendered":"https:\/\/nordicmart.andreevmaster.com\/product\/rolly-toys-rollyjunior-john-deere-pedaltraktor\/"},"modified":"2026-02-27T08:26:17","modified_gmt":"2026-02-27T08:26:17","slug":"rolly-toys-rollyjunior-john-deere-pedaltraktor","status":"publish","type":"product","link":"https:\/\/nordicmart.andreevmaster.com\/sv\/produkt\/rolly-toys-rollyjunior-john-deere-pedaltraktor\/","title":{"rendered":"Rolly Toys rollyJunior John Deere pedaltraktor"},"content":{"rendered":"<p>RollyJunior-traktorn, tillverkad under licens fr\u00e5n John Deere, med skopa och sl\u00e4p fr\u00e5n Rolly Toys, \u00e4r en av de b\u00e4sta traktorerna f\u00f6r barn som finns p\u00e5 marknaden. Denna leksak \u00e4r en dr\u00f6m som g\u00e5r i uppfyllelse f\u00f6r m\u00e5nga sm\u00e5 traktorf\u00f6rare. Noggrant tillverkad, med uppm\u00e4rksamhet p\u00e5 minsta detalj. Ingen riktig bonde skulle rynka p\u00e5 n\u00e4san \u00e5t den. Den perfekta presenten f\u00f6r alla tillf\u00e4llen. Denna gr\u00f6na pedaltraktor \u00e4r den idealiska leksaken f\u00f6r barn fr\u00e5n 3 \u00e5r. Leksaken kommer att tj\u00e4na dina barn i m\u00e5nga \u00e5r och inte bara ge dem mycket gl\u00e4dje, utan ocks\u00e5 utveckla deras motorik och koordination. Traktorns design garanterar fullst\u00e4ndig s\u00e4kerhet under lek tack vare det inbyggda mekaniska systemet, som skyddar barn fr\u00e5n olycksfall. Dessutom kan traktorns motorhuv lyftas s\u00e5 att ditt barn kan leka att det reparerar sitt fordon. Ytterligare funktioner, s\u00e5som en r\u00f6rlig skopa och en avtagbar sl\u00e4pvagn, g\u00f6r leken mer varierad och l\u00e5ter ditt barn transportera olika f\u00f6rem\u00e5l och simulera lantbruksarbete. Den \u00f6ppningsbara motorhuven ger realism och l\u00e5ter ditt barn leka \u00e4nnu mer interaktivt. Navkapslarna och den robusta kedjetransmissionsmekanismen garanterar leksakens h\u00e5llbarhet och tillf\u00f6rlitlighet.FUNKTIONER: &#8211; Tillverkad under licens fr\u00e5n John Deere, en av Europas st\u00f6rsta tillverkare av jordbruksutrustning &#8211; R\u00f6rlig skopa \u2013 l\u00e5ter barn imitera arbete p\u00e5 en byggarbetsplats eller g\u00e5rd, vilket utvecklar deras fantasi och manuella f\u00e4rdigheter &#8211; Sl\u00e4pvagnens baksida kan \u00f6ppnas &#8211; \u00d6ppningsbar motorhuv \u2013 g\u00f6r det roligare att leka med traktorn &#8211; Justerbart s\u00e4te, kan st\u00e4llas in efter barnets \u00e5lder &#8211; Tillverkad av h\u00f6gkvalitativ plast, l\u00e4tt att h\u00e5lla ren &#8211; Hela det mekaniska systemet \u00e4r s\u00e4kert inneslutet, vilket skyddar barnet fr\u00e5n oavsiktliga skador &#8211; Har en bakre dragkrok \u2013 g\u00f6r att du kan f\u00e4sta ytterligare tillbeh\u00f6r eller sl\u00e4pvagnar, vilket \u00f6kar traktorns funktionalitet. &#8211; Utrustad med kedjetransmissionsmekanism &#8211; Styrbar framaxel.<\/p>\n","protected":false},"excerpt":{"rendered":"<p>RollyJunior-traktorn, tillverkad under licens fr\u00e5n John Deere, med skopa och sl\u00e4p fr\u00e5n Rolly Toys, \u00e4r en av de b\u00e4sta traktorerna f\u00f6r barn som finns p\u00e5 marknaden. Denna leksak \u00e4r en dr\u00f6m som g\u00e5r i uppfyllelse f\u00f6r m\u00e5nga sm\u00e5 traktorf\u00f6rare. Noggrant tillverkad, med uppm\u00e4rksamhet p\u00e5 minsta detalj. Ingen riktig bonde skulle rynka p\u00e5 n\u00e4san \u00e5t den. [&hellip;]<\/p>\n","protected":false},"featured_media":0,"comment_status":"open","ping_status":"closed","template":"","meta":[],"product_brand":[],"product_cat":[33],"product_tag":[],"class_list":{"0":"post-17896","1":"product","2":"type-product","3":"status-publish","5":"product_cat-okategoriserad","7":"first","8":"instock","9":"shipping-taxable","10":"purchasable","11":"product-type-simple"},"_links":{"self":[{"href":"https:\/\/nordicmart.andreevmaster.com\/sv\/wp-json\/wp\/v2\/product\/17896","targetHints":{"allow":["GET"]}}],"collection":[{"href":"https:\/\/nordicmart.andreevmaster.com\/sv\/wp-json\/wp\/v2\/product"}],"about":[{"href":"https:\/\/nordicmart.andreevmaster.com\/sv\/wp-json\/wp\/v2\/types\/product"}],"replies":[{"embeddable":true,"href":"https:\/\/nordicmart.andreevmaster.com\/sv\/wp-json\/wp\/v2\/comments?post=17896"}],"wp:attachment":[{"href":"https:\/\/nordicmart.andreevmaster.com\/sv\/wp-json\/wp\/v2\/media?parent=17896"}],"wp:term":[{"taxonomy":"product_brand","embeddable":true,"href":"https:\/\/nordicmart.andreevmaster.com\/sv\/wp-json\/wp\/v2\/product_brand?post=17896"},{"taxonomy":"product_cat","embeddable":true,"href":"https:\/\/nordicmart.andreevmaster.com\/sv\/wp-json\/wp\/v2\/product_cat?post=17896"},{"taxonomy":"product_tag","embeddable":true,"href":"https:\/\/nordicmart.andreevmaster.com\/sv\/wp-json\/wp\/v2\/product_tag?post=17896"}],"curies":[{"name":"wp","href":"https:\/\/api.w.org\/{rel}","templated":true}]}}