{"id":17895,"date":"2026-02-27T00:37:07","date_gmt":"2026-02-27T00:37:07","guid":{"rendered":"https:\/\/nordicmart.andreevmaster.com\/product\/smoby-golv-for-lekstuga-6-delar\/"},"modified":"2026-02-27T08:26:17","modified_gmt":"2026-02-27T08:26:17","slug":"smoby-golv-for-lekstuga-6-delar","status":"publish","type":"product","link":"https:\/\/nordicmart.andreevmaster.com\/sv\/produkt\/smoby-golv-for-lekstuga-6-delar\/","title":{"rendered":"SMOBY Golv f\u00f6r lekstuga, 6 delar"},"content":{"rendered":"<p>Golvplattor f\u00f6r lekstugor fr\u00e5n den v\u00e4lk\u00e4nda franska tillverkaren av leksaker, Smoby. Golvplattor f\u00f6r lekstugor. Plattorna passar alla lekstugor. Satsen best\u00e5r av 6 plattor som m\u00e4ter 45 x 45 cm.<\/p>\n<p>Egenskaper:<\/p>\n<p>* &#8211; tillverkare: Smoby,<br \/>\n* &#8211; hopf\u00e4llbart golv,<br \/>\n* &#8211; 6 paneler,<br \/>\n* &#8211; kompatibelt med alla Smoby lekstugor,<br \/>\n* &#8211; plattornas m\u00e5tt: 45 x 45 cm,<br \/>\n* &#8211; h\u00f6gkvalitativt utf\u00f6rande.<\/p>\n<p>Smoby \u00e4r ett franskt f\u00f6retag med en historia som g\u00e5r tillbaka till 1924, som f\u00f6r n\u00e4rvarande \u00e4gs av den tyska leksakstillverkaren Simba-Dickie Group, som designar, tillverkar och distribuerar ett brett utbud av leksaker. Idag \u00e4r Smoby-produkter, varav de flesta tillverkas i Europa, extremt popul\u00e4ra och k\u00e4nnetecknas av h\u00f6gsta kvalitet, s\u00e4kerhet och h\u00e5llbarhet. Tack vare att de garanterar 100 % gl\u00e4dje och n\u00f6je f\u00f6r de yngsta har de redan hittat sin v\u00e4g till n\u00e4stan alla h\u00f6rn av v\u00e4rlden.<\/p>\n","protected":false},"excerpt":{"rendered":"<p>Golvplattor f\u00f6r lekstugor fr\u00e5n den v\u00e4lk\u00e4nda franska tillverkaren av leksaker, Smoby. Golvplattor f\u00f6r lekstugor. Plattorna passar alla lekstugor. Satsen best\u00e5r av 6 plattor som m\u00e4ter 45 x 45 cm. Egenskaper: * &#8211; tillverkare: Smoby, * &#8211; hopf\u00e4llbart golv, * &#8211; 6 paneler, * &#8211; kompatibelt med alla Smoby lekstugor, * &#8211; plattornas m\u00e5tt: 45 x [&hellip;]<\/p>\n","protected":false},"featured_media":0,"comment_status":"open","ping_status":"closed","template":"","meta":[],"product_brand":[],"product_cat":[33],"product_tag":[],"class_list":{"0":"post-17895","1":"product","2":"type-product","3":"status-publish","5":"product_cat-okategoriserad","7":"first","8":"instock","9":"shipping-taxable","10":"purchasable","11":"product-type-simple"},"_links":{"self":[{"href":"https:\/\/nordicmart.andreevmaster.com\/sv\/wp-json\/wp\/v2\/product\/17895","targetHints":{"allow":["GET"]}}],"collection":[{"href":"https:\/\/nordicmart.andreevmaster.com\/sv\/wp-json\/wp\/v2\/product"}],"about":[{"href":"https:\/\/nordicmart.andreevmaster.com\/sv\/wp-json\/wp\/v2\/types\/product"}],"replies":[{"embeddable":true,"href":"https:\/\/nordicmart.andreevmaster.com\/sv\/wp-json\/wp\/v2\/comments?post=17895"}],"wp:attachment":[{"href":"https:\/\/nordicmart.andreevmaster.com\/sv\/wp-json\/wp\/v2\/media?parent=17895"}],"wp:term":[{"taxonomy":"product_brand","embeddable":true,"href":"https:\/\/nordicmart.andreevmaster.com\/sv\/wp-json\/wp\/v2\/product_brand?post=17895"},{"taxonomy":"product_cat","embeddable":true,"href":"https:\/\/nordicmart.andreevmaster.com\/sv\/wp-json\/wp\/v2\/product_cat?post=17895"},{"taxonomy":"product_tag","embeddable":true,"href":"https:\/\/nordicmart.andreevmaster.com\/sv\/wp-json\/wp\/v2\/product_tag?post=17895"}],"curies":[{"name":"wp","href":"https:\/\/api.w.org\/{rel}","templated":true}]}}