{"id":17894,"date":"2026-02-27T00:37:07","date_gmt":"2026-02-27T00:37:07","guid":{"rendered":"https:\/\/nordicmart.andreevmaster.com\/product\/smoby-life-garden-playhouse-med-sandlada\/"},"modified":"2026-02-27T08:26:17","modified_gmt":"2026-02-27T08:26:17","slug":"smoby-life-garden-playhouse-med-sandlada","status":"publish","type":"product","link":"https:\/\/nordicmart.andreevmaster.com\/sv\/produkt\/smoby-life-garden-playhouse-med-sandlada\/","title":{"rendered":"Smoby Life Garden Playhouse med sandl\u00e5da"},"content":{"rendered":"<p>Smoby Life Garden lekstuga med sandl\u00e5da \u00e4r en underbar plats att utforska, experimentera och leka tillsammans. Genom att kombinera en lekstuga med en sandl\u00e5da eller minitr\u00e4dg\u00e5rd kan de sm\u00e5 utveckla sin fantasi och njuta av utomhusaktiviteter. Det \u00e4r den perfekta platsen att leka hus, restaurang eller aff\u00e4r, samt bygga sandslott eller plantera blommor. Den rymliga lekstugan har utformats f\u00f6r en rad olika aktiviteter, fr\u00e5n temalekar till f\u00f6rsta tr\u00e4dg\u00e5rdsupplevelser.<\/p>\n<p>### Egenskaper:<\/p>\n<p>* &#8211; \u00c5lder: 2 \u00e5r<br \/>\n* &#8211; Robust konstruktion av h\u00e5llbar plast<br \/>\n* &#8211; ANTI-UV-bel\u00e4ggning som skyddar f\u00e4rgerna fr\u00e5n att blekna<br \/>\n* &#8211; 2-i-1-l\u00e5da: sandl\u00e5da eller tr\u00e4dg\u00e5rd f\u00f6r att plantera v\u00e4xter<br \/>\n* &#8211; L\u00e5dans kapacitet: 100 kg sand eller 70 kg jord<br \/>\n* &#8211; Inkluderar en presenning f\u00f6r att skydda marken<br \/>\n* &#8211; Smoby Life eco-serie \u2013 60 % \u00e5tervunnet material<br \/>\n* &#8211; Snygga, d\u00e4mpade f\u00e4rger inspirerade av naturen<\/p>\n<p>### Leksaken utvecklar:<\/p>\n<p>* &#8211; Kreativitet genom rollspel<br \/>\n* &#8211; Sociala f\u00e4rdigheter genom lek med kamrater<br \/>\n* &#8211; T\u00e5lamod och omsorg om v\u00e4xter vid tr\u00e4dg\u00e5rdsarbete<br \/>\n* &#8211; Fin- och grovmotorik under lek i sandl\u00e5dan<\/p>\n","protected":false},"excerpt":{"rendered":"<p>Smoby Life Garden lekstuga med sandl\u00e5da \u00e4r en underbar plats att utforska, experimentera och leka tillsammans. Genom att kombinera en lekstuga med en sandl\u00e5da eller minitr\u00e4dg\u00e5rd kan de sm\u00e5 utveckla sin fantasi och njuta av utomhusaktiviteter. Det \u00e4r den perfekta platsen att leka hus, restaurang eller aff\u00e4r, samt bygga sandslott eller plantera blommor. Den rymliga [&hellip;]<\/p>\n","protected":false},"featured_media":0,"comment_status":"open","ping_status":"closed","template":"","meta":[],"product_brand":[],"product_cat":[33],"product_tag":[],"class_list":{"0":"post-17894","1":"product","2":"type-product","3":"status-publish","5":"product_cat-okategoriserad","7":"first","8":"instock","9":"shipping-taxable","10":"purchasable","11":"product-type-simple"},"_links":{"self":[{"href":"https:\/\/nordicmart.andreevmaster.com\/sv\/wp-json\/wp\/v2\/product\/17894","targetHints":{"allow":["GET"]}}],"collection":[{"href":"https:\/\/nordicmart.andreevmaster.com\/sv\/wp-json\/wp\/v2\/product"}],"about":[{"href":"https:\/\/nordicmart.andreevmaster.com\/sv\/wp-json\/wp\/v2\/types\/product"}],"replies":[{"embeddable":true,"href":"https:\/\/nordicmart.andreevmaster.com\/sv\/wp-json\/wp\/v2\/comments?post=17894"}],"wp:attachment":[{"href":"https:\/\/nordicmart.andreevmaster.com\/sv\/wp-json\/wp\/v2\/media?parent=17894"}],"wp:term":[{"taxonomy":"product_brand","embeddable":true,"href":"https:\/\/nordicmart.andreevmaster.com\/sv\/wp-json\/wp\/v2\/product_brand?post=17894"},{"taxonomy":"product_cat","embeddable":true,"href":"https:\/\/nordicmart.andreevmaster.com\/sv\/wp-json\/wp\/v2\/product_cat?post=17894"},{"taxonomy":"product_tag","embeddable":true,"href":"https:\/\/nordicmart.andreevmaster.com\/sv\/wp-json\/wp\/v2\/product_tag?post=17894"}],"curies":[{"name":"wp","href":"https:\/\/api.w.org\/{rel}","templated":true}]}}