{"id":17893,"date":"2026-02-27T00:37:07","date_gmt":"2026-02-27T00:37:07","guid":{"rendered":"https:\/\/nordicmart.andreevmaster.com\/product\/smoby-four-seasons-garden-house-2\/"},"modified":"2026-02-27T08:26:16","modified_gmt":"2026-02-27T08:26:16","slug":"smoby-four-seasons-garden-house-2","status":"publish","type":"product","link":"https:\/\/nordicmart.andreevmaster.com\/sv\/produkt\/smoby-four-seasons-garden-house-2\/","title":{"rendered":"SMOBY Four Seasons Garden House"},"content":{"rendered":"<p>4 Seasons Garden House fr\u00e5n Smoby \u00e4r en leksak f\u00f6r barn fr\u00e5n 2 \u00e5r som uppmuntrar till utomhusaktiviteter. Huset har en f\u00e4rgglad design och m\u00e5nga intressanta funktioner, s\u00e5som f\u00f6nster med f\u00f6nsterluckor, en d\u00f6rr med ringklocka och vindspel. Huset \u00e4r ocks\u00e5 utrustat med tillbeh\u00f6r f\u00f6r att l\u00e4ra sig om v\u00e4der, s\u00e5som en regnm\u00e4tare, vindfl\u00f6jel och v\u00e4derpanel. Barnen kan observera f\u00f6r\u00e4ndringar i temperatur, nederb\u00f6rd och solsken och anteckna sina uppt\u00e4ckter p\u00e5 panelen. Huset \u00e4r tillverkat av h\u00f6gkvalitativ plast som \u00e4r best\u00e4ndig mot blekning och v\u00e4derf\u00f6rh\u00e5llanden. Lekhuset kan ocks\u00e5 kombineras med andra Smoby-tillbeh\u00f6r, s\u00e5som sandl\u00e5da, sommark\u00f6k, golv, sprinkler eller tr\u00e4dg\u00e5rdskruka (s\u00e4ljs separat). 4 Seasons Garden Playhouse \u00e4r den perfekta leksaken f\u00f6r sm\u00e5 uppt\u00e4cktsresande som \u00e4lskar att leka utomhus.<\/p>\n<p>Egenskaper:<\/p>\n<p>* &#8211; leksak f\u00f6r barn fr\u00e5n 2 \u00e5r,<br \/>\n* &#8211; f\u00e4rgglad och attraktiv design,<br \/>\n* &#8211; f\u00f6nster med persienner, d\u00f6rr med ringklocka och vindspel,<br \/>\n* &#8211; tillbeh\u00f6r f\u00f6r att l\u00e4ra sig om v\u00e4der: regnm\u00e4tare, vindfl\u00f6jel, meteorologisk panel,<br \/>\n* &#8211; plast med UV-skyddande bel\u00e4ggning, t\u00e5lig mot blekning och v\u00e4derf\u00f6rh\u00e5llanden,<br \/>\n* &#8211; kan kombineras med andra Smoby-tillbeh\u00f6r (s\u00e4ljs separat),<br \/>\n* &#8211; tillverkad i Frankrike.<\/p>\n","protected":false},"excerpt":{"rendered":"<p>4 Seasons Garden House fr\u00e5n Smoby \u00e4r en leksak f\u00f6r barn fr\u00e5n 2 \u00e5r som uppmuntrar till utomhusaktiviteter. Huset har en f\u00e4rgglad design och m\u00e5nga intressanta funktioner, s\u00e5som f\u00f6nster med f\u00f6nsterluckor, en d\u00f6rr med ringklocka och vindspel. Huset \u00e4r ocks\u00e5 utrustat med tillbeh\u00f6r f\u00f6r att l\u00e4ra sig om v\u00e4der, s\u00e5som en regnm\u00e4tare, vindfl\u00f6jel och v\u00e4derpanel. [&hellip;]<\/p>\n","protected":false},"featured_media":0,"comment_status":"open","ping_status":"closed","template":"","meta":[],"product_brand":[],"product_cat":[33],"product_tag":[],"class_list":{"0":"post-17893","1":"product","2":"type-product","3":"status-publish","5":"product_cat-okategoriserad","7":"first","8":"instock","9":"shipping-taxable","10":"purchasable","11":"product-type-simple"},"_links":{"self":[{"href":"https:\/\/nordicmart.andreevmaster.com\/sv\/wp-json\/wp\/v2\/product\/17893","targetHints":{"allow":["GET"]}}],"collection":[{"href":"https:\/\/nordicmart.andreevmaster.com\/sv\/wp-json\/wp\/v2\/product"}],"about":[{"href":"https:\/\/nordicmart.andreevmaster.com\/sv\/wp-json\/wp\/v2\/types\/product"}],"replies":[{"embeddable":true,"href":"https:\/\/nordicmart.andreevmaster.com\/sv\/wp-json\/wp\/v2\/comments?post=17893"}],"wp:attachment":[{"href":"https:\/\/nordicmart.andreevmaster.com\/sv\/wp-json\/wp\/v2\/media?parent=17893"}],"wp:term":[{"taxonomy":"product_brand","embeddable":true,"href":"https:\/\/nordicmart.andreevmaster.com\/sv\/wp-json\/wp\/v2\/product_brand?post=17893"},{"taxonomy":"product_cat","embeddable":true,"href":"https:\/\/nordicmart.andreevmaster.com\/sv\/wp-json\/wp\/v2\/product_cat?post=17893"},{"taxonomy":"product_tag","embeddable":true,"href":"https:\/\/nordicmart.andreevmaster.com\/sv\/wp-json\/wp\/v2\/product_tag?post=17893"}],"curies":[{"name":"wp","href":"https:\/\/api.w.org\/{rel}","templated":true}]}}