{"id":17892,"date":"2026-02-27T00:37:06","date_gmt":"2026-02-27T00:37:06","guid":{"rendered":"https:\/\/nordicmart.andreevmaster.com\/product\/smoby-chefs-house-2\/"},"modified":"2026-02-27T08:26:16","modified_gmt":"2026-02-27T08:26:16","slug":"smoby-chefs-house-2","status":"publish","type":"product","link":"https:\/\/nordicmart.andreevmaster.com\/sv\/produkt\/smoby-chefs-house-2\/","title":{"rendered":"Smoby Chef&#8217;s House"},"content":{"rendered":"<p>Smoby Chef&#8217;s House \u00e4r en unik leksak som kombinerar funktionerna hos ett klassiskt lekhus med ett fullt utrustat restaurangk\u00f6k. Perfekt f\u00f6r unga matlagningsentusiaster som vill utveckla sina kulinariska f\u00e4rdigheter i tr\u00e4dg\u00e5rden genom att skapa sin egen utomhusrestaurang. Perfekt f\u00f6r att leka ensam eller med v\u00e4nner, uppmuntrar kreativitet och samarbete. <\/p>\n<p>Funktioner: <\/p>\n<p>* &#8211; \u00c5lder: 2 \u00e5r<br \/>\n* &#8211; Funktionellt k\u00f6k: Huset \u00e4r utrustat med kylsk\u00e5p, ugn, gasspis, diskho med kran och kassaapparat med kortl\u00e4sare. Det \u00e4r ett riktigt restauranglekset!<br \/>\n* &#8211; K\u00f6ksutrustning: En upps\u00e4ttning drycker, bestick, s\u00f6ta och salta r\u00e4tter, k\u00f6ksredskap, en pannkakspanna, pepparkvarn, saltkar, ketchup och senap \u2013 allt du beh\u00f6ver f\u00f6r att laga l\u00e4ckra m\u00e5ltider.* &#8211; Originaldesign: Tr\u00e4effektpr\u00e4glade v\u00e4ggar och takpannor ger huset en unik karakt\u00e4r. * &#8211; Menytavlor: Tv\u00e5 tavlor g\u00f6r att du kan skriva menyn eller restaurangskylten, vilket g\u00f6r det m\u00f6jligt att helt anpassa leken efter eget tycke. * &#8211; S\u00e4kert och h\u00e5llbart material: Huset \u00e4r tillverkat av 64 % \u00e5tervunnen plast och har en UV-skyddande bel\u00e4ggning som skyddar f\u00e4rgerna fr\u00e5n att blekna.<\/p>\n<p>Leksaken utvecklar:<\/p>\n<p>* &#8211; Kreativitet och fantasi: Barnen skapar sin egen kulinariska historia, utvecklar sin fantasi och l\u00e4r sig att skapa menyer, servera r\u00e4tter och sk\u00f6ta sin restaurang.<br \/>\n* &#8211; Sociala f\u00e4rdigheter: Att leka i grupp utvecklar kommunikations- och samarbetsf\u00f6rm\u00e5gan och l\u00e5ter barnen \u00f6va p\u00e5 sociala roller och scenarier.* &#8211; Hand-\u00f6ga-koordination: Att laga mat, f\u00f6rbereda mat, ordna tillbeh\u00f6r och anv\u00e4nda k\u00f6ksredskap utvecklar barnens motoriska f\u00e4rdigheter. * &#8211; Utrymmeshantering: Barnen l\u00e4r sig att organisera utrymmet i k\u00f6ket, h\u00e5lla ordning och f\u00f6rvara tillbeh\u00f6r p\u00e5 r\u00e4tt s\u00e4tt. Kockens hus \u00e4r en utm\u00e4rkt leksak som f\u00f6rflyttar barnen till matlagningens och restaurangernas v\u00e4rld. Tack vare sin rika utrustning och funktionalitet ger den timmar av kreativ lek och utvecklar manuella, sociala och organisatoriska f\u00e4rdigheter.<\/p>\n","protected":false},"excerpt":{"rendered":"<p>Smoby Chef&#8217;s House \u00e4r en unik leksak som kombinerar funktionerna hos ett klassiskt lekhus med ett fullt utrustat restaurangk\u00f6k. Perfekt f\u00f6r unga matlagningsentusiaster som vill utveckla sina kulinariska f\u00e4rdigheter i tr\u00e4dg\u00e5rden genom att skapa sin egen utomhusrestaurang. Perfekt f\u00f6r att leka ensam eller med v\u00e4nner, uppmuntrar kreativitet och samarbete. Funktioner: * &#8211; \u00c5lder: 2 \u00e5r [&hellip;]<\/p>\n","protected":false},"featured_media":0,"comment_status":"open","ping_status":"closed","template":"","meta":[],"product_brand":[],"product_cat":[33],"product_tag":[],"class_list":{"0":"post-17892","1":"product","2":"type-product","3":"status-publish","5":"product_cat-okategoriserad","7":"first","8":"instock","9":"shipping-taxable","10":"purchasable","11":"product-type-simple"},"_links":{"self":[{"href":"https:\/\/nordicmart.andreevmaster.com\/sv\/wp-json\/wp\/v2\/product\/17892","targetHints":{"allow":["GET"]}}],"collection":[{"href":"https:\/\/nordicmart.andreevmaster.com\/sv\/wp-json\/wp\/v2\/product"}],"about":[{"href":"https:\/\/nordicmart.andreevmaster.com\/sv\/wp-json\/wp\/v2\/types\/product"}],"replies":[{"embeddable":true,"href":"https:\/\/nordicmart.andreevmaster.com\/sv\/wp-json\/wp\/v2\/comments?post=17892"}],"wp:attachment":[{"href":"https:\/\/nordicmart.andreevmaster.com\/sv\/wp-json\/wp\/v2\/media?parent=17892"}],"wp:term":[{"taxonomy":"product_brand","embeddable":true,"href":"https:\/\/nordicmart.andreevmaster.com\/sv\/wp-json\/wp\/v2\/product_brand?post=17892"},{"taxonomy":"product_cat","embeddable":true,"href":"https:\/\/nordicmart.andreevmaster.com\/sv\/wp-json\/wp\/v2\/product_cat?post=17892"},{"taxonomy":"product_tag","embeddable":true,"href":"https:\/\/nordicmart.andreevmaster.com\/sv\/wp-json\/wp\/v2\/product_tag?post=17892"}],"curies":[{"name":"wp","href":"https:\/\/api.w.org\/{rel}","templated":true}]}}