{"id":17891,"date":"2026-02-27T00:37:06","date_gmt":"2026-02-27T00:37:06","guid":{"rendered":"https:\/\/nordicmart.andreevmaster.com\/product\/smoby-life-evo-garden-playhouse-2\/"},"modified":"2026-02-27T08:26:16","modified_gmt":"2026-02-27T08:26:16","slug":"smoby-life-evo-garden-playhouse-2","status":"publish","type":"product","link":"https:\/\/nordicmart.andreevmaster.com\/sv\/produkt\/smoby-life-evo-garden-playhouse-2\/","title":{"rendered":"Smoby Life Evo Garden Playhouse"},"content":{"rendered":"<p>Smoby Life Evo Garden Playhouse \u00e4r den perfekta lekplatsen utomhus f\u00f6r barn fr\u00e5n 3 \u00e5r. H\u00e4r kan de sm\u00e5 leka olika roller och bjuda in sina v\u00e4nner att vara med och leka. Dess rymlighet, h\u00f6gkvalitativa material och funktionalitet g\u00f6r den till det perfekta valet f\u00f6r tr\u00e4dg\u00e5rden, d\u00e4r barnen kan utveckla sin fantasi och tillbringa tid utomhus.<\/p>\n<p>Egenskaper:<\/p>\n<p>* &#8211; L\u00e4mplig f\u00f6r barn fr\u00e5n 3 \u00e5r och upp\u00e5t, med tillr\u00e4ckligt med utrymme f\u00f6r lek.<br \/>\n* &#8211; H\u00f6gkvalitativa material: Lekstugan \u00e4r tillverkad av slitstark plast som imiterar tr\u00e4 och sten, som \u00e4r v\u00e4derbest\u00e4ndig och \u00e5tervunnen (61 % av materialet).* &#8211; ANTI-UV-bel\u00e4ggning: Skydd mot blekning i solen, vilket garanterar l\u00e5ngvarig estetik och f\u00e4rgintensitet. * &#8211; Rymlighet: Med en h\u00f6jd p\u00e5 \u00f6ver 1,5 meter * &#8211; Tillbeh\u00f6r: Lekstugan har en d\u00f6rr med kikh\u00e5l, f\u00f6nster med \u00f6ppningsbara f\u00f6nsterluckor och en brevl\u00e5da, s\u00e5 att barnen kan leka mer realistiskt.* &#8211; Balanserade f\u00e4rger: D\u00e4mpade f\u00e4rger i naturliga nyanser g\u00f6r att lekstugan sm\u00e4lter in i alla tr\u00e4dg\u00e5rdar utan att dominera utrymmet. Leksaken utvecklar: * &#8211; Fantasi och kreativitet: Att leka i lekstugan utvecklar fantasin; barnen kan organisera olika roller, bjuda in g\u00e4ster eller ha imagin\u00e4ra samtal.* &#8211; Sociala f\u00e4rdigheter: Lekstugan uppmuntrar till interaktion med kamrater, vilket utvecklar kommunikationsf\u00f6rm\u00e5ga, samarbete och delaktighet. * &#8211; Manuella f\u00e4rdigheter: \u00d6ppna f\u00f6nsterluckor, d\u00f6rrar, en brevl\u00e5da och andra element hj\u00e4lper till att utveckla barnens manuella f\u00e4rdigheter och l\u00e4r dem att anv\u00e4nda h\u00e4nderna med precision. * &#8211; Estetisk k\u00e4nsla: D\u00e4mpade f\u00e4rger och naturliga material formar barnens estetiska k\u00e4nsla och omsorg om sin omgivning.* &#8211; Kreativ inredning: M\u00f6jligheten att k\u00f6pa tillbeh\u00f6r (s\u00e4ljs separat), s\u00e5som sandl\u00e5da, lampa, sprinkler eller picknickbord, g\u00f6r att barnen kan skapa en komplett, funktionell lekplats.<\/p>\n","protected":false},"excerpt":{"rendered":"<p>Smoby Life Evo Garden Playhouse \u00e4r den perfekta lekplatsen utomhus f\u00f6r barn fr\u00e5n 3 \u00e5r. H\u00e4r kan de sm\u00e5 leka olika roller och bjuda in sina v\u00e4nner att vara med och leka. Dess rymlighet, h\u00f6gkvalitativa material och funktionalitet g\u00f6r den till det perfekta valet f\u00f6r tr\u00e4dg\u00e5rden, d\u00e4r barnen kan utveckla sin fantasi och tillbringa tid [&hellip;]<\/p>\n","protected":false},"featured_media":0,"comment_status":"open","ping_status":"closed","template":"","meta":[],"product_brand":[],"product_cat":[33],"product_tag":[],"class_list":{"0":"post-17891","1":"product","2":"type-product","3":"status-publish","5":"product_cat-okategoriserad","7":"first","8":"instock","9":"shipping-taxable","10":"purchasable","11":"product-type-simple"},"_links":{"self":[{"href":"https:\/\/nordicmart.andreevmaster.com\/sv\/wp-json\/wp\/v2\/product\/17891","targetHints":{"allow":["GET"]}}],"collection":[{"href":"https:\/\/nordicmart.andreevmaster.com\/sv\/wp-json\/wp\/v2\/product"}],"about":[{"href":"https:\/\/nordicmart.andreevmaster.com\/sv\/wp-json\/wp\/v2\/types\/product"}],"replies":[{"embeddable":true,"href":"https:\/\/nordicmart.andreevmaster.com\/sv\/wp-json\/wp\/v2\/comments?post=17891"}],"wp:attachment":[{"href":"https:\/\/nordicmart.andreevmaster.com\/sv\/wp-json\/wp\/v2\/media?parent=17891"}],"wp:term":[{"taxonomy":"product_brand","embeddable":true,"href":"https:\/\/nordicmart.andreevmaster.com\/sv\/wp-json\/wp\/v2\/product_brand?post=17891"},{"taxonomy":"product_cat","embeddable":true,"href":"https:\/\/nordicmart.andreevmaster.com\/sv\/wp-json\/wp\/v2\/product_cat?post=17891"},{"taxonomy":"product_tag","embeddable":true,"href":"https:\/\/nordicmart.andreevmaster.com\/sv\/wp-json\/wp\/v2\/product_tag?post=17891"}],"curies":[{"name":"wp","href":"https:\/\/api.w.org\/{rel}","templated":true}]}}