{"id":17890,"date":"2026-02-27T00:37:06","date_gmt":"2026-02-27T00:37:06","guid":{"rendered":"https:\/\/nordicmart.andreevmaster.com\/product\/falk-scooter-strada-scooter-rod-tysta-dack-fran-1-ar\/"},"modified":"2026-02-27T08:26:16","modified_gmt":"2026-02-27T08:26:16","slug":"falk-scooter-strada-scooter-rod-tysta-dack-fran-1-ar","status":"publish","type":"product","link":"https:\/\/nordicmart.andreevmaster.com\/sv\/produkt\/falk-scooter-strada-scooter-rod-tysta-dack-fran-1-ar\/","title":{"rendered":"FALK Scooter Strada Scooter R\u00f6d Tysta d\u00e4ck fr\u00e5n 1 \u00e5r"},"content":{"rendered":"<p>Denna \u00e5kleksak fr\u00e5n den franska tillverkaren Falk \u00e4r den perfekta presenten f\u00f6r barn fr\u00e5n 1 \u00e5r. Den \u00e4r utrustad med stora hjul som ger barnet den stabilitet som beh\u00f6vs f\u00f6r utvecklingen och hj\u00e4lper ocks\u00e5 den lille att tr\u00e4na balans och motorik. Elastomerbel\u00e4ggningen g\u00f6r dem mer motst\u00e5ndskraftiga mot repor och skador. Leksaken hanteras som en riktig sparkcykel tack vare sitt lilla sv\u00e4ngbara ratt med tuta, vilket ytterligare \u00f6kar barnets n\u00f6je. <\/p>\n<p>Egenskaper: <\/p>\n<p>* &#8211; f\u00f6r barn fr\u00e5n 1 \u00e5r,<br \/>\n* &#8211; maximal belastning upp till 25 kg,<br \/>\n* &#8211; leksak i sparkcykelstil,<br \/>\n* &#8211; har tysta hjul,* &#8211; t\u00e4ckt med en elastomerbel\u00e4ggning,<br \/>\n* &#8211; breda hjul f\u00f6r en k\u00e4nsla av s\u00e4kerhet,<br \/>\n* &#8211; tuta i styret.<\/p>\n","protected":false},"excerpt":{"rendered":"<p>Denna \u00e5kleksak fr\u00e5n den franska tillverkaren Falk \u00e4r den perfekta presenten f\u00f6r barn fr\u00e5n 1 \u00e5r. Den \u00e4r utrustad med stora hjul som ger barnet den stabilitet som beh\u00f6vs f\u00f6r utvecklingen och hj\u00e4lper ocks\u00e5 den lille att tr\u00e4na balans och motorik. Elastomerbel\u00e4ggningen g\u00f6r dem mer motst\u00e5ndskraftiga mot repor och skador. Leksaken hanteras som en riktig [&hellip;]<\/p>\n","protected":false},"featured_media":0,"comment_status":"open","ping_status":"closed","template":"","meta":[],"product_brand":[],"product_cat":[33],"product_tag":[],"class_list":{"0":"post-17890","1":"product","2":"type-product","3":"status-publish","5":"product_cat-okategoriserad","7":"first","8":"instock","9":"shipping-taxable","10":"purchasable","11":"product-type-simple"},"_links":{"self":[{"href":"https:\/\/nordicmart.andreevmaster.com\/sv\/wp-json\/wp\/v2\/product\/17890","targetHints":{"allow":["GET"]}}],"collection":[{"href":"https:\/\/nordicmart.andreevmaster.com\/sv\/wp-json\/wp\/v2\/product"}],"about":[{"href":"https:\/\/nordicmart.andreevmaster.com\/sv\/wp-json\/wp\/v2\/types\/product"}],"replies":[{"embeddable":true,"href":"https:\/\/nordicmart.andreevmaster.com\/sv\/wp-json\/wp\/v2\/comments?post=17890"}],"wp:attachment":[{"href":"https:\/\/nordicmart.andreevmaster.com\/sv\/wp-json\/wp\/v2\/media?parent=17890"}],"wp:term":[{"taxonomy":"product_brand","embeddable":true,"href":"https:\/\/nordicmart.andreevmaster.com\/sv\/wp-json\/wp\/v2\/product_brand?post=17890"},{"taxonomy":"product_cat","embeddable":true,"href":"https:\/\/nordicmart.andreevmaster.com\/sv\/wp-json\/wp\/v2\/product_cat?post=17890"},{"taxonomy":"product_tag","embeddable":true,"href":"https:\/\/nordicmart.andreevmaster.com\/sv\/wp-json\/wp\/v2\/product_tag?post=17890"}],"curies":[{"name":"wp","href":"https:\/\/api.w.org\/{rel}","templated":true}]}}