{"id":17889,"date":"2026-02-27T00:37:06","date_gmt":"2026-02-27T00:37:06","guid":{"rendered":"https:\/\/nordicmart.andreevmaster.com\/product\/step2-bord-picknickbord-med-parasoll\/"},"modified":"2026-02-27T08:26:15","modified_gmt":"2026-02-27T08:26:15","slug":"step2-bord-picknickbord-med-parasoll","status":"publish","type":"product","link":"https:\/\/nordicmart.andreevmaster.com\/sv\/produkt\/step2-bord-picknickbord-med-parasoll\/","title":{"rendered":"STEP2 Bord \u2013 Picknickbord med parasoll"},"content":{"rendered":"<p>STEP2 Picknickbord \u2013 ett paradis f\u00f6r sm\u00e5 uppt\u00e4cktsresande<\/p>\n<p>Uppt\u00e4ck en v\u00e4rld av bekymmersl\u00f6s lek och gemensamma m\u00e5ltider utomhus med detta robusta picknickbord fr\u00e5n det v\u00e4lk\u00e4nda amerikanska m\u00e4rket STEP2! Bordet \u00e4r utformat f\u00f6r sex sm\u00e5 barn och \u00e4r utrustat med tv\u00e5 ergonomiska b\u00e4nkar med specialformade s\u00e4ten som tar hand om ryggarna \u00e4ven hos de mest aktiva sm\u00e5 busungarna.<\/p>\n<p>O\u00f6vertr\u00e4ffad h\u00e5llbarhet och s\u00e4kerhet<\/p>\n<p>* Dubbelv\u00e4ggig konstruktion: tjocka (5\u20136 cm) luftfyllda v\u00e4ggar garanterar l\u00e4tthet och samtidigt o\u00f6vertr\u00e4ffad motst\u00e5ndskraft mot st\u00f6tar och skador.<br \/>\n* Stabil konstruktion: en solid bordsskiva p\u00e5 100 \u00d7 50 cm och robusta ben garanterar s\u00e4ker lek utan att bordet vacklar eller v\u00e4lter.* Certifierad kvalitet: testad i ett ackrediterat laboratorium, helt i enlighet med EN71 1-3, vilket inneb\u00e4r h\u00f6gsta s\u00e4kerhetsniv\u00e5.<\/p>\n<p>Dubbelv\u00e4ggig maskin: tjocka (5\u20136 cm) luftfyllda v\u00e4ggar garanterar l\u00e4tthet och samtidigt o\u00f6vertr\u00e4ffad motst\u00e5ndskraft mot st\u00f6tar och skador. <\/p>\n<p>Stabil konstruktion: en solid bordsskiva p\u00e5 100 \u00d7 50 cm och robusta ben garanterar s\u00e4ker lek utan att maskinen vacklar eller v\u00e4lter.<\/p>\n<p>Certifierad kvalitet: testad i ett ackrediterat laboratorium, helt i enlighet med EN71 1-3, vilket inneb\u00e4r h\u00f6gsta s\u00e4kerhetsniv\u00e5. <\/p>\n<p>Komfort och anv\u00e4ndarv\u00e4nlighet <\/p>\n<p>* Optimal h\u00f6jd p\u00e5 50 cm \u2013 anpassad till olika l\u00e4ngder hos f\u00f6rskolebarn och yngre skolbarn.* Solskydd \u2013 det medf\u00f6ljande UV-blockerande paraplyet g\u00f6r det m\u00f6jligt att leka l\u00e4nge utan risk f\u00f6r \u00f6verdriven sol exponering.<br \/>\n* L\u00e4tt att reng\u00f6ra och v\u00e4derbest\u00e4ndigt \u2013 detta bord kommer aldrig att svika dig, oavsett v\u00e4der! <\/p>\n<p>Optimal h\u00f6jd p\u00e5 50 cm \u2013 anpassad till olika l\u00e4ngder hos f\u00f6rskolebarn och yngre skolbarn.<\/p>\n<p>Solskydd \u2013 det medf\u00f6ljande UV-blockerande paraplyet g\u00f6r det m\u00f6jligt att leka l\u00e4nge utan risk f\u00f6r \u00f6verdriven sol exponering.<\/p>\n<p>L\u00e4tt att reng\u00f6ra och v\u00e4derbest\u00e4ndigt \u2013 detta bord kommer aldrig att svika dig, oavsett v\u00e4der!Tekniska data:<\/p>\n<p>* Setets vikt: 16 kg<br \/>\n* Plats f\u00f6r upp till 6 barn (max. totalvikt 135 kg; max. 22,5 kg per barn)<br \/>\n* Bordsskivans m\u00e5tt: 100 \u00d7 50 cm<br \/>\n* H\u00f6jd fr\u00e5n marken: 50 cm<\/p>\n<p>Setets vikt: 16 kg<\/p>\n<p>Rymmer upp till 6 barn (max. totalvikt 135 kg; max. 22,5 kg per barn)<\/p>\n<p>Bordsskivans m\u00e5tt: 100 \u00d7 50 cm<\/p>\n<p>H\u00f6jd fr\u00e5n marken: 50 cm<\/p>\n<p>[img-55961-left-thickbox_default]<\/p>\n","protected":false},"excerpt":{"rendered":"<p>STEP2 Picknickbord \u2013 ett paradis f\u00f6r sm\u00e5 uppt\u00e4cktsresande Uppt\u00e4ck en v\u00e4rld av bekymmersl\u00f6s lek och gemensamma m\u00e5ltider utomhus med detta robusta picknickbord fr\u00e5n det v\u00e4lk\u00e4nda amerikanska m\u00e4rket STEP2! Bordet \u00e4r utformat f\u00f6r sex sm\u00e5 barn och \u00e4r utrustat med tv\u00e5 ergonomiska b\u00e4nkar med specialformade s\u00e4ten som tar hand om ryggarna \u00e4ven hos de mest aktiva [&hellip;]<\/p>\n","protected":false},"featured_media":0,"comment_status":"open","ping_status":"closed","template":"","meta":[],"product_brand":[],"product_cat":[33],"product_tag":[],"class_list":{"0":"post-17889","1":"product","2":"type-product","3":"status-publish","5":"product_cat-okategoriserad","7":"first","8":"instock","9":"shipping-taxable","10":"purchasable","11":"product-type-simple"},"_links":{"self":[{"href":"https:\/\/nordicmart.andreevmaster.com\/sv\/wp-json\/wp\/v2\/product\/17889","targetHints":{"allow":["GET"]}}],"collection":[{"href":"https:\/\/nordicmart.andreevmaster.com\/sv\/wp-json\/wp\/v2\/product"}],"about":[{"href":"https:\/\/nordicmart.andreevmaster.com\/sv\/wp-json\/wp\/v2\/types\/product"}],"replies":[{"embeddable":true,"href":"https:\/\/nordicmart.andreevmaster.com\/sv\/wp-json\/wp\/v2\/comments?post=17889"}],"wp:attachment":[{"href":"https:\/\/nordicmart.andreevmaster.com\/sv\/wp-json\/wp\/v2\/media?parent=17889"}],"wp:term":[{"taxonomy":"product_brand","embeddable":true,"href":"https:\/\/nordicmart.andreevmaster.com\/sv\/wp-json\/wp\/v2\/product_brand?post=17889"},{"taxonomy":"product_cat","embeddable":true,"href":"https:\/\/nordicmart.andreevmaster.com\/sv\/wp-json\/wp\/v2\/product_cat?post=17889"},{"taxonomy":"product_tag","embeddable":true,"href":"https:\/\/nordicmart.andreevmaster.com\/sv\/wp-json\/wp\/v2\/product_tag?post=17889"}],"curies":[{"name":"wp","href":"https:\/\/api.w.org\/{rel}","templated":true}]}}