{"id":17888,"date":"2026-02-27T00:37:05","date_gmt":"2026-02-27T00:37:05","guid":{"rendered":"https:\/\/nordicmart.andreevmaster.com\/product\/step2-lekplatsaktivitetscenter-med-rutschkana-basket-och-baseboll\/"},"modified":"2026-02-27T08:26:15","modified_gmt":"2026-02-27T08:26:15","slug":"step2-lekplatsaktivitetscenter-med-rutschkana-basket-och-baseboll","status":"publish","type":"product","link":"https:\/\/nordicmart.andreevmaster.com\/sv\/produkt\/step2-lekplatsaktivitetscenter-med-rutschkana-basket-och-baseboll\/","title":{"rendered":"STEP2 Lekplatsaktivitetscenter med rutschkana, basket och baseboll"},"content":{"rendered":"<p>STEP2-lekplatsen erbjuder m\u00e5nga olika s\u00e4tt att leka p\u00e5. Detta engagerande aktivitetscenter f\u00f6r sm\u00e5 barn har fr\u00e4mst sporttema. Barnen kan tr\u00e4na sin balans och motorik genom att kl\u00e4ttra uppf\u00f6r det mycket breda trappsteget och \u00e5ka nerf\u00f6r rutschkanan p\u00e5 andra sidan. Det finns ocks\u00e5 en boll och en basketkorg s\u00e5 att din lilla kan skjuta mot korgen. Dessutom kan de anv\u00e4nda den medf\u00f6ljande slagtr\u00e4t f\u00f6r att sl\u00e5 den fastbundna basebollen! Med denna sportleksak som \u00e4r speciellt utformad f\u00f6r sm\u00e5 barn kommer din lilla buse att hoppa hem, glida in p\u00e5 basen och g\u00f6ra fantastiska slam dunks medan de leker. N\u00e4r lektiden \u00e4r \u00f6ver kan du anv\u00e4nda det inbyggda f\u00f6rvaringsfacket f\u00f6r att f\u00f6rvara basketbollen och trycka in slagtr\u00e4t i aktivitetscentrets ytterv\u00e4gg s\u00e5 att allt finns n\u00e4ra till hands f\u00f6r n\u00e4sta dags lek.<\/p>\n<p>Funktioner:<\/p>\n<p>* &#8211; Inbyggda f\u00f6rvaringsfack minskar risken f\u00f6r att f\u00f6rlora saker<br \/>\n* &#8211; F\u00f6r barn fr\u00e5n 2 \u00e5r<br \/>\n* &#8211; Hela produkten har ett sporttema<br \/>\n* &#8211; Ringen och basketbollen ger variation i leken<br \/>\n* &#8211; Maximal belastning 20 kg,<br \/>\n* &#8211; L\u00e4tt att reng\u00f6ra, anv\u00e4nd bara desinfektionsservetter eller hush\u00e5llsreng\u00f6ringsprodukter,<br \/>\n* &#8211; Kr\u00e4ver montering av en vuxen,<br \/>\n* &#8211; Medf\u00f6ljande pinne och baseboll g\u00f6r leken mer sp\u00e4nnande,<br \/>\n* &#8211; Ditt barn tillbringar tiden aktivt,<br \/>\n* &#8211; H\u00e5llbar och robust produkt.<\/p>\n<p>Step2 \u2013 kvalitet f\u00f6rst, fantastiska leksaker sedan! Om du prioriterar kvalitet och s\u00e4kerhet n\u00e4r du v\u00e4ljer leksaker till ditt barn kommer hela sortimentet av fantastiska leksaker fr\u00e5n det amerikanska f\u00f6retaget Step2 garanterat att uppfylla f\u00f6rv\u00e4ntningarna hos barn, f\u00f6r\u00e4ldrar, daghem, f\u00f6rskolor och andra utbildningsinstitutioner. Step2 har tillverkat de b\u00e4sta leksakerna i USA i \u00e5rtionden! Sortimentet omfattar sandl\u00e5dor, tr\u00e4dg\u00e5rdshus, lekplatser, verkst\u00e4der, \u00e5kleksaker, k\u00f6k och barnm\u00f6bler.<\/p>\n","protected":false},"excerpt":{"rendered":"<p>STEP2-lekplatsen erbjuder m\u00e5nga olika s\u00e4tt att leka p\u00e5. Detta engagerande aktivitetscenter f\u00f6r sm\u00e5 barn har fr\u00e4mst sporttema. Barnen kan tr\u00e4na sin balans och motorik genom att kl\u00e4ttra uppf\u00f6r det mycket breda trappsteget och \u00e5ka nerf\u00f6r rutschkanan p\u00e5 andra sidan. Det finns ocks\u00e5 en boll och en basketkorg s\u00e5 att din lilla kan skjuta mot korgen. [&hellip;]<\/p>\n","protected":false},"featured_media":0,"comment_status":"open","ping_status":"closed","template":"","meta":[],"product_brand":[],"product_cat":[33],"product_tag":[],"class_list":{"0":"post-17888","1":"product","2":"type-product","3":"status-publish","5":"product_cat-okategoriserad","7":"first","8":"instock","9":"shipping-taxable","10":"purchasable","11":"product-type-simple"},"_links":{"self":[{"href":"https:\/\/nordicmart.andreevmaster.com\/sv\/wp-json\/wp\/v2\/product\/17888","targetHints":{"allow":["GET"]}}],"collection":[{"href":"https:\/\/nordicmart.andreevmaster.com\/sv\/wp-json\/wp\/v2\/product"}],"about":[{"href":"https:\/\/nordicmart.andreevmaster.com\/sv\/wp-json\/wp\/v2\/types\/product"}],"replies":[{"embeddable":true,"href":"https:\/\/nordicmart.andreevmaster.com\/sv\/wp-json\/wp\/v2\/comments?post=17888"}],"wp:attachment":[{"href":"https:\/\/nordicmart.andreevmaster.com\/sv\/wp-json\/wp\/v2\/media?parent=17888"}],"wp:term":[{"taxonomy":"product_brand","embeddable":true,"href":"https:\/\/nordicmart.andreevmaster.com\/sv\/wp-json\/wp\/v2\/product_brand?post=17888"},{"taxonomy":"product_cat","embeddable":true,"href":"https:\/\/nordicmart.andreevmaster.com\/sv\/wp-json\/wp\/v2\/product_cat?post=17888"},{"taxonomy":"product_tag","embeddable":true,"href":"https:\/\/nordicmart.andreevmaster.com\/sv\/wp-json\/wp\/v2\/product_tag?post=17888"}],"curies":[{"name":"wp","href":"https:\/\/api.w.org\/{rel}","templated":true}]}}