{"id":17887,"date":"2026-02-27T00:37:05","date_gmt":"2026-02-27T00:37:05","guid":{"rendered":"https:\/\/nordicmart.andreevmaster.com\/product\/step2-stor-sandlada-med-lock-och-bilbana\/"},"modified":"2026-02-27T08:26:15","modified_gmt":"2026-02-27T08:26:15","slug":"step2-stor-sandlada-med-lock-och-bilbana","status":"publish","type":"product","link":"https:\/\/nordicmart.andreevmaster.com\/sv\/produkt\/step2-stor-sandlada-med-lock-och-bilbana\/","title":{"rendered":"STEP2 Stor sandl\u00e5da med lock och bilbana"},"content":{"rendered":"<p>Ett upph\u00f6jt sandbord med lock \u00e4r det perfekta tillskottet till alla lekplatser. Sandl\u00e5dan \u00e4r monterad p\u00e5 fyra ben, vilket g\u00f6r den l\u00e4tt att flytta runt. Perfekt f\u00f6r lek b\u00e5de utomhus och inomhus. Sandl\u00e5dan kan fyllas med traditionell sand, och locket med elastiska band skyddar sanden fr\u00e5n smuts. Ist\u00e4llet f\u00f6r sand kan du ocks\u00e5 fylla sandl\u00e5dan med \u00e4rtor eller pasta. Det \u00e4r den perfekta l\u00f6sningen f\u00f6r lekar som utvecklar barns sensoriska f\u00f6rm\u00e5gor. Locket har en ingraverad bana d\u00e4r ditt barn kan leka med sina favoritbilar, vilket utan tvekan \u00e4r en extra attraktion f\u00f6r produkten. Setet inneh\u00e5ller en hink, tv\u00e5 spadar och tv\u00e5 par krattor. Produkten \u00e4r avsedd f\u00f6r barn \u00f6ver 2 \u00e5r.<br \/>\nEgenskaper:<br \/>\n* &#8211; sandbord med lock<br \/>\n* &#8211; bordets m\u00e5tt: 41,7 x 91,4 x 66 (cm)<br \/>\n* &#8211; l\u00e4tt att montera, l\u00e4tt att flytta tack vare den upph\u00f6jda sandl\u00e5dan<br \/>\n* &#8211; f\u00f6r inomhus- och utomhusbruk<br \/>\n* &#8211; sandl\u00e5dan levereras med 2 spadar, 2 par krattor och en hink<br \/>\n* &#8211; locket har en ingraverad bana d\u00e4r ditt barn kan leka med sina favoritbilar<br \/>\n* &#8211; produkten \u00e4r avsedd f\u00f6r barn \u00f6ver 2 \u00e5r<br \/>\n* &#8211; ist\u00e4llet f\u00f6r sand kan du fylla sandl\u00e5dan med \u00e4rtor, pasta eller kinetisk sand<br \/>\n* &#8211; sandl\u00e5dan rymmer upp till 35 kg sand<\/p>\n<p>Leksaken utvecklar:<\/p>\n<p>* &#8211; motoriska f\u00e4rdigheter hos barn<br \/>\n* &#8211; sensoriska f\u00e4rdigheter<br \/>\n* &#8211; kreativitet och fantasi<br \/>\n* &#8211; samarbetsf\u00f6rm\u00e5ga<br \/>\n* &#8211; f\u00f6rm\u00e5ga att dela<\/p>\n<p>Step2 \u2013 kvalitet f\u00f6rst, fantastiska leksaker sedan! Om du prioriterar kvalitet och s\u00e4kerhet n\u00e4r du v\u00e4ljer leksaker till ditt barn kommer hela sortimentet av fantastiska leksaker fr\u00e5n det amerikanska f\u00f6retaget Step2 garanterat att uppfylla f\u00f6rv\u00e4ntningarna hos barn, f\u00f6r\u00e4ldrar, daghem, f\u00f6rskolor och andra utbildningsinstitutioner. Step2 har tillverkat de b\u00e4sta leksakerna i USA i \u00e5rtionden! Sortimentet omfattar sandl\u00e5dor, tr\u00e4dg\u00e5rdshus, lekplatser, verkst\u00e4der, \u00e5kleksaker, k\u00f6k och barnm\u00f6bler.<\/p>\n","protected":false},"excerpt":{"rendered":"<p>Ett upph\u00f6jt sandbord med lock \u00e4r det perfekta tillskottet till alla lekplatser. Sandl\u00e5dan \u00e4r monterad p\u00e5 fyra ben, vilket g\u00f6r den l\u00e4tt att flytta runt. Perfekt f\u00f6r lek b\u00e5de utomhus och inomhus. Sandl\u00e5dan kan fyllas med traditionell sand, och locket med elastiska band skyddar sanden fr\u00e5n smuts. Ist\u00e4llet f\u00f6r sand kan du ocks\u00e5 fylla sandl\u00e5dan [&hellip;]<\/p>\n","protected":false},"featured_media":0,"comment_status":"open","ping_status":"closed","template":"","meta":[],"product_brand":[],"product_cat":[33],"product_tag":[],"class_list":{"0":"post-17887","1":"product","2":"type-product","3":"status-publish","5":"product_cat-okategoriserad","7":"first","8":"instock","9":"shipping-taxable","10":"purchasable","11":"product-type-simple"},"_links":{"self":[{"href":"https:\/\/nordicmart.andreevmaster.com\/sv\/wp-json\/wp\/v2\/product\/17887","targetHints":{"allow":["GET"]}}],"collection":[{"href":"https:\/\/nordicmart.andreevmaster.com\/sv\/wp-json\/wp\/v2\/product"}],"about":[{"href":"https:\/\/nordicmart.andreevmaster.com\/sv\/wp-json\/wp\/v2\/types\/product"}],"replies":[{"embeddable":true,"href":"https:\/\/nordicmart.andreevmaster.com\/sv\/wp-json\/wp\/v2\/comments?post=17887"}],"wp:attachment":[{"href":"https:\/\/nordicmart.andreevmaster.com\/sv\/wp-json\/wp\/v2\/media?parent=17887"}],"wp:term":[{"taxonomy":"product_brand","embeddable":true,"href":"https:\/\/nordicmart.andreevmaster.com\/sv\/wp-json\/wp\/v2\/product_brand?post=17887"},{"taxonomy":"product_cat","embeddable":true,"href":"https:\/\/nordicmart.andreevmaster.com\/sv\/wp-json\/wp\/v2\/product_cat?post=17887"},{"taxonomy":"product_tag","embeddable":true,"href":"https:\/\/nordicmart.andreevmaster.com\/sv\/wp-json\/wp\/v2\/product_tag?post=17887"}],"curies":[{"name":"wp","href":"https:\/\/api.w.org\/{rel}","templated":true}]}}