{"id":17886,"date":"2026-02-27T00:37:05","date_gmt":"2026-02-27T00:37:05","guid":{"rendered":"https:\/\/nordicmart.andreevmaster.com\/product\/step2-canyon-med-bordsskiva-bilbanebord\/"},"modified":"2026-02-27T08:26:15","modified_gmt":"2026-02-27T08:26:15","slug":"step2-canyon-med-bordsskiva-bilbanebord","status":"publish","type":"product","link":"https:\/\/nordicmart.andreevmaster.com\/sv\/produkt\/step2-canyon-med-bordsskiva-bilbanebord\/","title":{"rendered":"STEP2 Canyon med bordsskiva Bilbanebord"},"content":{"rendered":"<p>Canyon Table with Top \u00e4r ett stort, genomarbetat bord fr\u00e5n det v\u00e4lk\u00e4nda amerikanska f\u00f6retaget STEP2. Det \u00e4r en fantastisk leksak som ger barn m\u00e5nga m\u00f6jligheter att leka med leksaksbilar och andra fordon. Det har en formgjuten bana i flera niv\u00e5er och fasta broar, s\u00e5 du beh\u00f6ver aldrig mer st\u00e4lla om banan \u00e5t dina barn! Det hj\u00e4lper sm\u00e5 lokf\u00f6rare att utveckla sina sociala f\u00e4rdigheter n\u00e4r de delar t\u00e5g och banor med sina lekkamrater och syskon. Det sl\u00e4ta locket f\u00f6rvandlar det till ett bord f\u00f6r pyssel och mellanm\u00e5l. Egenskaper:<\/p>\n<p>* &#8211; en storlek som ger ditt barn timmar av lekgl\u00e4dje<br \/>\n* &#8211; banor i flera niv\u00e5er<br \/>\n* &#8211; redo att anv\u00e4ndas direkt, kan t\u00e4ckas med ett bordsskiva<br \/>\n* &#8211; h\u00f6jd anpassad efter barnets l\u00e4ngd<br \/>\n* &#8211; bordet \u00e4r kompatibelt med leksaksbilar fr\u00e5n alla st\u00f6rre tillverkare<br \/>\n* &#8211; avtagbara ben -> lek p\u00e5 golvniv\u00e5, enkel f\u00f6rvaring<br \/>\n* &#8211; inneh\u00e5ller bland annat leksaksbilar, en helikopter och ett t\u00e5g<br \/>\n* &#8211; h\u00f6gkvalitativt hantverk som garanterar h\u00e5llbarhet i m\u00e5nga \u00e5r<br \/>\n* &#8211; l\u00e4tt att h\u00e5lla rent<\/p>\n<p>Step2 \u2013 kvalitet f\u00f6rst, fantastiska leksaker sedan! Om du prioriterar kvalitet och s\u00e4kerhet n\u00e4r du v\u00e4ljer leksaker till ditt barn kommer hela sortimentet av fantastiska leksaker fr\u00e5n det amerikanska f\u00f6retaget Step2 garanterat att uppfylla f\u00f6rv\u00e4ntningarna hos barn, f\u00f6r\u00e4ldrar, daghem, f\u00f6rskolor och andra utbildningsinstitutioner. Step2 har tillverkat de b\u00e4sta leksakerna i USA i \u00e5rtionden! Sortimentet omfattar sandl\u00e5dor, tr\u00e4dg\u00e5rdshus, lekplatser, verkst\u00e4der, \u00e5kleksaker, k\u00f6k och barnm\u00f6bler.<\/p>\n","protected":false},"excerpt":{"rendered":"<p>Canyon Table with Top \u00e4r ett stort, genomarbetat bord fr\u00e5n det v\u00e4lk\u00e4nda amerikanska f\u00f6retaget STEP2. Det \u00e4r en fantastisk leksak som ger barn m\u00e5nga m\u00f6jligheter att leka med leksaksbilar och andra fordon. Det har en formgjuten bana i flera niv\u00e5er och fasta broar, s\u00e5 du beh\u00f6ver aldrig mer st\u00e4lla om banan \u00e5t dina barn! Det [&hellip;]<\/p>\n","protected":false},"featured_media":0,"comment_status":"open","ping_status":"closed","template":"","meta":[],"product_brand":[],"product_cat":[33],"product_tag":[],"class_list":{"0":"post-17886","1":"product","2":"type-product","3":"status-publish","5":"product_cat-okategoriserad","7":"first","8":"instock","9":"shipping-taxable","10":"purchasable","11":"product-type-simple"},"_links":{"self":[{"href":"https:\/\/nordicmart.andreevmaster.com\/sv\/wp-json\/wp\/v2\/product\/17886","targetHints":{"allow":["GET"]}}],"collection":[{"href":"https:\/\/nordicmart.andreevmaster.com\/sv\/wp-json\/wp\/v2\/product"}],"about":[{"href":"https:\/\/nordicmart.andreevmaster.com\/sv\/wp-json\/wp\/v2\/types\/product"}],"replies":[{"embeddable":true,"href":"https:\/\/nordicmart.andreevmaster.com\/sv\/wp-json\/wp\/v2\/comments?post=17886"}],"wp:attachment":[{"href":"https:\/\/nordicmart.andreevmaster.com\/sv\/wp-json\/wp\/v2\/media?parent=17886"}],"wp:term":[{"taxonomy":"product_brand","embeddable":true,"href":"https:\/\/nordicmart.andreevmaster.com\/sv\/wp-json\/wp\/v2\/product_brand?post=17886"},{"taxonomy":"product_cat","embeddable":true,"href":"https:\/\/nordicmart.andreevmaster.com\/sv\/wp-json\/wp\/v2\/product_cat?post=17886"},{"taxonomy":"product_tag","embeddable":true,"href":"https:\/\/nordicmart.andreevmaster.com\/sv\/wp-json\/wp\/v2\/product_tag?post=17886"}],"curies":[{"name":"wp","href":"https:\/\/api.w.org\/{rel}","templated":true}]}}