{"id":17885,"date":"2026-02-27T00:37:05","date_gmt":"2026-02-27T00:37:05","guid":{"rendered":"https:\/\/nordicmart.andreevmaster.com\/product\/injusa-24v-monster-tvasitsig-led-batteridriven-bil\/"},"modified":"2026-02-27T08:26:14","modified_gmt":"2026-02-27T08:26:14","slug":"injusa-24v-monster-tvasitsig-led-batteridriven-bil","status":"publish","type":"product","link":"https:\/\/nordicmart.andreevmaster.com\/sv\/produkt\/injusa-24v-monster-tvasitsig-led-batteridriven-bil\/","title":{"rendered":"INJUSA 24V Monster tv\u00e5sitsig LED-batteridriven bil"},"content":{"rendered":"<p>Den r\u00f6da Monster-batteridrivna bilen fr\u00e5n den spanska elfordonstillverkaren INJUSA \u00e4r ett fordon som kommer att ge ditt barn massor av sp\u00e4nning. LED-lampor fram och bak och en modern design ger den ett extremt utseende. Kraften fr\u00e5n 24V-batteriet g\u00f6r att den kan n\u00e5 hastigheter p\u00e5 upp till 7 km\/h. L\u00e4mplig f\u00f6r barn fr\u00e5n 3 \u00e5r.<br \/>\nFunktioner:<br \/>\n* &#8211; r\u00f6d Monster-batteribil,<br \/>\n* &#8211; 2 x 12 V 7,2 Ah-batteri,<br \/>\n* &#8211; batteriladdare ing\u00e5r,<br \/>\n* &#8211; fordonet \u00e4r utrustat med s\u00e4kerhetsb\u00e4lten,<br \/>\n* &#8211; LED-lampor fram och bak,<br \/>\n* &#8211; v\u00e4xell\u00e5da: back och 2 fram\u00e5tv\u00e4xlar,<br \/>\n* &#8211; avsedd f\u00f6r barn fr\u00e5n 3 \u00e5r,<br \/>\n* &#8211; slitstarka gummihjul,<br \/>\n* &#8211; tv\u00e5sitsig bil,<br \/>\n* &#8211; maximal lastkapacitet upp till 50 kg.<\/p>\n<p>INJUSA \u2013 leksaker fr\u00e5n ett v\u00e4lk\u00e4nt spanskt f\u00f6retag som har varit verksamt p\u00e5 marknaden sedan 1947. De k\u00e4nnetecknas av h\u00f6g kvalitet och extraordin\u00e4r uppm\u00e4rksamhet p\u00e5 detaljer. K\u00e4nda f\u00f6r leksaker som elfordon, cyklar, balanscyklar, trehjulingar och lekstugor.<\/p>\n","protected":false},"excerpt":{"rendered":"<p>Den r\u00f6da Monster-batteridrivna bilen fr\u00e5n den spanska elfordonstillverkaren INJUSA \u00e4r ett fordon som kommer att ge ditt barn massor av sp\u00e4nning. LED-lampor fram och bak och en modern design ger den ett extremt utseende. Kraften fr\u00e5n 24V-batteriet g\u00f6r att den kan n\u00e5 hastigheter p\u00e5 upp till 7 km\/h. L\u00e4mplig f\u00f6r barn fr\u00e5n 3 \u00e5r. Funktioner: [&hellip;]<\/p>\n","protected":false},"featured_media":0,"comment_status":"open","ping_status":"closed","template":"","meta":[],"product_brand":[],"product_cat":[33],"product_tag":[],"class_list":{"0":"post-17885","1":"product","2":"type-product","3":"status-publish","5":"product_cat-okategoriserad","7":"first","8":"instock","9":"shipping-taxable","10":"purchasable","11":"product-type-simple"},"_links":{"self":[{"href":"https:\/\/nordicmart.andreevmaster.com\/sv\/wp-json\/wp\/v2\/product\/17885","targetHints":{"allow":["GET"]}}],"collection":[{"href":"https:\/\/nordicmart.andreevmaster.com\/sv\/wp-json\/wp\/v2\/product"}],"about":[{"href":"https:\/\/nordicmart.andreevmaster.com\/sv\/wp-json\/wp\/v2\/types\/product"}],"replies":[{"embeddable":true,"href":"https:\/\/nordicmart.andreevmaster.com\/sv\/wp-json\/wp\/v2\/comments?post=17885"}],"wp:attachment":[{"href":"https:\/\/nordicmart.andreevmaster.com\/sv\/wp-json\/wp\/v2\/media?parent=17885"}],"wp:term":[{"taxonomy":"product_brand","embeddable":true,"href":"https:\/\/nordicmart.andreevmaster.com\/sv\/wp-json\/wp\/v2\/product_brand?post=17885"},{"taxonomy":"product_cat","embeddable":true,"href":"https:\/\/nordicmart.andreevmaster.com\/sv\/wp-json\/wp\/v2\/product_cat?post=17885"},{"taxonomy":"product_tag","embeddable":true,"href":"https:\/\/nordicmart.andreevmaster.com\/sv\/wp-json\/wp\/v2\/product_tag?post=17885"}],"curies":[{"name":"wp","href":"https:\/\/api.w.org\/{rel}","templated":true}]}}