{"id":17884,"date":"2026-02-27T00:37:04","date_gmt":"2026-02-27T00:37:04","guid":{"rendered":"https:\/\/nordicmart.andreevmaster.com\/product\/smoby-cars-trehjulig-sparkcykel-i-tra\/"},"modified":"2026-02-27T08:26:14","modified_gmt":"2026-02-27T08:26:14","slug":"smoby-cars-trehjulig-sparkcykel-i-tra","status":"publish","type":"product","link":"https:\/\/nordicmart.andreevmaster.com\/sv\/produkt\/smoby-cars-trehjulig-sparkcykel-i-tra\/","title":{"rendered":"SMOBY Cars Trehjulig sparkcykel i tr\u00e4"},"content":{"rendered":"<p>En sparkcykel \u00e4r ett utm\u00e4rkt s\u00e4tt att ha kul samtidigt som man motionerar. Att \u00e5ka sparkcykel aktiverar m\u00e5nga muskler och f\u00f6rb\u00e4ttrar samtidigt barns spr\u00e5kkunskaper.<\/p>\n<p>Den trehjuliga sparkcykeln med Cars-licens har skapats med tanke p\u00e5 de yngre fansen av tecknad film. Den intuitiva trehjuliga sparkcykeln har en bred och stabil plattform och konturerade handtag. Detta g\u00f6r den till den perfekta f\u00f6rsta sparkcykeln, som underl\u00e4ttar inl\u00e4rningen, garanterar komfort under \u00e5kning och st\u00f6der barnets psykomotoriska utveckling.<\/p>\n<p>Egenskaper:<\/p>\n<p>* &#8211; sparkcykel med licens fr\u00e5n tecknade serien Cars,<br \/>\n* &#8211; justerbar styrets h\u00f6jd (67 och 70 cm),* &#8211; konstruktion i tr\u00e4 och metall,<br \/>\n* &#8211; maximal belastning &#8211; 20 kg,<br \/>\n* &#8211; halkfria hjul,<br \/>\n* &#8211; bred och stabil tr\u00e4plattform,<br \/>\n* &#8211; l\u00e4tt att f\u00e4lla ihop.<\/p>\n","protected":false},"excerpt":{"rendered":"<p>En sparkcykel \u00e4r ett utm\u00e4rkt s\u00e4tt att ha kul samtidigt som man motionerar. Att \u00e5ka sparkcykel aktiverar m\u00e5nga muskler och f\u00f6rb\u00e4ttrar samtidigt barns spr\u00e5kkunskaper. Den trehjuliga sparkcykeln med Cars-licens har skapats med tanke p\u00e5 de yngre fansen av tecknad film. Den intuitiva trehjuliga sparkcykeln har en bred och stabil plattform och konturerade handtag. Detta g\u00f6r [&hellip;]<\/p>\n","protected":false},"featured_media":0,"comment_status":"open","ping_status":"closed","template":"","meta":[],"product_brand":[],"product_cat":[33],"product_tag":[],"class_list":{"0":"post-17884","1":"product","2":"type-product","3":"status-publish","5":"product_cat-okategoriserad","7":"first","8":"instock","9":"shipping-taxable","10":"purchasable","11":"product-type-simple"},"_links":{"self":[{"href":"https:\/\/nordicmart.andreevmaster.com\/sv\/wp-json\/wp\/v2\/product\/17884","targetHints":{"allow":["GET"]}}],"collection":[{"href":"https:\/\/nordicmart.andreevmaster.com\/sv\/wp-json\/wp\/v2\/product"}],"about":[{"href":"https:\/\/nordicmart.andreevmaster.com\/sv\/wp-json\/wp\/v2\/types\/product"}],"replies":[{"embeddable":true,"href":"https:\/\/nordicmart.andreevmaster.com\/sv\/wp-json\/wp\/v2\/comments?post=17884"}],"wp:attachment":[{"href":"https:\/\/nordicmart.andreevmaster.com\/sv\/wp-json\/wp\/v2\/media?parent=17884"}],"wp:term":[{"taxonomy":"product_brand","embeddable":true,"href":"https:\/\/nordicmart.andreevmaster.com\/sv\/wp-json\/wp\/v2\/product_brand?post=17884"},{"taxonomy":"product_cat","embeddable":true,"href":"https:\/\/nordicmart.andreevmaster.com\/sv\/wp-json\/wp\/v2\/product_cat?post=17884"},{"taxonomy":"product_tag","embeddable":true,"href":"https:\/\/nordicmart.andreevmaster.com\/sv\/wp-json\/wp\/v2\/product_tag?post=17884"}],"curies":[{"name":"wp","href":"https:\/\/api.w.org\/{rel}","templated":true}]}}