{"id":17883,"date":"2026-02-27T00:37:04","date_gmt":"2026-02-27T00:37:04","guid":{"rendered":"https:\/\/nordicmart.andreevmaster.com\/product\/smoby-baby-balade-plus-bla-trehjuling\/"},"modified":"2026-02-27T08:26:14","modified_gmt":"2026-02-27T08:26:14","slug":"smoby-baby-balade-plus-bla-trehjuling","status":"publish","type":"product","link":"https:\/\/nordicmart.andreevmaster.com\/sv\/produkt\/smoby-baby-balade-plus-bla-trehjuling\/","title":{"rendered":"SMOBY Baby Balade Plus bl\u00e5 trehjuling"},"content":{"rendered":"<p>Baby Balade 3-in-1 \u00e4r en modern och v\u00e4lutrustad f\u00f6rsta cykel som &#8221;v\u00e4xer&#8221; med ditt barn och anpassar sig efter barnets behov i olika utvecklingsstadier. Trehjulingsdesignen g\u00f6r att barn fr\u00e5n 10 m\u00e5naders \u00e5lder kan anv\u00e4nda fordonet.<br \/>\nFunktioner:<br \/>\n* &#8211; justerbart handtag som g\u00f6r att f\u00f6r\u00e4ldrarna kan styra cykeln,<br \/>\n* &#8211; handtagsl\u00e5s,<br \/>\n* &#8211; parkeringsbroms,<br \/>\n* &#8211; s\u00e4kerhetsb\u00e4lten,<br \/>\n* &#8211; s\u00e4kerhetskant,<br \/>\n* &#8211; bekv\u00e4mt och ergonomiskt s\u00e4te med upph\u00f6jt nackst\u00f6d,* &#8211; frihjulsmekanism, dvs. hjulet snurrar och pedalerna st\u00e5r stilla (perfekt f\u00f6r att cykla, barnet kan vila f\u00f6tterna p\u00e5 pedalerna),<br \/>\n* &#8211; f\u00f6rvaringsfack f\u00f6r sm\u00e5saker, som ocks\u00e5 har en tippfunktion,<br \/>\n* &#8211; v\u00e4ska f\u00f6r barnets skatter eller dina tillh\u00f6righeter (kan tas bort och b\u00e4ras separat),* &#8211; solskydd,<br \/>\n* &#8211; tysta hjul,<br \/>\n* &#8211; bekv\u00e4ma fotst\u00f6d som kan f\u00e4llas eller tas bort,<br \/>\n* &#8211; justerbart ratt,<br \/>\n* &#8211; tuta,<br \/>\n* &#8211; halkfria pedaler.<\/p>\n","protected":false},"excerpt":{"rendered":"<p>Baby Balade 3-in-1 \u00e4r en modern och v\u00e4lutrustad f\u00f6rsta cykel som &#8221;v\u00e4xer&#8221; med ditt barn och anpassar sig efter barnets behov i olika utvecklingsstadier. Trehjulingsdesignen g\u00f6r att barn fr\u00e5n 10 m\u00e5naders \u00e5lder kan anv\u00e4nda fordonet. Funktioner: * &#8211; justerbart handtag som g\u00f6r att f\u00f6r\u00e4ldrarna kan styra cykeln, * &#8211; handtagsl\u00e5s, * &#8211; parkeringsbroms, * &#8211; [&hellip;]<\/p>\n","protected":false},"featured_media":0,"comment_status":"open","ping_status":"closed","template":"","meta":[],"product_brand":[],"product_cat":[33],"product_tag":[],"class_list":{"0":"post-17883","1":"product","2":"type-product","3":"status-publish","5":"product_cat-okategoriserad","7":"first","8":"instock","9":"shipping-taxable","10":"purchasable","11":"product-type-simple"},"_links":{"self":[{"href":"https:\/\/nordicmart.andreevmaster.com\/sv\/wp-json\/wp\/v2\/product\/17883","targetHints":{"allow":["GET"]}}],"collection":[{"href":"https:\/\/nordicmart.andreevmaster.com\/sv\/wp-json\/wp\/v2\/product"}],"about":[{"href":"https:\/\/nordicmart.andreevmaster.com\/sv\/wp-json\/wp\/v2\/types\/product"}],"replies":[{"embeddable":true,"href":"https:\/\/nordicmart.andreevmaster.com\/sv\/wp-json\/wp\/v2\/comments?post=17883"}],"wp:attachment":[{"href":"https:\/\/nordicmart.andreevmaster.com\/sv\/wp-json\/wp\/v2\/media?parent=17883"}],"wp:term":[{"taxonomy":"product_brand","embeddable":true,"href":"https:\/\/nordicmart.andreevmaster.com\/sv\/wp-json\/wp\/v2\/product_brand?post=17883"},{"taxonomy":"product_cat","embeddable":true,"href":"https:\/\/nordicmart.andreevmaster.com\/sv\/wp-json\/wp\/v2\/product_cat?post=17883"},{"taxonomy":"product_tag","embeddable":true,"href":"https:\/\/nordicmart.andreevmaster.com\/sv\/wp-json\/wp\/v2\/product_tag?post=17883"}],"curies":[{"name":"wp","href":"https:\/\/api.w.org\/{rel}","templated":true}]}}