{"id":17882,"date":"2026-02-27T00:37:04","date_gmt":"2026-02-27T00:37:04","guid":{"rendered":"https:\/\/nordicmart.andreevmaster.com\/product\/smoby-be-fun-spidey-trehjuling\/"},"modified":"2026-02-27T08:26:14","modified_gmt":"2026-02-27T08:26:14","slug":"smoby-be-fun-spidey-trehjuling","status":"publish","type":"product","link":"https:\/\/nordicmart.andreevmaster.com\/sv\/produkt\/smoby-be-fun-spidey-trehjuling\/","title":{"rendered":"SMOBY Be Fun Spidey trehjuling"},"content":{"rendered":"<p>En supercool trehjuling i en cool stil skapad av Spidey och hans superv\u00e4nner. Den moderna Spidey Be Fun trehjulingen fr\u00e5n Smoby \u00e4r ett s\u00e4kert fordon f\u00f6r barn fr\u00e5n 15 m\u00e5naders \u00e5lder. Det ergonomiska s\u00e4tet \u00e4r s\u00e4rskilt bekv\u00e4mt och ger st\u00f6d f\u00f6r ryggen. Remmen ger extra s\u00e4kerhet. Funktioner som omkopplingsbar frihjul i pedalerna, h\u00e5rda plastd\u00e4ck, styrl\u00e5s och h\u00f6jdjusterbar pushbar g\u00f6r denna trehjuling till en p\u00e5litlig f\u00f6ljeslagare under de f\u00f6rsta \u00e5ren i livet. S\u00e5 snart ditt barn l\u00e4r sig att cykla sj\u00e4lvst\u00e4ndigt kan s\u00e4kerhetsfunktionerna tas bort.<\/p>\n<p>Funktioner:<\/p>\n<p>* &#8211; fr\u00e5n 15 m\u00e5nader,<br \/>\n* &#8211; robust st\u00e5lram som g\u00f6r cykeln h\u00f6g,<br \/>\n* &#8211; bekv\u00e4mt handtag f\u00f6r styrning,<br \/>\n* &#8211; bagagehylla,<br \/>\n* &#8211; bekv\u00e4mt s\u00e4te utrustat med s\u00e4kerhetsb\u00e4lten,<br \/>\n* &#8211; styre med begr\u00e4nsare och styrl\u00e5s,<br \/>\n* &#8211; maximal belastning upp till 30 kg.<\/p>\n<p>Smoby \u00e4r det st\u00f6rsta och mest popul\u00e4ra leksaksm\u00e4rket i Frankrike och en av de b\u00e4sta leksakstillverkarna i v\u00e4rlden. Varum\u00e4rkets rykte talar f\u00f6r sig sj\u00e4lv, och bredden och m\u00e5ngfalden i dess produktsortiment bekr\u00e4ftar f\u00f6retagets status. Smoby \u00e4r k\u00e4nt f\u00f6r att erbjuda alla typer av leksaker, men s\u00e4rskild uppm\u00e4rksamhet b\u00f6r \u00e4gnas \u00e5t dess lekstugor, tr\u00e4dg\u00e5rdsleksaker och \u00e5kleksaker.<\/p>\n","protected":false},"excerpt":{"rendered":"<p>En supercool trehjuling i en cool stil skapad av Spidey och hans superv\u00e4nner. Den moderna Spidey Be Fun trehjulingen fr\u00e5n Smoby \u00e4r ett s\u00e4kert fordon f\u00f6r barn fr\u00e5n 15 m\u00e5naders \u00e5lder. Det ergonomiska s\u00e4tet \u00e4r s\u00e4rskilt bekv\u00e4mt och ger st\u00f6d f\u00f6r ryggen. Remmen ger extra s\u00e4kerhet. Funktioner som omkopplingsbar frihjul i pedalerna, h\u00e5rda plastd\u00e4ck, styrl\u00e5s [&hellip;]<\/p>\n","protected":false},"featured_media":0,"comment_status":"open","ping_status":"closed","template":"","meta":[],"product_brand":[],"product_cat":[33],"product_tag":[],"class_list":{"0":"post-17882","1":"product","2":"type-product","3":"status-publish","5":"product_cat-okategoriserad","7":"first","8":"instock","9":"shipping-taxable","10":"purchasable","11":"product-type-simple"},"_links":{"self":[{"href":"https:\/\/nordicmart.andreevmaster.com\/sv\/wp-json\/wp\/v2\/product\/17882","targetHints":{"allow":["GET"]}}],"collection":[{"href":"https:\/\/nordicmart.andreevmaster.com\/sv\/wp-json\/wp\/v2\/product"}],"about":[{"href":"https:\/\/nordicmart.andreevmaster.com\/sv\/wp-json\/wp\/v2\/types\/product"}],"replies":[{"embeddable":true,"href":"https:\/\/nordicmart.andreevmaster.com\/sv\/wp-json\/wp\/v2\/comments?post=17882"}],"wp:attachment":[{"href":"https:\/\/nordicmart.andreevmaster.com\/sv\/wp-json\/wp\/v2\/media?parent=17882"}],"wp:term":[{"taxonomy":"product_brand","embeddable":true,"href":"https:\/\/nordicmart.andreevmaster.com\/sv\/wp-json\/wp\/v2\/product_brand?post=17882"},{"taxonomy":"product_cat","embeddable":true,"href":"https:\/\/nordicmart.andreevmaster.com\/sv\/wp-json\/wp\/v2\/product_cat?post=17882"},{"taxonomy":"product_tag","embeddable":true,"href":"https:\/\/nordicmart.andreevmaster.com\/sv\/wp-json\/wp\/v2\/product_tag?post=17882"}],"curies":[{"name":"wp","href":"https:\/\/api.w.org\/{rel}","templated":true}]}}