{"id":17881,"date":"2026-02-27T00:37:04","date_gmt":"2026-02-27T00:37:04","guid":{"rendered":"https:\/\/nordicmart.andreevmaster.com\/product\/injusa-large-quad-rage-24v-extreme-fran-6-ar-till-50-kg\/"},"modified":"2026-02-27T08:26:14","modified_gmt":"2026-02-27T08:26:14","slug":"injusa-large-quad-rage-24v-extreme-fran-6-ar-till-50-kg","status":"publish","type":"product","link":"https:\/\/nordicmart.andreevmaster.com\/sv\/produkt\/injusa-large-quad-rage-24v-extreme-fran-6-ar-till-50-kg\/","title":{"rendered":"INJUSA LARGE Quad Rage 24V Extreme fr\u00e5n 6 \u00e5r till 50 kg"},"content":{"rendered":"<p>Den elektriska Quad Rage fr\u00e5n den spanska elfordonstillverkaren INJUSA \u00e4r det perfekta valet f\u00f6r adrenalins\u00f6kande barn fr\u00e5n 6 \u00e5r. Fordonet \u00e4r mycket stabilt tack vare sina breda hjul, och gummisulorna garanterar h\u00f6g dragkraft och komfort vid k\u00f6rning p\u00e5 olika underlag. 24V-batteriet ger en hastighet p\u00e5 upp till 11 km\/h. <\/p>\n<p>Egenskaper:<\/p>\n<p>* &#8211; Rage Green fyrhjuling,<br \/>\n* &#8211; batterisp\u00e4nning 24V,<br \/>\n* &#8211; batteriladdare ing\u00e5r,<br \/>\n* &#8211; hastighet upp till 11 km\/h,* &#8211; tv\u00e5 k\u00f6rhastigheter,<br \/>\n* &#8211; hjulen har gummiband f\u00f6r stabilitet och komfort,<br \/>\n* &#8211; avsedd f\u00f6r barn fr\u00e5n 6 \u00e5r,<br \/>\n* &#8211; breda hjul garanterar maximal stabilitet,<br \/>\n* &#8211; maximal till\u00e5ten belastning upp till 50 kg.<\/p>\n","protected":false},"excerpt":{"rendered":"<p>Den elektriska Quad Rage fr\u00e5n den spanska elfordonstillverkaren INJUSA \u00e4r det perfekta valet f\u00f6r adrenalins\u00f6kande barn fr\u00e5n 6 \u00e5r. Fordonet \u00e4r mycket stabilt tack vare sina breda hjul, och gummisulorna garanterar h\u00f6g dragkraft och komfort vid k\u00f6rning p\u00e5 olika underlag. 24V-batteriet ger en hastighet p\u00e5 upp till 11 km\/h. Egenskaper: * &#8211; Rage Green fyrhjuling, [&hellip;]<\/p>\n","protected":false},"featured_media":0,"comment_status":"open","ping_status":"closed","template":"","meta":[],"product_brand":[],"product_cat":[33],"product_tag":[],"class_list":{"0":"post-17881","1":"product","2":"type-product","3":"status-publish","5":"product_cat-okategoriserad","7":"first","8":"instock","9":"shipping-taxable","10":"purchasable","11":"product-type-simple"},"_links":{"self":[{"href":"https:\/\/nordicmart.andreevmaster.com\/sv\/wp-json\/wp\/v2\/product\/17881","targetHints":{"allow":["GET"]}}],"collection":[{"href":"https:\/\/nordicmart.andreevmaster.com\/sv\/wp-json\/wp\/v2\/product"}],"about":[{"href":"https:\/\/nordicmart.andreevmaster.com\/sv\/wp-json\/wp\/v2\/types\/product"}],"replies":[{"embeddable":true,"href":"https:\/\/nordicmart.andreevmaster.com\/sv\/wp-json\/wp\/v2\/comments?post=17881"}],"wp:attachment":[{"href":"https:\/\/nordicmart.andreevmaster.com\/sv\/wp-json\/wp\/v2\/media?parent=17881"}],"wp:term":[{"taxonomy":"product_brand","embeddable":true,"href":"https:\/\/nordicmart.andreevmaster.com\/sv\/wp-json\/wp\/v2\/product_brand?post=17881"},{"taxonomy":"product_cat","embeddable":true,"href":"https:\/\/nordicmart.andreevmaster.com\/sv\/wp-json\/wp\/v2\/product_cat?post=17881"},{"taxonomy":"product_tag","embeddable":true,"href":"https:\/\/nordicmart.andreevmaster.com\/sv\/wp-json\/wp\/v2\/product_tag?post=17881"}],"curies":[{"name":"wp","href":"https:\/\/api.w.org\/{rel}","templated":true}]}}