{"id":17880,"date":"2026-02-27T00:37:03","date_gmt":"2026-02-27T00:37:03","guid":{"rendered":"https:\/\/nordicmart.andreevmaster.com\/product\/barometer-fischer-1366r-22-2\/"},"modified":"2026-02-27T08:26:13","modified_gmt":"2026-02-27T08:26:13","slug":"barometer-fischer-1366r-22-2","status":"publish","type":"product","link":"https:\/\/nordicmart.andreevmaster.com\/sv\/produkt\/barometer-fischer-1366r-22-2\/","title":{"rendered":"Barometer Fischer | 1366R-22"},"content":{"rendered":"<p>Barometer Fischer &#8211; 13366R-22&nbsp;Produktinformation:&nbsp;Synlig mekanismKlassisk, elegant designMekanismen \u00e4r innesluten i ett m\u00e4ssingsh\u00f6ljeTr\u00e4bas av boktr\u00e4 &#8211; mahognyf\u00e4rgadNamn p\u00e5 engelska&nbsp;M\u00e5tt:&nbsp;Diameter: 14 cmInstrumentets urtavla: 10 cm&nbsp;F\u00f6retaget Fischer grundades 1945 i Drebach, Tyskland, och har sedan dess tillverkat barometrar, hygrometrar och termometrar d\u00e4r. Det har \u00f6ver 70 \u00e5rs erfarenhet inom denna bransch. Idag \u00e4r Fischer en v\u00e4lk\u00e4nd och respekterad leverant\u00f6r av h\u00f6gkvalitativa produkter. Alla produkter \u00e4r handgjorda exklusivt i Erzgebirge i Tyskland. En barometer \u00e4r en mycket precis anordning som m\u00e4ter lufttrycket. F\u00f6r detta \u00e4ndam\u00e5l anv\u00e4nder den en s\u00e5 kallad vakuumbeh\u00e5llare vars v\u00e4ggar expanderar eller kontraherar med hundradels millimeter beroende p\u00e5 f\u00f6r\u00e4ndringar i lufttrycket. Barometern kalibrerades p\u00e5 fabriken. Det \u00e4r v\u00e4lk\u00e4nt att ju h\u00f6gre \u00f6ver havsniv\u00e5n, desto l\u00e4gre \u00e4r trycket. Ju h\u00f6gre trycket \u00e4r, desto mindre varierande blir v\u00e4dret. Vid tryck \u00f6ver 1020 mbar kan vi f\u00f6rv\u00e4nta oss en torr, klar dag. P\u00e5 sommaren blir det bara fint v\u00e4der, p\u00e5 vintern blir det troligen frost (men med m\u00f6jlighet till dimma). Vid tryck mellan 1005 och 1020 mbar \u00e4r v\u00e4dret omv\u00e4xlande. Uppklarningar kan v\u00e4xla med regnskurar. Vid tryck under 1000 mbar blir himlen molnig och vi kan f\u00f6rv\u00e4nta oss regn. En \u00f6kning av trycket inneb\u00e4r en f\u00f6rb\u00e4ttring, och omv\u00e4nt inneb\u00e4r en minskning av trycket en f\u00f6rs\u00e4mring av v\u00e4dret. P\u00e5 sommaren kan pl\u00f6tsliga, uttalade tryckstegringar vara tecken p\u00e5 kraftiga \u00e5skv\u00e4der.&nbsp;P\u00e5 grund av t.ex. starka st\u00f6tar kan en ny justering bli n\u00f6dv\u00e4ndig. F\u00f6r att g\u00f6ra detta, anv\u00e4nd en skruvmejsel och justera skruven p\u00e5 baksidan av enheten enligt anvisningarna i den medf\u00f6ljande manualen.&nbsp;<\/p>\n","protected":false},"excerpt":{"rendered":"<p>Barometer Fischer &#8211; 13366R-22&nbsp;Produktinformation:&nbsp;Synlig mekanismKlassisk, elegant designMekanismen \u00e4r innesluten i ett m\u00e4ssingsh\u00f6ljeTr\u00e4bas av boktr\u00e4 &#8211; mahognyf\u00e4rgadNamn p\u00e5 engelska&nbsp;M\u00e5tt:&nbsp;Diameter: 14 cmInstrumentets urtavla: 10 cm&nbsp;F\u00f6retaget Fischer grundades 1945 i Drebach, Tyskland, och har sedan dess tillverkat barometrar, hygrometrar och termometrar d\u00e4r. Det har \u00f6ver 70 \u00e5rs erfarenhet inom denna bransch. Idag \u00e4r Fischer en v\u00e4lk\u00e4nd och respekterad [&hellip;]<\/p>\n","protected":false},"featured_media":45027,"comment_status":"open","ping_status":"closed","template":"","meta":[],"product_brand":[],"product_cat":[33],"product_tag":[],"class_list":{"0":"post-17880","1":"product","2":"type-product","3":"status-publish","4":"has-post-thumbnail","6":"product_cat-okategoriserad","8":"first","9":"instock","10":"shipping-taxable","11":"purchasable","12":"product-type-simple"},"_links":{"self":[{"href":"https:\/\/nordicmart.andreevmaster.com\/sv\/wp-json\/wp\/v2\/product\/17880","targetHints":{"allow":["GET"]}}],"collection":[{"href":"https:\/\/nordicmart.andreevmaster.com\/sv\/wp-json\/wp\/v2\/product"}],"about":[{"href":"https:\/\/nordicmart.andreevmaster.com\/sv\/wp-json\/wp\/v2\/types\/product"}],"replies":[{"embeddable":true,"href":"https:\/\/nordicmart.andreevmaster.com\/sv\/wp-json\/wp\/v2\/comments?post=17880"}],"wp:featuredmedia":[{"embeddable":true,"href":"https:\/\/nordicmart.andreevmaster.com\/sv\/wp-json\/wp\/v2\/media\/45027"}],"wp:attachment":[{"href":"https:\/\/nordicmart.andreevmaster.com\/sv\/wp-json\/wp\/v2\/media?parent=17880"}],"wp:term":[{"taxonomy":"product_brand","embeddable":true,"href":"https:\/\/nordicmart.andreevmaster.com\/sv\/wp-json\/wp\/v2\/product_brand?post=17880"},{"taxonomy":"product_cat","embeddable":true,"href":"https:\/\/nordicmart.andreevmaster.com\/sv\/wp-json\/wp\/v2\/product_cat?post=17880"},{"taxonomy":"product_tag","embeddable":true,"href":"https:\/\/nordicmart.andreevmaster.com\/sv\/wp-json\/wp\/v2\/product_tag?post=17880"}],"curies":[{"name":"wp","href":"https:\/\/api.w.org\/{rel}","templated":true}]}}