{"id":17879,"date":"2026-02-27T00:37:03","date_gmt":"2026-02-27T00:37:03","guid":{"rendered":"https:\/\/nordicmart.andreevmaster.com\/product\/brass-solar-quadrant-gunterr-h39-2\/"},"modified":"2026-02-27T08:26:13","modified_gmt":"2026-02-27T08:26:13","slug":"brass-solar-quadrant-gunterr-h39-2","status":"publish","type":"product","link":"https:\/\/nordicmart.andreevmaster.com\/sv\/produkt\/brass-solar-quadrant-gunterr-h39-2\/","title":{"rendered":"Brass Solar Quadrant Gunterr \u2013 H39"},"content":{"rendered":"<p>Gunter m\u00e4ssingssolkvadrant &#8211; H39 &nbsp;&nbsp;Kvadranten \u00e4r ett historiskt instrument f\u00f6r att best\u00e4mma stj\u00e4rnornas position. Den hade formen av en kvarts cirkel med en vinkelskala. Den var k\u00e4nd redan i antikens Grekland och anv\u00e4ndes fortfarande p\u00e5 1600-talet.&nbsp;Den \u00e4r en perfekt present till en sj\u00f6man eller astronomientusiast.&nbsp;Reproduktion baserad p\u00e5 Gunter-kvadranten fr\u00e5n 1700-talet, som finns utst\u00e4lld p\u00e5 Greenwich Maritime Museum. &nbsp;&nbsp;Produktinformation:&nbsp;M\u00e5tt: h\u00f6jd 17 cm x bredd 15 cm x djup 0,7 cm. Vikt: 0,85 kg. Baksidan av nattklockan. Presentf\u00f6rpackning: vacker presentask med lister. Perfekt present till astronomen, present till astronomiintresserade.&nbsp;<\/p>\n","protected":false},"excerpt":{"rendered":"<p>Gunter m\u00e4ssingssolkvadrant &#8211; H39 &nbsp;&nbsp;Kvadranten \u00e4r ett historiskt instrument f\u00f6r att best\u00e4mma stj\u00e4rnornas position. Den hade formen av en kvarts cirkel med en vinkelskala. Den var k\u00e4nd redan i antikens Grekland och anv\u00e4ndes fortfarande p\u00e5 1600-talet.&nbsp;Den \u00e4r en perfekt present till en sj\u00f6man eller astronomientusiast.&nbsp;Reproduktion baserad p\u00e5 Gunter-kvadranten fr\u00e5n 1700-talet, som finns utst\u00e4lld p\u00e5 Greenwich [&hellip;]<\/p>\n","protected":false},"featured_media":45026,"comment_status":"open","ping_status":"closed","template":"","meta":[],"product_brand":[],"product_cat":[33],"product_tag":[],"class_list":{"0":"post-17879","1":"product","2":"type-product","3":"status-publish","4":"has-post-thumbnail","6":"product_cat-okategoriserad","8":"first","9":"instock","10":"shipping-taxable","11":"purchasable","12":"product-type-simple"},"_links":{"self":[{"href":"https:\/\/nordicmart.andreevmaster.com\/sv\/wp-json\/wp\/v2\/product\/17879","targetHints":{"allow":["GET"]}}],"collection":[{"href":"https:\/\/nordicmart.andreevmaster.com\/sv\/wp-json\/wp\/v2\/product"}],"about":[{"href":"https:\/\/nordicmart.andreevmaster.com\/sv\/wp-json\/wp\/v2\/types\/product"}],"replies":[{"embeddable":true,"href":"https:\/\/nordicmart.andreevmaster.com\/sv\/wp-json\/wp\/v2\/comments?post=17879"}],"wp:featuredmedia":[{"embeddable":true,"href":"https:\/\/nordicmart.andreevmaster.com\/sv\/wp-json\/wp\/v2\/media\/45026"}],"wp:attachment":[{"href":"https:\/\/nordicmart.andreevmaster.com\/sv\/wp-json\/wp\/v2\/media?parent=17879"}],"wp:term":[{"taxonomy":"product_brand","embeddable":true,"href":"https:\/\/nordicmart.andreevmaster.com\/sv\/wp-json\/wp\/v2\/product_brand?post=17879"},{"taxonomy":"product_cat","embeddable":true,"href":"https:\/\/nordicmart.andreevmaster.com\/sv\/wp-json\/wp\/v2\/product_cat?post=17879"},{"taxonomy":"product_tag","embeddable":true,"href":"https:\/\/nordicmart.andreevmaster.com\/sv\/wp-json\/wp\/v2\/product_tag?post=17879"}],"curies":[{"name":"wp","href":"https:\/\/api.w.org\/{rel}","templated":true}]}}