{"id":17878,"date":"2026-02-27T00:37:03","date_gmt":"2026-02-27T00:37:03","guid":{"rendered":"https:\/\/nordicmart.andreevmaster.com\/product\/sagittarius-magnet-stjarntecken-str\/"},"modified":"2026-02-27T08:26:13","modified_gmt":"2026-02-27T08:26:13","slug":"sagittarius-magnet-stjarntecken-str","status":"publish","type":"product","link":"https:\/\/nordicmart.andreevmaster.com\/sv\/produkt\/sagittarius-magnet-stjarntecken-str\/","title":{"rendered":"Sagittarius Magnet stj\u00e4rntecken | STR"},"content":{"rendered":"<p>Skytten Magnet stj\u00e4rntecken&nbsp;&nbsp;Kylsk\u00e5psmagnet f\u00f6r den energiska, avslappnade och optimistiska stj\u00e4rntecknet Skytten. Skytten \u00e4r en glad person med en uttrycksfull personlighet. Skytten \u00e4r direkt, entusiastisk och spontan. En kylsk\u00e5psmagnet med bilden av stj\u00e4rntecknet Skytten \u00e4r en utm\u00e4rkt id\u00e9 f\u00f6r en liten present eller ett komplement till en present till en person som \u00e4r f\u00f6dd i Skytten och f\u00f6r fans av astrologi.&nbsp;I mitten av magneten finns en bild p\u00e5 stj\u00e4rntecknet Skytten. P\u00e5 den gyllene kanten finns symboler f\u00f6r alla stj\u00e4rntecken. Skytten Magnet Stj\u00e4rntecken Specifikation: Material: emaljerad metall F\u00e4rg: guld, svart Symboler f\u00f6r alla stj\u00e4rntecken p\u00e5 kanten Skytten i mitten M\u00e5tt: diameter 6 cm<\/p>\n","protected":false},"excerpt":{"rendered":"<p>Skytten Magnet stj\u00e4rntecken&nbsp;&nbsp;Kylsk\u00e5psmagnet f\u00f6r den energiska, avslappnade och optimistiska stj\u00e4rntecknet Skytten. Skytten \u00e4r en glad person med en uttrycksfull personlighet. Skytten \u00e4r direkt, entusiastisk och spontan. En kylsk\u00e5psmagnet med bilden av stj\u00e4rntecknet Skytten \u00e4r en utm\u00e4rkt id\u00e9 f\u00f6r en liten present eller ett komplement till en present till en person som \u00e4r f\u00f6dd i Skytten [&hellip;]<\/p>\n","protected":false},"featured_media":45025,"comment_status":"open","ping_status":"closed","template":"","meta":[],"product_brand":[],"product_cat":[33],"product_tag":[],"class_list":{"0":"post-17878","1":"product","2":"type-product","3":"status-publish","4":"has-post-thumbnail","6":"product_cat-okategoriserad","8":"first","9":"instock","10":"shipping-taxable","11":"purchasable","12":"product-type-simple"},"_links":{"self":[{"href":"https:\/\/nordicmart.andreevmaster.com\/sv\/wp-json\/wp\/v2\/product\/17878","targetHints":{"allow":["GET"]}}],"collection":[{"href":"https:\/\/nordicmart.andreevmaster.com\/sv\/wp-json\/wp\/v2\/product"}],"about":[{"href":"https:\/\/nordicmart.andreevmaster.com\/sv\/wp-json\/wp\/v2\/types\/product"}],"replies":[{"embeddable":true,"href":"https:\/\/nordicmart.andreevmaster.com\/sv\/wp-json\/wp\/v2\/comments?post=17878"}],"wp:featuredmedia":[{"embeddable":true,"href":"https:\/\/nordicmart.andreevmaster.com\/sv\/wp-json\/wp\/v2\/media\/45025"}],"wp:attachment":[{"href":"https:\/\/nordicmart.andreevmaster.com\/sv\/wp-json\/wp\/v2\/media?parent=17878"}],"wp:term":[{"taxonomy":"product_brand","embeddable":true,"href":"https:\/\/nordicmart.andreevmaster.com\/sv\/wp-json\/wp\/v2\/product_brand?post=17878"},{"taxonomy":"product_cat","embeddable":true,"href":"https:\/\/nordicmart.andreevmaster.com\/sv\/wp-json\/wp\/v2\/product_cat?post=17878"},{"taxonomy":"product_tag","embeddable":true,"href":"https:\/\/nordicmart.andreevmaster.com\/sv\/wp-json\/wp\/v2\/product_tag?post=17878"}],"curies":[{"name":"wp","href":"https:\/\/api.w.org\/{rel}","templated":true}]}}