{"id":17877,"date":"2026-02-27T00:37:03","date_gmt":"2026-02-27T00:37:03","guid":{"rendered":"https:\/\/nordicmart.andreevmaster.com\/product\/step2-berg-och-dalbana-for-barn-akle\/"},"modified":"2026-02-27T08:26:13","modified_gmt":"2026-02-27T08:26:13","slug":"step2-berg-och-dalbana-for-barn-akle","status":"publish","type":"product","link":"https:\/\/nordicmart.andreevmaster.com\/sv\/produkt\/step2-berg-och-dalbana-for-barn-akle\/","title":{"rendered":"STEP2 Berg- och dalbana f\u00f6r barn \u00e5kle"},"content":{"rendered":"<p>Egenskaper:<\/p>\n<p>* &#8211; Berg- och dalbanan kan anv\u00e4ndas b\u00e5de inomhus (lekrum) och utomhus (i tr\u00e4dg\u00e5rden).<br \/>\n* &#8211; Tv\u00e5 halkfria steg (p\u00e5 b\u00e5da sidor) s\u00e4kerst\u00e4ller s\u00e4ker \u00e5tkomst till t\u00e5get.<br \/>\n* &#8211; Hjulsp\u00e5r i toppen av banan f\u00f6rhindrar att t\u00e5get r\u00f6r sig vid p\u00e5stigning.<br \/>\n* &#8211; N\u00e4stan 3 meter bana f\u00f6r att \u00e5ka upp och ner.<br \/>\n* &#8211; F\u00f6r att s\u00e4kerst\u00e4lla s\u00e4ker \u00e5kning \u00e4r fordonet utrustat med h\u00f6g ryggst\u00f6d, handr\u00e4cke och fotst\u00f6d.* &#8211; T\u00e5get \u00e4r dekorerat med klisterm\u00e4rken i vackra, livfulla f\u00e4rger.<br \/>\n* &#8211; Fordonet kan anv\u00e4ndas separat, t.ex. som \u00e5kleksak. <\/p>\n<p>Step2 \u2013 kvalitet f\u00f6rst, fantastiska leksaker sedan! Om du letar efter kvalitet och s\u00e4kerhet n\u00e4r du v\u00e4ljer leksaker till ditt barn, kommer hela sortimentet av fantastiska leksaker fr\u00e5n det amerikanska f\u00f6retaget Step2 s\u00e4kert att uppfylla f\u00f6rv\u00e4ntningarna hos barn, f\u00f6r\u00e4ldrar, daghem, f\u00f6rskolor och andra utbildningsinstitutioner. Step2 har tillverkat de b\u00e4sta leksakerna i USA i \u00e5rtionden! Sortimentet omfattar sandl\u00e5dor, tr\u00e4dg\u00e5rdshus, lekplatser, verkst\u00e4der, \u00e5kleksaker, k\u00f6k och barnm\u00f6bler.<\/p>\n","protected":false},"excerpt":{"rendered":"<p>Egenskaper: * &#8211; Berg- och dalbanan kan anv\u00e4ndas b\u00e5de inomhus (lekrum) och utomhus (i tr\u00e4dg\u00e5rden). * &#8211; Tv\u00e5 halkfria steg (p\u00e5 b\u00e5da sidor) s\u00e4kerst\u00e4ller s\u00e4ker \u00e5tkomst till t\u00e5get. * &#8211; Hjulsp\u00e5r i toppen av banan f\u00f6rhindrar att t\u00e5get r\u00f6r sig vid p\u00e5stigning. * &#8211; N\u00e4stan 3 meter bana f\u00f6r att \u00e5ka upp och ner. * [&hellip;]<\/p>\n","protected":false},"featured_media":0,"comment_status":"open","ping_status":"closed","template":"","meta":[],"product_brand":[],"product_cat":[33],"product_tag":[],"class_list":{"0":"post-17877","1":"product","2":"type-product","3":"status-publish","5":"product_cat-okategoriserad","7":"first","8":"instock","9":"shipping-taxable","10":"purchasable","11":"product-type-simple"},"_links":{"self":[{"href":"https:\/\/nordicmart.andreevmaster.com\/sv\/wp-json\/wp\/v2\/product\/17877","targetHints":{"allow":["GET"]}}],"collection":[{"href":"https:\/\/nordicmart.andreevmaster.com\/sv\/wp-json\/wp\/v2\/product"}],"about":[{"href":"https:\/\/nordicmart.andreevmaster.com\/sv\/wp-json\/wp\/v2\/types\/product"}],"replies":[{"embeddable":true,"href":"https:\/\/nordicmart.andreevmaster.com\/sv\/wp-json\/wp\/v2\/comments?post=17877"}],"wp:attachment":[{"href":"https:\/\/nordicmart.andreevmaster.com\/sv\/wp-json\/wp\/v2\/media?parent=17877"}],"wp:term":[{"taxonomy":"product_brand","embeddable":true,"href":"https:\/\/nordicmart.andreevmaster.com\/sv\/wp-json\/wp\/v2\/product_brand?post=17877"},{"taxonomy":"product_cat","embeddable":true,"href":"https:\/\/nordicmart.andreevmaster.com\/sv\/wp-json\/wp\/v2\/product_cat?post=17877"},{"taxonomy":"product_tag","embeddable":true,"href":"https:\/\/nordicmart.andreevmaster.com\/sv\/wp-json\/wp\/v2\/product_tag?post=17877"}],"curies":[{"name":"wp","href":"https:\/\/api.w.org\/{rel}","templated":true}]}}