{"id":17876,"date":"2026-02-27T00:37:02","date_gmt":"2026-02-27T00:37:02","guid":{"rendered":"https:\/\/nordicmart.andreevmaster.com\/product\/smoby-xxl-gra-pedaltraktor-med-slap\/"},"modified":"2026-02-27T08:26:13","modified_gmt":"2026-02-27T08:26:13","slug":"smoby-xxl-gra-pedaltraktor-med-slap","status":"publish","type":"product","link":"https:\/\/nordicmart.andreevmaster.com\/sv\/produkt\/smoby-xxl-gra-pedaltraktor-med-slap\/","title":{"rendered":"SMOBY XXL Gr\u00e5 pedaltraktor med sl\u00e4p"},"content":{"rendered":"<p>Den starka XXL gr\u00e5 pedaltraktor \u00e4r en dr\u00f6m som g\u00e5r i uppfyllelse f\u00f6r m\u00e5nga sm\u00e5 traktorf\u00f6rare. Noggrant tillverkad med uppm\u00e4rksamhet p\u00e5 minsta detalj. Ingen riktig bonde skulle rynka p\u00e5 n\u00e4san \u00e5t den. <\/p>\n<p>Egenskaper: <\/p>\n<p>* &#8211; En sensationell gr\u00e5 traktor f\u00f6r barn.<br \/>\n* &#8211; Traktorn \u00e4r utrustad med ett justerbart, bekv\u00e4mt och v\u00e4lkonturerat s\u00e4te.<br \/>\n* &#8211; Den har ett inbyggt kedjetransmissionssystem.<br \/>\n* &#8211; Setet inneh\u00e5ller en rymlig, enaxlad sl\u00e4pvagn som enkelt kan kopplas bort fr\u00e5n traktorn.* &#8211; Ratten \u00e4r utrustad med en tuta.<br \/>\n* &#8211; Den solida konstruktionen garanterar l\u00e5ngvarig anv\u00e4ndning.<br \/>\n* &#8211; Setet \u00e4r tillverkat i Frankrike.<br \/>\n* &#8211; Maximal belastning: 50 kg.<br \/>\n* &#8211; Sats f\u00f6r sj\u00e4lvmontering.<br \/>\nSmoby \u00e4r det st\u00f6rsta och mest popul\u00e4ra leksaksm\u00e4rket i Frankrike och en av de b\u00e4sta leksakstillverkarna i v\u00e4rlden. Varum\u00e4rkets rykte talar f\u00f6r sig sj\u00e4lv, och bredden och m\u00e5ngfalden i produktsortimentet bekr\u00e4ftar f\u00f6retagets status. Smoby \u00e4r k\u00e4nt f\u00f6r att erbjuda alla typer av leksaker, men s\u00e4rskild uppm\u00e4rksamhet b\u00f6r \u00e4gnas \u00e5t lekstugor, tr\u00e4dg\u00e5rdsleksaker och \u00e5kleksaker.<\/p>\n","protected":false},"excerpt":{"rendered":"<p>Den starka XXL gr\u00e5 pedaltraktor \u00e4r en dr\u00f6m som g\u00e5r i uppfyllelse f\u00f6r m\u00e5nga sm\u00e5 traktorf\u00f6rare. Noggrant tillverkad med uppm\u00e4rksamhet p\u00e5 minsta detalj. Ingen riktig bonde skulle rynka p\u00e5 n\u00e4san \u00e5t den. Egenskaper: * &#8211; En sensationell gr\u00e5 traktor f\u00f6r barn. * &#8211; Traktorn \u00e4r utrustad med ett justerbart, bekv\u00e4mt och v\u00e4lkonturerat s\u00e4te. * &#8211; [&hellip;]<\/p>\n","protected":false},"featured_media":0,"comment_status":"open","ping_status":"closed","template":"","meta":[],"product_brand":[],"product_cat":[33],"product_tag":[],"class_list":{"0":"post-17876","1":"product","2":"type-product","3":"status-publish","5":"product_cat-okategoriserad","7":"first","8":"instock","9":"shipping-taxable","10":"purchasable","11":"product-type-simple"},"_links":{"self":[{"href":"https:\/\/nordicmart.andreevmaster.com\/sv\/wp-json\/wp\/v2\/product\/17876","targetHints":{"allow":["GET"]}}],"collection":[{"href":"https:\/\/nordicmart.andreevmaster.com\/sv\/wp-json\/wp\/v2\/product"}],"about":[{"href":"https:\/\/nordicmart.andreevmaster.com\/sv\/wp-json\/wp\/v2\/types\/product"}],"replies":[{"embeddable":true,"href":"https:\/\/nordicmart.andreevmaster.com\/sv\/wp-json\/wp\/v2\/comments?post=17876"}],"wp:attachment":[{"href":"https:\/\/nordicmart.andreevmaster.com\/sv\/wp-json\/wp\/v2\/media?parent=17876"}],"wp:term":[{"taxonomy":"product_brand","embeddable":true,"href":"https:\/\/nordicmart.andreevmaster.com\/sv\/wp-json\/wp\/v2\/product_brand?post=17876"},{"taxonomy":"product_cat","embeddable":true,"href":"https:\/\/nordicmart.andreevmaster.com\/sv\/wp-json\/wp\/v2\/product_cat?post=17876"},{"taxonomy":"product_tag","embeddable":true,"href":"https:\/\/nordicmart.andreevmaster.com\/sv\/wp-json\/wp\/v2\/product_tag?post=17876"}],"curies":[{"name":"wp","href":"https:\/\/api.w.org\/{rel}","templated":true}]}}