{"id":17875,"date":"2026-02-27T00:37:02","date_gmt":"2026-02-27T00:37:02","guid":{"rendered":"https:\/\/nordicmart.andreevmaster.com\/product\/rolly-toys-rollyfarmtrac-john-deere-7930-pedaltraktor-med-skopa\/"},"modified":"2026-02-27T08:26:12","modified_gmt":"2026-02-27T08:26:12","slug":"rolly-toys-rollyfarmtrac-john-deere-7930-pedaltraktor-med-skopa","status":"publish","type":"product","link":"https:\/\/nordicmart.andreevmaster.com\/sv\/produkt\/rolly-toys-rollyfarmtrac-john-deere-7930-pedaltraktor-med-skopa\/","title":{"rendered":"Rolly Toys rollyFarmtrac John Deere 7930 pedaltraktor med skopa"},"content":{"rendered":"<p>Den John Deere-licensierade traktorn rollyFarmtrac 7930 \u00e4r en dr\u00f6m som g\u00e5r i uppfyllelse f\u00f6r m\u00e5nga sm\u00e5 traktorf\u00f6rare. En av de b\u00e4sta barntraktorerna p\u00e5 marknaden!  Noggrant tillverkad med omsorg om minsta detalj. Traktorn \u00e4r l\u00e4tt att h\u00e5lla ren, vilket g\u00f6r den idealisk f\u00f6r anv\u00e4ndning b\u00e5de inomhus och utomhus. Tack vare det skjutbara s\u00e4tet v\u00e4xer fordonet med ditt barn. Traktorns design garanterar fullst\u00e4ndig s\u00e4kerhet under lek tack vare ett inbyggt mekaniskt system som skyddar ditt barn fr\u00e5n olycksfall. Motorhuven kan \u00f6ppnas och avsl\u00f6jar ett funktionellt f\u00f6rvaringsutrymme d\u00e4r ditt barn kan g\u00f6mma sm\u00e5 f\u00f6rem\u00e5l som beh\u00f6vs f\u00f6r leken. Gr\u00e4vskopan \u00e4r avtagbar, vilket m\u00f6jligg\u00f6r en m\u00e4ngd olika lekscenarier. Tack vare de tysta hjulen kan ditt barn leka hemma utan att skapa obehagligt buller. <\/p>\n<p>EGENSKAPER:<\/p>\n<p>* &#8211; Leksak f\u00f6r barn fr\u00e5n 3 \u00e5r<br \/>\n* &#8211; Justerbar sittposition \u2013 leksaken v\u00e4xer med ditt barn<br \/>\n* &#8211; Avtagbar gr\u00e4vskopa<br \/>\n* &#8211; Kedjetransmissionsmekanism med pedaler g\u00f6r traktorn l\u00e4tt att man\u00f6vrera f\u00f6r barn<br \/>\n* &#8211; Det mekaniska systemet \u00e4r inkapslat och otillg\u00e4ngligt f\u00f6r barn<br \/>\n* &#8211; \u00d6ppningsbar motorhuv<br \/>\n* &#8211; Gummiband p\u00e5 hjulen \u2013 ser till att traktorn inte genererar mycket buller<br \/>\n* &#8211; Styrbar framaxel<\/p>\n","protected":false},"excerpt":{"rendered":"<p>Den John Deere-licensierade traktorn rollyFarmtrac 7930 \u00e4r en dr\u00f6m som g\u00e5r i uppfyllelse f\u00f6r m\u00e5nga sm\u00e5 traktorf\u00f6rare. En av de b\u00e4sta barntraktorerna p\u00e5 marknaden! Noggrant tillverkad med omsorg om minsta detalj. Traktorn \u00e4r l\u00e4tt att h\u00e5lla ren, vilket g\u00f6r den idealisk f\u00f6r anv\u00e4ndning b\u00e5de inomhus och utomhus. Tack vare det skjutbara s\u00e4tet v\u00e4xer fordonet med [&hellip;]<\/p>\n","protected":false},"featured_media":0,"comment_status":"open","ping_status":"closed","template":"","meta":[],"product_brand":[],"product_cat":[33],"product_tag":[],"class_list":{"0":"post-17875","1":"product","2":"type-product","3":"status-publish","5":"product_cat-okategoriserad","7":"first","8":"instock","9":"shipping-taxable","10":"purchasable","11":"product-type-simple"},"_links":{"self":[{"href":"https:\/\/nordicmart.andreevmaster.com\/sv\/wp-json\/wp\/v2\/product\/17875","targetHints":{"allow":["GET"]}}],"collection":[{"href":"https:\/\/nordicmart.andreevmaster.com\/sv\/wp-json\/wp\/v2\/product"}],"about":[{"href":"https:\/\/nordicmart.andreevmaster.com\/sv\/wp-json\/wp\/v2\/types\/product"}],"replies":[{"embeddable":true,"href":"https:\/\/nordicmart.andreevmaster.com\/sv\/wp-json\/wp\/v2\/comments?post=17875"}],"wp:attachment":[{"href":"https:\/\/nordicmart.andreevmaster.com\/sv\/wp-json\/wp\/v2\/media?parent=17875"}],"wp:term":[{"taxonomy":"product_brand","embeddable":true,"href":"https:\/\/nordicmart.andreevmaster.com\/sv\/wp-json\/wp\/v2\/product_brand?post=17875"},{"taxonomy":"product_cat","embeddable":true,"href":"https:\/\/nordicmart.andreevmaster.com\/sv\/wp-json\/wp\/v2\/product_cat?post=17875"},{"taxonomy":"product_tag","embeddable":true,"href":"https:\/\/nordicmart.andreevmaster.com\/sv\/wp-json\/wp\/v2\/product_tag?post=17875"}],"curies":[{"name":"wp","href":"https:\/\/api.w.org\/{rel}","templated":true}]}}