{"id":17874,"date":"2026-02-27T00:37:01","date_gmt":"2026-02-27T00:37:01","guid":{"rendered":"https:\/\/nordicmart.andreevmaster.com\/product\/step2-skrivbord-med-stol-deluxe-educational-art-corner\/"},"modified":"2026-02-27T08:26:12","modified_gmt":"2026-02-27T08:26:12","slug":"step2-skrivbord-med-stol-deluxe-educational-art-corner","status":"publish","type":"product","link":"https:\/\/nordicmart.andreevmaster.com\/sv\/produkt\/step2-skrivbord-med-stol-deluxe-educational-art-corner\/","title":{"rendered":"STEP2 Skrivbord med stol Deluxe Educational Art Corner"},"content":{"rendered":"<p>Deluxe Art Master Desk \u2013 en kreativ plats f\u00f6r sm\u00e5 konstn\u00e4rer!<\/p>\n<p>Deluxe Art Master Desk fr\u00e5n Step2 \u00e4r den perfekta platsen f\u00f6r kreativt lekande och l\u00e4rande! Denna f\u00e4rgglada, funktionella upps\u00e4ttning med skrivbord och stol kommer att v\u00e4cka ditt barns fantasi och hj\u00e4lpa till att utveckla deras manuella f\u00e4rdigheter. Ett utm\u00e4rkt val f\u00f6r barnrummet eller lekh\u00f6rnan.<\/p>\n<p>Funktioner:<\/p>\n<p>* &#8211; Stor arbetsyta med inbyggda fack f\u00f6r material<br \/>\n* &#8211; Whiteboardtavla med \u00f6ppningsfunktion \u2013 l\u00e4tt att reng\u00f6ra, med plats f\u00f6r extra tillbeh\u00f6r<br \/>\n* &#8211; Upph\u00f6jd hylla och beh\u00e5llare f\u00f6r f\u00f6rvaring av konstmaterial<br \/>\n* &#8211; Vertikala fack f\u00f6r b\u00f6cker och surfplattor<br \/>\n* &#8211; Lampa med tryckknapp (kr\u00e4ver 3 AAA-batterier \u2013 ing\u00e5r ej)<br \/>\n* &#8211; En stadig stol ing\u00e5r<br \/>\n* &#8211; Maximal belastning p\u00e5 stolen: 34,1 kg<br \/>\n* &#8211; M\u00e5tt: 51,4 x 90,2 x 79,4 cm<br \/>\n* &#8211; Material: slitstark rotationsgjuten plast<br \/>\n* &#8211; Sj\u00e4lvmontering kr\u00e4vs<br \/>\n* &#8211; CE- och EN 71-certifierad<\/p>\n<p>Inneh\u00e5ll i setet:<\/p>\n<p>* &#8211; Skrivbord med whiteboardtavla<br \/>\n* &#8211; Stol<br \/>\n* &#8211; Hyllor och f\u00f6rvaringsl\u00e5dor<br \/>\n* &#8211; Inbyggd lampa (batterier ing\u00e5r ej)<\/p>\n<p>Leksaken utvecklar:<\/p>\n<p>* &#8211; Manuell skicklighet och finmotorik<br \/>\n* &#8211; Kreativitet och fantasi<br \/>\n* &#8211; Organisation och sj\u00e4lvst\u00e4ndighet under lek<\/p>\n<p>Tillbeh\u00f6r som f\u00e4rger och pennor ing\u00e5r inte i setet.<\/p>\n","protected":false},"excerpt":{"rendered":"<p>Deluxe Art Master Desk \u2013 en kreativ plats f\u00f6r sm\u00e5 konstn\u00e4rer! Deluxe Art Master Desk fr\u00e5n Step2 \u00e4r den perfekta platsen f\u00f6r kreativt lekande och l\u00e4rande! Denna f\u00e4rgglada, funktionella upps\u00e4ttning med skrivbord och stol kommer att v\u00e4cka ditt barns fantasi och hj\u00e4lpa till att utveckla deras manuella f\u00e4rdigheter. Ett utm\u00e4rkt val f\u00f6r barnrummet eller lekh\u00f6rnan. [&hellip;]<\/p>\n","protected":false},"featured_media":0,"comment_status":"open","ping_status":"closed","template":"","meta":[],"product_brand":[],"product_cat":[33],"product_tag":[],"class_list":{"0":"post-17874","1":"product","2":"type-product","3":"status-publish","5":"product_cat-okategoriserad","7":"first","8":"instock","9":"shipping-taxable","10":"purchasable","11":"product-type-simple"},"_links":{"self":[{"href":"https:\/\/nordicmart.andreevmaster.com\/sv\/wp-json\/wp\/v2\/product\/17874","targetHints":{"allow":["GET"]}}],"collection":[{"href":"https:\/\/nordicmart.andreevmaster.com\/sv\/wp-json\/wp\/v2\/product"}],"about":[{"href":"https:\/\/nordicmart.andreevmaster.com\/sv\/wp-json\/wp\/v2\/types\/product"}],"replies":[{"embeddable":true,"href":"https:\/\/nordicmart.andreevmaster.com\/sv\/wp-json\/wp\/v2\/comments?post=17874"}],"wp:attachment":[{"href":"https:\/\/nordicmart.andreevmaster.com\/sv\/wp-json\/wp\/v2\/media?parent=17874"}],"wp:term":[{"taxonomy":"product_brand","embeddable":true,"href":"https:\/\/nordicmart.andreevmaster.com\/sv\/wp-json\/wp\/v2\/product_brand?post=17874"},{"taxonomy":"product_cat","embeddable":true,"href":"https:\/\/nordicmart.andreevmaster.com\/sv\/wp-json\/wp\/v2\/product_cat?post=17874"},{"taxonomy":"product_tag","embeddable":true,"href":"https:\/\/nordicmart.andreevmaster.com\/sv\/wp-json\/wp\/v2\/product_tag?post=17874"}],"curies":[{"name":"wp","href":"https:\/\/api.w.org\/{rel}","templated":true}]}}