{"id":17873,"date":"2026-02-27T00:37:01","date_gmt":"2026-02-27T00:37:01","guid":{"rendered":"https:\/\/nordicmart.andreevmaster.com\/product\/rolly-toys-john-deere-farmtrac-pedaltraktor-3-8-ar\/"},"modified":"2026-02-27T08:26:12","modified_gmt":"2026-02-27T08:26:12","slug":"rolly-toys-john-deere-farmtrac-pedaltraktor-3-8-ar","status":"publish","type":"product","link":"https:\/\/nordicmart.andreevmaster.com\/sv\/produkt\/rolly-toys-john-deere-farmtrac-pedaltraktor-3-8-ar\/","title":{"rendered":"Rolly Toys John Deere FarmTrac pedaltraktor 3-8 \u00e5r"},"content":{"rendered":"<p>Pedaltraktorn Rolly Farmtrac fr\u00e5n Rolly Toys \u00e4r inte bara h\u00e5llbar utan ocks\u00e5 l\u00e4tt att h\u00e5lla ren, vilket g\u00f6r den till den perfekta kompisen f\u00f6r lek b\u00e5de utomhus och inomhus.  Traktorn \u00e4r l\u00e4tt att h\u00e5lla ren, vilket g\u00f6r den idealisk f\u00f6r b\u00e5de inomhus- och utomhusbruk. Tack vare det skjutbara s\u00e4tet v\u00e4xer fordonet med ditt barn. Traktorns design garanterar fullst\u00e4ndig s\u00e4kerhet under lek tack vare det inbyggda mekaniska systemet, som skyddar ditt barn fr\u00e5n olycksfall. Motorhuven kan \u00f6ppnas och tack vare de tysta hjulen kan ditt barn leka hemma utan att skapa obehagligt buller.<\/p>\n<p>EGENSKAPER:<\/p>\n<p>&#8211; Leksak f\u00f6r barn fr\u00e5n 3 \u00e5r &#8211; Justerbar sittposition \u2013 leksaken v\u00e4xer med ditt barn &#8211; Tack vare kedjetransmissionsmekanismen kan \u00e4ven ett litet barn k\u00f6ra den. &#8211; Det mekaniska systemet \u00e4r inbyggt och o\u00e5tkomligt f\u00f6r barnet &#8211; Gummiband p\u00e5 hjulen \u2013 ser till att traktorn inte genererar mycket buller<\/p>\n","protected":false},"excerpt":{"rendered":"<p>Pedaltraktorn Rolly Farmtrac fr\u00e5n Rolly Toys \u00e4r inte bara h\u00e5llbar utan ocks\u00e5 l\u00e4tt att h\u00e5lla ren, vilket g\u00f6r den till den perfekta kompisen f\u00f6r lek b\u00e5de utomhus och inomhus. Traktorn \u00e4r l\u00e4tt att h\u00e5lla ren, vilket g\u00f6r den idealisk f\u00f6r b\u00e5de inomhus- och utomhusbruk. Tack vare det skjutbara s\u00e4tet v\u00e4xer fordonet med ditt barn. Traktorns [&hellip;]<\/p>\n","protected":false},"featured_media":0,"comment_status":"open","ping_status":"closed","template":"","meta":[],"product_brand":[],"product_cat":[33],"product_tag":[],"class_list":{"0":"post-17873","1":"product","2":"type-product","3":"status-publish","5":"product_cat-okategoriserad","7":"first","8":"instock","9":"shipping-taxable","10":"purchasable","11":"product-type-simple"},"_links":{"self":[{"href":"https:\/\/nordicmart.andreevmaster.com\/sv\/wp-json\/wp\/v2\/product\/17873","targetHints":{"allow":["GET"]}}],"collection":[{"href":"https:\/\/nordicmart.andreevmaster.com\/sv\/wp-json\/wp\/v2\/product"}],"about":[{"href":"https:\/\/nordicmart.andreevmaster.com\/sv\/wp-json\/wp\/v2\/types\/product"}],"replies":[{"embeddable":true,"href":"https:\/\/nordicmart.andreevmaster.com\/sv\/wp-json\/wp\/v2\/comments?post=17873"}],"wp:attachment":[{"href":"https:\/\/nordicmart.andreevmaster.com\/sv\/wp-json\/wp\/v2\/media?parent=17873"}],"wp:term":[{"taxonomy":"product_brand","embeddable":true,"href":"https:\/\/nordicmart.andreevmaster.com\/sv\/wp-json\/wp\/v2\/product_brand?post=17873"},{"taxonomy":"product_cat","embeddable":true,"href":"https:\/\/nordicmart.andreevmaster.com\/sv\/wp-json\/wp\/v2\/product_cat?post=17873"},{"taxonomy":"product_tag","embeddable":true,"href":"https:\/\/nordicmart.andreevmaster.com\/sv\/wp-json\/wp\/v2\/product_tag?post=17873"}],"curies":[{"name":"wp","href":"https:\/\/api.w.org\/{rel}","templated":true}]}}