{"id":17872,"date":"2026-02-27T00:37:01","date_gmt":"2026-02-27T00:37:01","guid":{"rendered":"https:\/\/nordicmart.andreevmaster.com\/product\/falk-brandbil-att-aka-pa-med-tuta-fran-1-ar\/"},"modified":"2026-02-27T08:26:12","modified_gmt":"2026-02-27T08:26:12","slug":"falk-brandbil-att-aka-pa-med-tuta-fran-1-ar","status":"publish","type":"product","link":"https:\/\/nordicmart.andreevmaster.com\/sv\/produkt\/falk-brandbil-att-aka-pa-med-tuta-fran-1-ar\/","title":{"rendered":"FALK Brandbil att \u00e5ka p\u00e5 med tuta, fr\u00e5n 1 \u00e5r"},"content":{"rendered":"<p>Redo f\u00f6r action? Brandbilen Fireman \u00e4r det perfekta f\u00f6rsta fordonet f\u00f6r alla sm\u00e5 hj\u00e4ltar! Denna unika \u00e5kleksak har utformats med s\u00e4kerhet, lek och utveckling i \u00e5tanke f\u00f6r barn fr\u00e5n 12 m\u00e5nader och upp\u00e5t. Den \u00e4r utrustad med en ergonomisk ratt med tuta, vilket g\u00f6r att ditt barn enkelt kan man\u00f6vrera den och utveckla sin koordination och motorik. Det \u00e4r inte bara roligt \u2013 det \u00e4r riktig tr\u00e4ning! Under det bekv\u00e4ma s\u00e4tet finns ett praktiskt f\u00f6rvaringsfack d\u00e4r din lilla brandman kan transportera sina skatter, leksaker eller r\u00e4ddningsutrustning. En ytterligare attraktion \u00e4r den r\u00f6rliga spaken, som introducerar barnet till v\u00e4rlden av verkliga r\u00e4ddningssimuleringar och stimulerar fantasin och kreativiteten. Personalisering? Absolut! Tack vare registreringsskylten kan f\u00f6r\u00e4ldrar eller barn ge fordonet sitt eget namn \u2013 det \u00e4r ett utm\u00e4rkt tillf\u00e4lle att g\u00f6ra bilen helt unik.<br \/>\nFunktioner:<br \/>\n* &#8211; Fr\u00e5n 12 m\u00e5nader<br \/>\n* &#8211; Maximal belastning 25 kg<br \/>\n* &#8211; Bekv\u00e4mt handtag med tuta<br \/>\n* &#8211; Ergonomiskt s\u00e4te<br \/>\n* &#8211; L\u00e4tt att man\u00f6vrera<br \/>\n* &#8211; F\u00f6rvaringsfack under s\u00e4tet<br \/>\n* &#8211; Enkel montering<br \/>\nLeksaken utvecklar:<br \/>\n* &#8211; Grovmotorik och fysisk kondition<br \/>\n* &#8211; Motorisk koordination och balans<br \/>\n* &#8211; Fantasi och kreativitet<br \/>\n* &#8211; Sj\u00e4lvf\u00f6rtroende<\/p>\n","protected":false},"excerpt":{"rendered":"<p>Redo f\u00f6r action? Brandbilen Fireman \u00e4r det perfekta f\u00f6rsta fordonet f\u00f6r alla sm\u00e5 hj\u00e4ltar! Denna unika \u00e5kleksak har utformats med s\u00e4kerhet, lek och utveckling i \u00e5tanke f\u00f6r barn fr\u00e5n 12 m\u00e5nader och upp\u00e5t. Den \u00e4r utrustad med en ergonomisk ratt med tuta, vilket g\u00f6r att ditt barn enkelt kan man\u00f6vrera den och utveckla sin koordination [&hellip;]<\/p>\n","protected":false},"featured_media":0,"comment_status":"open","ping_status":"closed","template":"","meta":[],"product_brand":[],"product_cat":[33],"product_tag":[],"class_list":{"0":"post-17872","1":"product","2":"type-product","3":"status-publish","5":"product_cat-okategoriserad","7":"first","8":"instock","9":"shipping-taxable","10":"purchasable","11":"product-type-simple"},"_links":{"self":[{"href":"https:\/\/nordicmart.andreevmaster.com\/sv\/wp-json\/wp\/v2\/product\/17872","targetHints":{"allow":["GET"]}}],"collection":[{"href":"https:\/\/nordicmart.andreevmaster.com\/sv\/wp-json\/wp\/v2\/product"}],"about":[{"href":"https:\/\/nordicmart.andreevmaster.com\/sv\/wp-json\/wp\/v2\/types\/product"}],"replies":[{"embeddable":true,"href":"https:\/\/nordicmart.andreevmaster.com\/sv\/wp-json\/wp\/v2\/comments?post=17872"}],"wp:attachment":[{"href":"https:\/\/nordicmart.andreevmaster.com\/sv\/wp-json\/wp\/v2\/media?parent=17872"}],"wp:term":[{"taxonomy":"product_brand","embeddable":true,"href":"https:\/\/nordicmart.andreevmaster.com\/sv\/wp-json\/wp\/v2\/product_brand?post=17872"},{"taxonomy":"product_cat","embeddable":true,"href":"https:\/\/nordicmart.andreevmaster.com\/sv\/wp-json\/wp\/v2\/product_cat?post=17872"},{"taxonomy":"product_tag","embeddable":true,"href":"https:\/\/nordicmart.andreevmaster.com\/sv\/wp-json\/wp\/v2\/product_tag?post=17872"}],"curies":[{"name":"wp","href":"https:\/\/api.w.org\/{rel}","templated":true}]}}