{"id":17871,"date":"2026-02-27T00:37:01","date_gmt":"2026-02-27T00:37:01","guid":{"rendered":"https:\/\/nordicmart.andreevmaster.com\/product\/rollyx-trac-premium-john-deere-pedaltraktor-med-skopa-och-tysta-hjul-3-10-ar-upp-till-50-kg-rolly-toys-gron\/"},"modified":"2026-02-27T08:26:11","modified_gmt":"2026-02-27T08:26:11","slug":"rollyx-trac-premium-john-deere-pedaltraktor-med-skopa-och-tysta-hjul-3-10-ar-upp-till-50-kg-rolly-toys-gron","status":"publish","type":"product","link":"https:\/\/nordicmart.andreevmaster.com\/sv\/produkt\/rollyx-trac-premium-john-deere-pedaltraktor-med-skopa-och-tysta-hjul-3-10-ar-upp-till-50-kg-rolly-toys-gron\/","title":{"rendered":"RollyX-Trac Premium John Deere pedaltraktor med skopa och tysta hjul 3\u201310 \u00e5r upp till 50 kg Rolly Toys \u2013 Gr\u00f6n"},"content":{"rendered":"<p>RollyX-Trac Premium John Deere pedaltraktor \u00e4r en dr\u00f6m som g\u00e5r i uppfyllelse f\u00f6r m\u00e5nga sm\u00e5 traktorf\u00f6rare. Den \u00e4r noggrant tillverkad med omsorg om minsta detalj. Traktorn \u00e4r l\u00e4tt att h\u00e5lla ren, vilket g\u00f6r den idealisk f\u00f6r anv\u00e4ndning b\u00e5de inomhus och utomhus. Tack vare det skjutbara s\u00e4tet v\u00e4xer fordonet med ditt barn. Traktorns design garanterar fullst\u00e4ndig s\u00e4kerhet under lek tack vare ett inbyggt mekaniskt system som skyddar ditt barn fr\u00e5n olycksfall. Motorhuven kan \u00f6ppnas och gr\u00e4vskopan kan tas bort, vilket m\u00f6jligg\u00f6r en m\u00e4ngd olika lekscenarier. Tack vare de tysta hjulen kan ditt barn leka hemma utan att skapa obehagligt buller. Dessutom har traktorn ett justerbart s\u00e4te, s\u00e5 att du kan anpassa det efter ditt barns l\u00e4ngd.FUNKTIONER: &#8211; Leksak f\u00f6r barn fr\u00e5n 3 \u00e5r &#8211; Lyftbar motorhuv &#8211; Gummiband p\u00e5 hjulen &#8211; ser till att traktorn inte genererar mycket buller &#8211; Justerbar sittposition &#8211; leksaken v\u00e4xer med barnet &#8211; R\u00f6rlig, avtagbar skopa fram &#8211; Det mekaniska systemet \u00e4r inbyggt och o\u00e5tkomligt f\u00f6r barnet<\/p>\n","protected":false},"excerpt":{"rendered":"<p>RollyX-Trac Premium John Deere pedaltraktor \u00e4r en dr\u00f6m som g\u00e5r i uppfyllelse f\u00f6r m\u00e5nga sm\u00e5 traktorf\u00f6rare. Den \u00e4r noggrant tillverkad med omsorg om minsta detalj. Traktorn \u00e4r l\u00e4tt att h\u00e5lla ren, vilket g\u00f6r den idealisk f\u00f6r anv\u00e4ndning b\u00e5de inomhus och utomhus. Tack vare det skjutbara s\u00e4tet v\u00e4xer fordonet med ditt barn. Traktorns design garanterar fullst\u00e4ndig [&hellip;]<\/p>\n","protected":false},"featured_media":0,"comment_status":"open","ping_status":"closed","template":"","meta":[],"product_brand":[],"product_cat":[33],"product_tag":[],"class_list":{"0":"post-17871","1":"product","2":"type-product","3":"status-publish","5":"product_cat-okategoriserad","7":"first","8":"instock","9":"shipping-taxable","10":"purchasable","11":"product-type-simple"},"_links":{"self":[{"href":"https:\/\/nordicmart.andreevmaster.com\/sv\/wp-json\/wp\/v2\/product\/17871","targetHints":{"allow":["GET"]}}],"collection":[{"href":"https:\/\/nordicmart.andreevmaster.com\/sv\/wp-json\/wp\/v2\/product"}],"about":[{"href":"https:\/\/nordicmart.andreevmaster.com\/sv\/wp-json\/wp\/v2\/types\/product"}],"replies":[{"embeddable":true,"href":"https:\/\/nordicmart.andreevmaster.com\/sv\/wp-json\/wp\/v2\/comments?post=17871"}],"wp:attachment":[{"href":"https:\/\/nordicmart.andreevmaster.com\/sv\/wp-json\/wp\/v2\/media?parent=17871"}],"wp:term":[{"taxonomy":"product_brand","embeddable":true,"href":"https:\/\/nordicmart.andreevmaster.com\/sv\/wp-json\/wp\/v2\/product_brand?post=17871"},{"taxonomy":"product_cat","embeddable":true,"href":"https:\/\/nordicmart.andreevmaster.com\/sv\/wp-json\/wp\/v2\/product_cat?post=17871"},{"taxonomy":"product_tag","embeddable":true,"href":"https:\/\/nordicmart.andreevmaster.com\/sv\/wp-json\/wp\/v2\/product_tag?post=17871"}],"curies":[{"name":"wp","href":"https:\/\/api.w.org\/{rel}","templated":true}]}}