{"id":17870,"date":"2026-02-27T00:37:00","date_gmt":"2026-02-27T00:37:00","guid":{"rendered":"https:\/\/nordicmart.andreevmaster.com\/product\/little-tikes-stor-sandlada-i-form-av-en-tradstam-med-lock\/"},"modified":"2026-02-27T08:26:11","modified_gmt":"2026-02-27T08:26:11","slug":"little-tikes-stor-sandlada-i-form-av-en-tradstam-med-lock","status":"publish","type":"product","link":"https:\/\/nordicmart.andreevmaster.com\/sv\/produkt\/little-tikes-stor-sandlada-i-form-av-en-tradstam-med-lock\/","title":{"rendered":"Little Tikes Stor sandl\u00e5da i form av en tr\u00e4dstam med lock"},"content":{"rendered":"<p>Den stora sandl\u00e5dan i form av en tr\u00e4dstam med lock f\u00f6r barn fr\u00e5n Little Tikes \u00e4r en sandl\u00e5da som ocks\u00e5 kan anv\u00e4ndas inomhus som en torr bollpool eller som en stor f\u00f6rvaringsl\u00e5da f\u00f6r leksaker. Denna vackra sandl\u00e5da \u00e4r ett utm\u00e4rkt tillskott till din lekplats hemma.<\/p>\n<p>Egenskaper:<\/p>\n<p>* &#8211; den liknar stammen p\u00e5 ett stort tr\u00e4d,<br \/>\n* &#8211; det finns tre sittplatser p\u00e5 kanten f\u00f6r att underl\u00e4tta leken,<br \/>\n* &#8211; djursp\u00e5r och l\u00f6v pr\u00e4glade p\u00e5 botten uppmuntrar till gr\u00e4vande och utforskande,* &#8211; det konvexa locket skyddar stubben fr\u00e5n smuts, underl\u00e4ttar avrinning av regnvatten och g\u00f6r det m\u00f6jligt att f\u00f6rvara leksaker inuti,* &#8211; den rymmer 90 kg sand. Leksaken utvecklar:* &#8211; fantasi,* &#8211; kreativitet,* &#8211; manuell skicklighet hos barn.<\/p>\n<p>Little Tikes erbjuder kreativa l\u00f6sningar och h\u00e5llbarhet som g\u00f6r att barn kan leka i m\u00e5nga \u00e5r. D\u00e4rf\u00f6r \u00e4r en av dess flaggskeppsprodukter Cozy Coupe\u00ae-leksaksbilen, som har glatt barn i \u00f6ver trettio \u00e5r. Sortimentet omfattar \u00e4ven leksaker fr\u00e5n f\u00f6ljande kategorier: lekstugor, hush\u00e5llsartiklar, gungor och lekplatser, gungh\u00e4star och g\u00e5stolar, m\u00f6bler, tr\u00e4dg\u00e5rdsleksaker, barnfordon, rutschkanor och kl\u00e4tterst\u00e4llningar.<\/p>\n","protected":false},"excerpt":{"rendered":"<p>Den stora sandl\u00e5dan i form av en tr\u00e4dstam med lock f\u00f6r barn fr\u00e5n Little Tikes \u00e4r en sandl\u00e5da som ocks\u00e5 kan anv\u00e4ndas inomhus som en torr bollpool eller som en stor f\u00f6rvaringsl\u00e5da f\u00f6r leksaker. Denna vackra sandl\u00e5da \u00e4r ett utm\u00e4rkt tillskott till din lekplats hemma. Egenskaper: * &#8211; den liknar stammen p\u00e5 ett stort tr\u00e4d, [&hellip;]<\/p>\n","protected":false},"featured_media":0,"comment_status":"open","ping_status":"closed","template":"","meta":[],"product_brand":[],"product_cat":[33],"product_tag":[],"class_list":{"0":"post-17870","1":"product","2":"type-product","3":"status-publish","5":"product_cat-okategoriserad","7":"first","8":"instock","9":"shipping-taxable","10":"purchasable","11":"product-type-simple"},"_links":{"self":[{"href":"https:\/\/nordicmart.andreevmaster.com\/sv\/wp-json\/wp\/v2\/product\/17870","targetHints":{"allow":["GET"]}}],"collection":[{"href":"https:\/\/nordicmart.andreevmaster.com\/sv\/wp-json\/wp\/v2\/product"}],"about":[{"href":"https:\/\/nordicmart.andreevmaster.com\/sv\/wp-json\/wp\/v2\/types\/product"}],"replies":[{"embeddable":true,"href":"https:\/\/nordicmart.andreevmaster.com\/sv\/wp-json\/wp\/v2\/comments?post=17870"}],"wp:attachment":[{"href":"https:\/\/nordicmart.andreevmaster.com\/sv\/wp-json\/wp\/v2\/media?parent=17870"}],"wp:term":[{"taxonomy":"product_brand","embeddable":true,"href":"https:\/\/nordicmart.andreevmaster.com\/sv\/wp-json\/wp\/v2\/product_brand?post=17870"},{"taxonomy":"product_cat","embeddable":true,"href":"https:\/\/nordicmart.andreevmaster.com\/sv\/wp-json\/wp\/v2\/product_cat?post=17870"},{"taxonomy":"product_tag","embeddable":true,"href":"https:\/\/nordicmart.andreevmaster.com\/sv\/wp-json\/wp\/v2\/product_tag?post=17870"}],"curies":[{"name":"wp","href":"https:\/\/api.w.org\/{rel}","templated":true}]}}