{"id":17869,"date":"2026-02-27T00:37:00","date_gmt":"2026-02-27T00:37:00","guid":{"rendered":"https:\/\/nordicmart.andreevmaster.com\/product\/little-tikes-turtle-sandbox-toy-container-with-lid-2\/"},"modified":"2026-02-27T08:26:11","modified_gmt":"2026-02-27T08:26:11","slug":"little-tikes-turtle-sandbox-toy-container-with-lid-2","status":"publish","type":"product","link":"https:\/\/nordicmart.andreevmaster.com\/sv\/produkt\/little-tikes-turtle-sandbox-toy-container-with-lid-2\/","title":{"rendered":"LITTLE TIKES Turtle Sandbox Toy Container with Lid"},"content":{"rendered":"<p>Sandl\u00e5da med lock i form av en sk\u00f6ldpadda, designad av den v\u00e4lk\u00e4nda leksakstillverkaren Little Tikes. Bygga slott, g\u00f6ra sandkakor eller till och med h\u00e4lla sand fr\u00e5n en plats till en annan \u2013 sm\u00e5 barn blir aldrig uttr\u00e5kade i sandl\u00e5dan. Sandl\u00e5dan i form av en sk\u00f6ldpadda \u00e4r det perfekta tillskottet till din lekplats hemma.<\/p>\n<p>Egenskaper:<\/p>\n<p>* &#8211; ta bort locket (sk\u00f6ldpaddsskalet) n\u00e4r du leker i sanden; efter lektiden skyddar det sanden fr\u00e5n djur och nederb\u00f6rd<br \/>\n* &#8211; tv\u00e5 sittplatser i form av sk\u00f6ldpaddsben ger komfort n\u00e4r du bygger sandslott,<br \/>\n* &#8211; denna s\u00e4kra leksak kan anv\u00e4ndas som en 2-i-1 sandl\u00e5da eller pool p\u00e5 varma dagar,* &#8211; sandl\u00e5dan \u00e4r tillverkad av slitstark och f\u00e4rgbest\u00e4ndig plast,<br \/>\n* &#8211; sandl\u00e5dan har inga vassa kanter, vilket garanterar s\u00e4ker och bekv\u00e4m lek f\u00f6r ditt barn,<br \/>\n* &#8211; rymmer upp till 70 kg sand (sand ing\u00e5r ej),<br \/>\n* &#8211; den kan ocks\u00e5 anv\u00e4ndas f\u00f6r inomhuslek som en torr bollpool eller som en stor leksaksf\u00f6rvaringsbeh\u00e5llare.<\/p>\n<p>Little Tikes erbjuder kreativa l\u00f6sningar och h\u00e5llbarhet som g\u00f6r att barn kan leka i m\u00e5nga \u00e5r. Det \u00e4r d\u00e4rf\u00f6r en av dess flaggskeppsprodukter \u00e4r Cozy Coupe\u00ae-leksaksbilen, som har glatt barn i \u00f6ver trettio \u00e5r. Det inkluderar \u00e4ven leksaker fr\u00e5n f\u00f6ljande kategorier: lekstugor, hush\u00e5llsartiklar, gungor och lekplatser, gungh\u00e4star och g\u00e5stolar, m\u00f6bler, tr\u00e4dg\u00e5rdsleksaker, barnfordon, rutschkanor och kl\u00e4tterst\u00e4llningar.<\/p>\n","protected":false},"excerpt":{"rendered":"<p>Sandl\u00e5da med lock i form av en sk\u00f6ldpadda, designad av den v\u00e4lk\u00e4nda leksakstillverkaren Little Tikes. Bygga slott, g\u00f6ra sandkakor eller till och med h\u00e4lla sand fr\u00e5n en plats till en annan \u2013 sm\u00e5 barn blir aldrig uttr\u00e5kade i sandl\u00e5dan. Sandl\u00e5dan i form av en sk\u00f6ldpadda \u00e4r det perfekta tillskottet till din lekplats hemma. Egenskaper: * [&hellip;]<\/p>\n","protected":false},"featured_media":0,"comment_status":"open","ping_status":"closed","template":"","meta":[],"product_brand":[],"product_cat":[33],"product_tag":[],"class_list":{"0":"post-17869","1":"product","2":"type-product","3":"status-publish","5":"product_cat-okategoriserad","7":"first","8":"instock","9":"shipping-taxable","10":"purchasable","11":"product-type-simple"},"_links":{"self":[{"href":"https:\/\/nordicmart.andreevmaster.com\/sv\/wp-json\/wp\/v2\/product\/17869","targetHints":{"allow":["GET"]}}],"collection":[{"href":"https:\/\/nordicmart.andreevmaster.com\/sv\/wp-json\/wp\/v2\/product"}],"about":[{"href":"https:\/\/nordicmart.andreevmaster.com\/sv\/wp-json\/wp\/v2\/types\/product"}],"replies":[{"embeddable":true,"href":"https:\/\/nordicmart.andreevmaster.com\/sv\/wp-json\/wp\/v2\/comments?post=17869"}],"wp:attachment":[{"href":"https:\/\/nordicmart.andreevmaster.com\/sv\/wp-json\/wp\/v2\/media?parent=17869"}],"wp:term":[{"taxonomy":"product_brand","embeddable":true,"href":"https:\/\/nordicmart.andreevmaster.com\/sv\/wp-json\/wp\/v2\/product_brand?post=17869"},{"taxonomy":"product_cat","embeddable":true,"href":"https:\/\/nordicmart.andreevmaster.com\/sv\/wp-json\/wp\/v2\/product_cat?post=17869"},{"taxonomy":"product_tag","embeddable":true,"href":"https:\/\/nordicmart.andreevmaster.com\/sv\/wp-json\/wp\/v2\/product_tag?post=17869"}],"curies":[{"name":"wp","href":"https:\/\/api.w.org\/{rel}","templated":true}]}}