{"id":17868,"date":"2026-02-27T00:37:00","date_gmt":"2026-02-27T00:37:00","guid":{"rendered":"https:\/\/nordicmart.andreevmaster.com\/product\/little-tikes-cozy-truck-ride-on-pickup-truck-2\/"},"modified":"2026-02-27T08:26:11","modified_gmt":"2026-02-27T08:26:11","slug":"little-tikes-cozy-truck-ride-on-pickup-truck-2","status":"publish","type":"product","link":"https:\/\/nordicmart.andreevmaster.com\/sv\/produkt\/little-tikes-cozy-truck-ride-on-pickup-truck-2\/","title":{"rendered":"Little Tikes Cozy Truck Ride-On Pickup Truck"},"content":{"rendered":"<p>Little Tikes svart och gul Cozy Truck Pickup<\/p>\n<p>Den perfekta presenten f\u00f6r alla tillf\u00e4llen f\u00f6r en liten f\u00f6rare. Perfekt f\u00f6r sm\u00e5barn och f\u00f6rskolebarn! Fronten p\u00e5 bilen har ett glatt leende ansikte. Fordonet har ett h\u00f6gt ryggst\u00f6d och en d\u00f6rr som \u00f6ppnas p\u00e5 ena sidan, vilket g\u00f6r det l\u00e4ttare att kliva in. F\u00f6rvaringsutrymmet bak med en nedf\u00e4llbar baklucka g\u00f6r att du kan ta med dig dina favoritleksaker! Precis som i en riktig pickup. Dessutom g\u00f6r det avtagbara golvet att du kan transportera yngre barn, och handtaget p\u00e5 baksidan av fordonet g\u00f6r det l\u00e4ttare att k\u00f6ra! Kontrollpanelen har ett ratt med en tuta som avger ett distinkt ljud. Perfekt f\u00f6r b\u00e5de inomhus- och utomhusbruk! Fordonet \u00e4r modellerat efter Cozy Coupe-serien, som k\u00e4nnetecknas av h\u00e5llbarhet och h\u00f6gkvalitativ plast. Det kommer att tj\u00e4na ditt barn under l\u00e5ng tid! Leksak f\u00f6r barn fr\u00e5n 18 m\u00e5nader.<\/p>\n","protected":false},"excerpt":{"rendered":"<p>Little Tikes svart och gul Cozy Truck Pickup Den perfekta presenten f\u00f6r alla tillf\u00e4llen f\u00f6r en liten f\u00f6rare. Perfekt f\u00f6r sm\u00e5barn och f\u00f6rskolebarn! Fronten p\u00e5 bilen har ett glatt leende ansikte. Fordonet har ett h\u00f6gt ryggst\u00f6d och en d\u00f6rr som \u00f6ppnas p\u00e5 ena sidan, vilket g\u00f6r det l\u00e4ttare att kliva in. F\u00f6rvaringsutrymmet bak med en [&hellip;]<\/p>\n","protected":false},"featured_media":0,"comment_status":"open","ping_status":"closed","template":"","meta":[],"product_brand":[],"product_cat":[33],"product_tag":[],"class_list":{"0":"post-17868","1":"product","2":"type-product","3":"status-publish","5":"product_cat-okategoriserad","7":"first","8":"instock","9":"shipping-taxable","10":"purchasable","11":"product-type-simple"},"_links":{"self":[{"href":"https:\/\/nordicmart.andreevmaster.com\/sv\/wp-json\/wp\/v2\/product\/17868","targetHints":{"allow":["GET"]}}],"collection":[{"href":"https:\/\/nordicmart.andreevmaster.com\/sv\/wp-json\/wp\/v2\/product"}],"about":[{"href":"https:\/\/nordicmart.andreevmaster.com\/sv\/wp-json\/wp\/v2\/types\/product"}],"replies":[{"embeddable":true,"href":"https:\/\/nordicmart.andreevmaster.com\/sv\/wp-json\/wp\/v2\/comments?post=17868"}],"wp:attachment":[{"href":"https:\/\/nordicmart.andreevmaster.com\/sv\/wp-json\/wp\/v2\/media?parent=17868"}],"wp:term":[{"taxonomy":"product_brand","embeddable":true,"href":"https:\/\/nordicmart.andreevmaster.com\/sv\/wp-json\/wp\/v2\/product_brand?post=17868"},{"taxonomy":"product_cat","embeddable":true,"href":"https:\/\/nordicmart.andreevmaster.com\/sv\/wp-json\/wp\/v2\/product_cat?post=17868"},{"taxonomy":"product_tag","embeddable":true,"href":"https:\/\/nordicmart.andreevmaster.com\/sv\/wp-json\/wp\/v2\/product_tag?post=17868"}],"curies":[{"name":"wp","href":"https:\/\/api.w.org\/{rel}","templated":true}]}}