{"id":17867,"date":"2026-02-27T00:37:00","date_gmt":"2026-02-27T00:37:00","guid":{"rendered":"https:\/\/nordicmart.andreevmaster.com\/product\/big-dino-rocker-gungstol-vandbar-gunga\/"},"modified":"2026-02-27T08:26:11","modified_gmt":"2026-02-27T08:26:11","slug":"big-dino-rocker-gungstol-vandbar-gunga","status":"publish","type":"product","link":"https:\/\/nordicmart.andreevmaster.com\/sv\/produkt\/big-dino-rocker-gungstol-vandbar-gunga\/","title":{"rendered":"BIG Dino Rocker Gungstol V\u00e4ndbar gunga"},"content":{"rendered":"<p>Sammy Dino Rocker-gungan \u00e4r avsedd f\u00f6r barn fr\u00e5n 1 \u00e5r. De ergonomiska s\u00e4tena garanterar komfort \u00e4ven under l\u00e4ngre gungningar. Det mellersta s\u00e4tet g\u00f6r att ett barn kan leka ensamt, medan de tre s\u00e4tena g\u00f6r att syskon eller v\u00e4nner kan leka tillsammans.<br \/>\nEgenskaper:<br \/>\n* V\u00e4ndbar design \u2013 perfekt f\u00f6r b\u00e5de gungning och gungning som en gungh\u00e4st<br \/>\n* UV-filter \u2013 den vackra gr\u00f6na f\u00e4rgen bleknar inte ens efter flera \u00e5rs anv\u00e4ndning utomhus<br \/>\n* Slitstarkt material \u2013 skadebest\u00e4ndigt, s\u00e4kert och giftfritt<br \/>\n* 3 s\u00e4ten \u2013 gungan v\u00e4xer med ditt barn och \u00e4r perfekt f\u00f6r att leka tillsammans<br \/>\n* Rundade kanter \u2013 s\u00e4kerhet \u00e4ven f\u00f6r de yngsta anv\u00e4ndarna<br \/>\n* Stabila handtag \u2013 ditt barn kan h\u00e5lla sig fast s\u00e4kert medan det leker<br \/>\n* Maximal belastning 50 kg<\/p>\n<p>Sammy Dino Rocker \u00e4r l\u00e4tt och enkel att b\u00e4ra \u2013 du kan st\u00e4lla upp den i tr\u00e4dg\u00e5rden, p\u00e5 terrassen eller i barnkammaren. Perfekt f\u00f6r b\u00e5de inomhus- och utomhusbruk.<\/p>\n","protected":false},"excerpt":{"rendered":"<p>Sammy Dino Rocker-gungan \u00e4r avsedd f\u00f6r barn fr\u00e5n 1 \u00e5r. De ergonomiska s\u00e4tena garanterar komfort \u00e4ven under l\u00e4ngre gungningar. Det mellersta s\u00e4tet g\u00f6r att ett barn kan leka ensamt, medan de tre s\u00e4tena g\u00f6r att syskon eller v\u00e4nner kan leka tillsammans. Egenskaper: * V\u00e4ndbar design \u2013 perfekt f\u00f6r b\u00e5de gungning och gungning som en gungh\u00e4st [&hellip;]<\/p>\n","protected":false},"featured_media":0,"comment_status":"open","ping_status":"closed","template":"","meta":[],"product_brand":[],"product_cat":[33],"product_tag":[],"class_list":{"0":"post-17867","1":"product","2":"type-product","3":"status-publish","5":"product_cat-okategoriserad","7":"first","8":"instock","9":"shipping-taxable","10":"purchasable","11":"product-type-simple"},"_links":{"self":[{"href":"https:\/\/nordicmart.andreevmaster.com\/sv\/wp-json\/wp\/v2\/product\/17867","targetHints":{"allow":["GET"]}}],"collection":[{"href":"https:\/\/nordicmart.andreevmaster.com\/sv\/wp-json\/wp\/v2\/product"}],"about":[{"href":"https:\/\/nordicmart.andreevmaster.com\/sv\/wp-json\/wp\/v2\/types\/product"}],"replies":[{"embeddable":true,"href":"https:\/\/nordicmart.andreevmaster.com\/sv\/wp-json\/wp\/v2\/comments?post=17867"}],"wp:attachment":[{"href":"https:\/\/nordicmart.andreevmaster.com\/sv\/wp-json\/wp\/v2\/media?parent=17867"}],"wp:term":[{"taxonomy":"product_brand","embeddable":true,"href":"https:\/\/nordicmart.andreevmaster.com\/sv\/wp-json\/wp\/v2\/product_brand?post=17867"},{"taxonomy":"product_cat","embeddable":true,"href":"https:\/\/nordicmart.andreevmaster.com\/sv\/wp-json\/wp\/v2\/product_cat?post=17867"},{"taxonomy":"product_tag","embeddable":true,"href":"https:\/\/nordicmart.andreevmaster.com\/sv\/wp-json\/wp\/v2\/product_tag?post=17867"}],"curies":[{"name":"wp","href":"https:\/\/api.w.org\/{rel}","templated":true}]}}