{"id":17866,"date":"2026-02-27T00:36:59","date_gmt":"2026-02-27T00:36:59","guid":{"rendered":"https:\/\/nordicmart.andreevmaster.com\/product\/big-vattensprinkler-shell-shower-vattenlek-for-barn-2\/"},"modified":"2026-02-27T08:26:10","modified_gmt":"2026-02-27T08:26:10","slug":"big-vattensprinkler-shell-shower-vattenlek-for-barn-2","status":"publish","type":"product","link":"https:\/\/nordicmart.andreevmaster.com\/sv\/produkt\/big-vattensprinkler-shell-shower-vattenlek-for-barn-2\/","title":{"rendered":"BIG Vattensprinkler Shell Shower Vattenlek f\u00f6r barn 2+"},"content":{"rendered":"<p>Vattenspridaren Shell fr\u00e5n det tyska f\u00f6retaget BIG \u00e4r ett uppfriskande vattenleksak f\u00f6r barn fr\u00e5n 2 \u00e5r. BIG Splash Shower kan b\u00e4ras av ett barn tack vare sin l\u00e5ga vikt. Den inbyggda tryckventilen hj\u00e4lper till att spara vatten under anv\u00e4ndning. Endast n\u00e4r man trampar p\u00e5 det halkfria fotsteget sprutar vattnet upp\u00e5t, trycket avtar och vattenfl\u00f6det stannar automatiskt n\u00e4r man kliver av skalet. Produkten \u00e4r tillverkad av h\u00e5llbar och milj\u00f6v\u00e4nlig plast. Tack vare den standardiserade slanganslutningen \u00e4r splash duschen snabb och enkel att installera. <\/p>\n<p>Egenskaper: <\/p>\n<p>* &#8211; f\u00f6r barn fr\u00e5n 2 \u00e5r,<br \/>\n* &#8211; perfekt f\u00f6r sommarens utomhuslek,<br \/>\n* &#8211; passar de flesta tr\u00e4dg\u00e5rdskranar,* &#8211; tillverkad av h\u00f6gkvalitativa material,<br \/>\n* &#8211; l\u00e4tt och enkel att b\u00e4ra,<br \/>\n* &#8211; skalet har ett halkskydd,<br \/>\n* &#8211; vattnet st\u00e4nker bara n\u00e4r du kliver p\u00e5 skalet.<\/p>\n","protected":false},"excerpt":{"rendered":"<p>Vattenspridaren Shell fr\u00e5n det tyska f\u00f6retaget BIG \u00e4r ett uppfriskande vattenleksak f\u00f6r barn fr\u00e5n 2 \u00e5r. BIG Splash Shower kan b\u00e4ras av ett barn tack vare sin l\u00e5ga vikt. Den inbyggda tryckventilen hj\u00e4lper till att spara vatten under anv\u00e4ndning. Endast n\u00e4r man trampar p\u00e5 det halkfria fotsteget sprutar vattnet upp\u00e5t, trycket avtar och vattenfl\u00f6det stannar [&hellip;]<\/p>\n","protected":false},"featured_media":0,"comment_status":"open","ping_status":"closed","template":"","meta":[],"product_brand":[],"product_cat":[33],"product_tag":[],"class_list":{"0":"post-17866","1":"product","2":"type-product","3":"status-publish","5":"product_cat-okategoriserad","7":"first","8":"instock","9":"shipping-taxable","10":"purchasable","11":"product-type-simple"},"_links":{"self":[{"href":"https:\/\/nordicmart.andreevmaster.com\/sv\/wp-json\/wp\/v2\/product\/17866","targetHints":{"allow":["GET"]}}],"collection":[{"href":"https:\/\/nordicmart.andreevmaster.com\/sv\/wp-json\/wp\/v2\/product"}],"about":[{"href":"https:\/\/nordicmart.andreevmaster.com\/sv\/wp-json\/wp\/v2\/types\/product"}],"replies":[{"embeddable":true,"href":"https:\/\/nordicmart.andreevmaster.com\/sv\/wp-json\/wp\/v2\/comments?post=17866"}],"wp:attachment":[{"href":"https:\/\/nordicmart.andreevmaster.com\/sv\/wp-json\/wp\/v2\/media?parent=17866"}],"wp:term":[{"taxonomy":"product_brand","embeddable":true,"href":"https:\/\/nordicmart.andreevmaster.com\/sv\/wp-json\/wp\/v2\/product_brand?post=17866"},{"taxonomy":"product_cat","embeddable":true,"href":"https:\/\/nordicmart.andreevmaster.com\/sv\/wp-json\/wp\/v2\/product_cat?post=17866"},{"taxonomy":"product_tag","embeddable":true,"href":"https:\/\/nordicmart.andreevmaster.com\/sv\/wp-json\/wp\/v2\/product_tag?post=17866"}],"curies":[{"name":"wp","href":"https:\/\/api.w.org\/{rel}","templated":true}]}}