{"id":17865,"date":"2026-02-27T00:36:59","date_gmt":"2026-02-27T00:36:59","guid":{"rendered":"https:\/\/nordicmart.andreevmaster.com\/product\/big-bobby-car-akleksak-med-ryggstod-och-sakerhetsfunktion\/"},"modified":"2026-02-27T08:26:10","modified_gmt":"2026-02-27T08:26:10","slug":"big-bobby-car-akleksak-med-ryggstod-och-sakerhetsfunktion","status":"publish","type":"product","link":"https:\/\/nordicmart.andreevmaster.com\/sv\/produkt\/big-bobby-car-akleksak-med-ryggstod-och-sakerhetsfunktion\/","title":{"rendered":"BIG Bobby Car \u00e5kleksak med ryggst\u00f6d och s\u00e4kerhetsfunktion"},"content":{"rendered":"<p>En fantastisk bar med ryggst\u00f6d och s\u00e4kerhetsfunktion f\u00f6r Bobby Car-leksaker fr\u00e5n den v\u00e4lk\u00e4nda leksakstillverkaren BIG. Den \u00e4r ett perfekt och praktiskt tillbeh\u00f6r till ditt barns leksak. Den \u00e4r snabb och enkel att montera och ta bort. <\/p>\n<p>Egenskaper: <\/p>\n<p>* Justerbar l\u00e4ngd fr\u00e5n 88 till 108 cm. Snabb och enkel att montera och ta bort.* Perfekt f\u00f6r promenader f\u00f6r att st\u00f6dja ditt barns tr\u00f6tta ben.<br \/>\n* Det bekv\u00e4ma ryggst\u00f6det g\u00f6r att \u00e4ven de yngsta barnen som l\u00e4r sig att balansera kan anv\u00e4nda \u00e5kleksakerna.<br \/>\n* S\u00e4kerhetsfunktionen skyddar ditt barn fr\u00e5n att ramla av eller falla under \u00e5kning.<br \/>\n* Hela produkten \u00e4r tillverkad av h\u00f6gkvalitativa material som \u00e4r s\u00e4kra f\u00f6r barn och l\u00e4tta att h\u00e5lla rena.<\/p>\n","protected":false},"excerpt":{"rendered":"<p>En fantastisk bar med ryggst\u00f6d och s\u00e4kerhetsfunktion f\u00f6r Bobby Car-leksaker fr\u00e5n den v\u00e4lk\u00e4nda leksakstillverkaren BIG. Den \u00e4r ett perfekt och praktiskt tillbeh\u00f6r till ditt barns leksak. Den \u00e4r snabb och enkel att montera och ta bort. Egenskaper: * Justerbar l\u00e4ngd fr\u00e5n 88 till 108 cm. Snabb och enkel att montera och ta bort.* Perfekt f\u00f6r [&hellip;]<\/p>\n","protected":false},"featured_media":0,"comment_status":"open","ping_status":"closed","template":"","meta":[],"product_brand":[],"product_cat":[33],"product_tag":[],"class_list":{"0":"post-17865","1":"product","2":"type-product","3":"status-publish","5":"product_cat-okategoriserad","7":"first","8":"instock","9":"shipping-taxable","10":"purchasable","11":"product-type-simple"},"_links":{"self":[{"href":"https:\/\/nordicmart.andreevmaster.com\/sv\/wp-json\/wp\/v2\/product\/17865","targetHints":{"allow":["GET"]}}],"collection":[{"href":"https:\/\/nordicmart.andreevmaster.com\/sv\/wp-json\/wp\/v2\/product"}],"about":[{"href":"https:\/\/nordicmart.andreevmaster.com\/sv\/wp-json\/wp\/v2\/types\/product"}],"replies":[{"embeddable":true,"href":"https:\/\/nordicmart.andreevmaster.com\/sv\/wp-json\/wp\/v2\/comments?post=17865"}],"wp:attachment":[{"href":"https:\/\/nordicmart.andreevmaster.com\/sv\/wp-json\/wp\/v2\/media?parent=17865"}],"wp:term":[{"taxonomy":"product_brand","embeddable":true,"href":"https:\/\/nordicmart.andreevmaster.com\/sv\/wp-json\/wp\/v2\/product_brand?post=17865"},{"taxonomy":"product_cat","embeddable":true,"href":"https:\/\/nordicmart.andreevmaster.com\/sv\/wp-json\/wp\/v2\/product_cat?post=17865"},{"taxonomy":"product_tag","embeddable":true,"href":"https:\/\/nordicmart.andreevmaster.com\/sv\/wp-json\/wp\/v2\/product_tag?post=17865"}],"curies":[{"name":"wp","href":"https:\/\/api.w.org\/{rel}","templated":true}]}}