{"id":17864,"date":"2026-02-27T00:36:59","date_gmt":"2026-02-27T00:36:59","guid":{"rendered":"https:\/\/nordicmart.andreevmaster.com\/product\/big-bobby-quad-racing-akleksak-svart\/"},"modified":"2026-02-27T08:26:10","modified_gmt":"2026-02-27T08:26:10","slug":"big-bobby-quad-racing-akleksak-svart","status":"publish","type":"product","link":"https:\/\/nordicmart.andreevmaster.com\/sv\/produkt\/big-bobby-quad-racing-akleksak-svart\/","title":{"rendered":"BIG Bobby Quad Racing \u00e5kleksak, svart"},"content":{"rendered":"<p>Bobby Quad Racing \u00e5kleksak fr\u00e5n det v\u00e4lk\u00e4nda f\u00f6retaget BIG \u00e4r ett fordon som liknar en riktig fyrhjuling. Den \u00e4r stabil och s\u00e4ker \u2013 idealisk f\u00f6r barn som just har b\u00f6rjat sitt \u00e4ventyr med fordon. Den \u00e4r utformad s\u00e5 att barn kan prova och utveckla nya f\u00e4rdigheter \u2013 att kliva p\u00e5, kliva av, skjuta ifr\u00e5n och styra. Den \u00e4r den perfekta presenten f\u00f6r barn fr\u00e5n 3 \u00e5r.<br \/>\nEgenskaper:<br \/>\n* &#8211; \u00e5kleksaken \u00e4r utrustad med tysta hjul som fungerar perfekt p\u00e5 olika underlag,<br \/>\n* &#8211; dessutom \u00e4r framhjulen sv\u00e4ngbara f\u00f6r bekv\u00e4mare styrning och sv\u00e4ngning,<br \/>\n* &#8211; den har speciella tysta plasthjul, en dragmekanism fram, en sl\u00e4pvagnskrok och en tuta,* &#8211; den h\u00e5llbara konstruktionen av leksaken garanterar l\u00e5ng livsl\u00e4ngd,<br \/>\n* &#8211; utvecklar barnets motoriska f\u00e4rdigheter,<br \/>\n* &#8211; avsedd f\u00f6r barn fr\u00e5n 3 \u00e5r.<\/p>\n","protected":false},"excerpt":{"rendered":"<p>Bobby Quad Racing \u00e5kleksak fr\u00e5n det v\u00e4lk\u00e4nda f\u00f6retaget BIG \u00e4r ett fordon som liknar en riktig fyrhjuling. Den \u00e4r stabil och s\u00e4ker \u2013 idealisk f\u00f6r barn som just har b\u00f6rjat sitt \u00e4ventyr med fordon. Den \u00e4r utformad s\u00e5 att barn kan prova och utveckla nya f\u00e4rdigheter \u2013 att kliva p\u00e5, kliva av, skjuta ifr\u00e5n och [&hellip;]<\/p>\n","protected":false},"featured_media":0,"comment_status":"open","ping_status":"closed","template":"","meta":[],"product_brand":[],"product_cat":[33],"product_tag":[],"class_list":{"0":"post-17864","1":"product","2":"type-product","3":"status-publish","5":"product_cat-okategoriserad","7":"first","8":"instock","9":"shipping-taxable","10":"purchasable","11":"product-type-simple"},"_links":{"self":[{"href":"https:\/\/nordicmart.andreevmaster.com\/sv\/wp-json\/wp\/v2\/product\/17864","targetHints":{"allow":["GET"]}}],"collection":[{"href":"https:\/\/nordicmart.andreevmaster.com\/sv\/wp-json\/wp\/v2\/product"}],"about":[{"href":"https:\/\/nordicmart.andreevmaster.com\/sv\/wp-json\/wp\/v2\/types\/product"}],"replies":[{"embeddable":true,"href":"https:\/\/nordicmart.andreevmaster.com\/sv\/wp-json\/wp\/v2\/comments?post=17864"}],"wp:attachment":[{"href":"https:\/\/nordicmart.andreevmaster.com\/sv\/wp-json\/wp\/v2\/media?parent=17864"}],"wp:term":[{"taxonomy":"product_brand","embeddable":true,"href":"https:\/\/nordicmart.andreevmaster.com\/sv\/wp-json\/wp\/v2\/product_brand?post=17864"},{"taxonomy":"product_cat","embeddable":true,"href":"https:\/\/nordicmart.andreevmaster.com\/sv\/wp-json\/wp\/v2\/product_cat?post=17864"},{"taxonomy":"product_tag","embeddable":true,"href":"https:\/\/nordicmart.andreevmaster.com\/sv\/wp-json\/wp\/v2\/product_tag?post=17864"}],"curies":[{"name":"wp","href":"https:\/\/api.w.org\/{rel}","templated":true}]}}