{"id":17863,"date":"2026-02-27T00:36:58","date_gmt":"2026-02-27T00:36:58","guid":{"rendered":"https:\/\/nordicmart.andreevmaster.com\/product\/big-rosa-bobby-car-neo-rosa-push-toy-for-barn\/"},"modified":"2026-02-27T08:26:10","modified_gmt":"2026-02-27T08:26:10","slug":"big-rosa-bobby-car-neo-rosa-push-toy-for-barn","status":"publish","type":"product","link":"https:\/\/nordicmart.andreevmaster.com\/sv\/produkt\/big-rosa-bobby-car-neo-rosa-push-toy-for-barn\/","title":{"rendered":"BIG Rosa Bobby Car Neo Rosa Push Toy f\u00f6r barn"},"content":{"rendered":"<p>BIG:s flaggskeppsprodukt \u2013 den ergonomiska, robusta och imponerande Big Bobby Car-leksaken. Leksaken \u00e4r utformad f\u00f6r sm\u00e5barn som redan har tagit sina f\u00f6rsta steg. Den \u00e4r konstruerad s\u00e5 att de kan prova och utveckla nya f\u00e4rdigheter \u2013 att kliva p\u00e5, kliva av, skjuta ifr\u00e5n och styra.<br \/>\nEgenskaper:<br \/>\n* styrbara, tysta hjul,<br \/>\n* v\u00e4lformad, s\u00e4ker ratt med tuta,<br \/>\n* l\u00e5g tyngdpunkt,<br \/>\n* dragkrok fram,<br \/>\n* sl\u00e4pvagnskrok bak, mer benutrymme och kn\u00e4st\u00f6d f\u00f6r \u00e4ldre barn j\u00e4mf\u00f6rt med Classic-versionen,<br \/>\n* dessutom \u00e4r framhjulen sv\u00e4ngbara f\u00f6r bekv\u00e4mare styrning och sv\u00e4ngning.<\/p>\n","protected":false},"excerpt":{"rendered":"<p>BIG:s flaggskeppsprodukt \u2013 den ergonomiska, robusta och imponerande Big Bobby Car-leksaken. Leksaken \u00e4r utformad f\u00f6r sm\u00e5barn som redan har tagit sina f\u00f6rsta steg. Den \u00e4r konstruerad s\u00e5 att de kan prova och utveckla nya f\u00e4rdigheter \u2013 att kliva p\u00e5, kliva av, skjuta ifr\u00e5n och styra. Egenskaper: * styrbara, tysta hjul, * v\u00e4lformad, s\u00e4ker ratt med [&hellip;]<\/p>\n","protected":false},"featured_media":0,"comment_status":"open","ping_status":"closed","template":"","meta":[],"product_brand":[],"product_cat":[33],"product_tag":[],"class_list":{"0":"post-17863","1":"product","2":"type-product","3":"status-publish","5":"product_cat-okategoriserad","7":"first","8":"instock","9":"shipping-taxable","10":"purchasable","11":"product-type-simple"},"_links":{"self":[{"href":"https:\/\/nordicmart.andreevmaster.com\/sv\/wp-json\/wp\/v2\/product\/17863","targetHints":{"allow":["GET"]}}],"collection":[{"href":"https:\/\/nordicmart.andreevmaster.com\/sv\/wp-json\/wp\/v2\/product"}],"about":[{"href":"https:\/\/nordicmart.andreevmaster.com\/sv\/wp-json\/wp\/v2\/types\/product"}],"replies":[{"embeddable":true,"href":"https:\/\/nordicmart.andreevmaster.com\/sv\/wp-json\/wp\/v2\/comments?post=17863"}],"wp:attachment":[{"href":"https:\/\/nordicmart.andreevmaster.com\/sv\/wp-json\/wp\/v2\/media?parent=17863"}],"wp:term":[{"taxonomy":"product_brand","embeddable":true,"href":"https:\/\/nordicmart.andreevmaster.com\/sv\/wp-json\/wp\/v2\/product_brand?post=17863"},{"taxonomy":"product_cat","embeddable":true,"href":"https:\/\/nordicmart.andreevmaster.com\/sv\/wp-json\/wp\/v2\/product_cat?post=17863"},{"taxonomy":"product_tag","embeddable":true,"href":"https:\/\/nordicmart.andreevmaster.com\/sv\/wp-json\/wp\/v2\/product_tag?post=17863"}],"curies":[{"name":"wp","href":"https:\/\/api.w.org\/{rel}","templated":true}]}}